{"id":9630,"date":"2022-06-04T16:13:53","date_gmt":"2022-06-04T16:13:53","guid":{"rendered":"https:\/\/thermal-lube.com\/?page_id=9630"},"modified":"2022-07-16T16:14:49","modified_gmt":"2022-07-16T16:14:49","slug":"xl0863","status":"publish","type":"page","link":"https:\/\/thermal-lube.com\/fr\/produits-lubrifiants\/huiles-basse-temperature\/xl0863\/","title":{"rendered":"XL0863"},"content":{"rendered":"<div class=\"wpb-content-wrapper\"><p>[vc_row content_placement=\u00a0\u00bbmiddle\u00a0\u00bb css=\u00a0\u00bb.vc_custom_1631721216384{margin-top: 50px !important;}\u00a0\u00bb][vc_column width=\u00a0\u00bb1\/2&Prime;][vc_single_image image=\u00a0\u00bb6282&Prime; img_size=\u00a0\u00bbmedium\u00a0\u00bb alignment=\u00a0\u00bbcenter\u00a0\u00bb css=\u00a0\u00bb.vc_custom_1646420504758{margin-bottom: 18px !important;}\u00a0\u00bb title=\u00a0\u00bbXL0863&Prime;]<div id=\"nitro_custom_css_1193781264\" class=\"sc-button  tc\"><a href=\"https:\/\/thermal-lube.com\/wp-content\/uploads\/DataSheets\/XL0863tfw.pdf\" title=\"\" target=\"_blank\"><span>T\u00e9lecharger la Fiche Technique<\/span><\/a><\/div>[\/vc_column][vc_column width=\u00a0\u00bb1\/2&Prime;][vc_column_text css=\u00a0\u00bb.vc_custom_1654528953959{margin-bottom: 18px !important;}\u00a0\u00bb]<\/p>\n<h1 style=\"font-size: 28px; line-height: 32px; text-align: center;\">HUILE INODOR\u00c9 POUR LES SYST\u00c8MES DE CIRCULATION<\/h1>\n<p>[\/vc_column_text][vc_column_text]<\/p>\n<h4>La s\u00e9rie d\u2019huile XL0863 a \u00e9t\u00e9 con\u00e7ue sp\u00e9cifiquement pour l\u2019\u00e9change de chaleur o\u00f9 les syst\u00e8mes de circulation op\u00e9rant dans une gamme de temp\u00e9rature maximale de 320\u00b0C dans les r\u00e9servoirs ferm\u00e9s, ou jusqu\u2019\u00e0 210\u00b0C dans les r\u00e9servoirs ouverts.<\/h4>\n<p>[\/vc_column_text][\/vc_column][\/vc_row][vc_row][vc_column][vc_empty_space height=\u00a0\u00bb50px\u00a0\u00bb][\/vc_column][\/vc_row][vc_row][vc_column][\/vc_column][\/vc_row][vc_row full_width=\u00a0\u00bbstretch_row\u00a0\u00bb css=\u00a0\u00bb.vc_custom_1631725310905{background-color: #0e469b !important;}\u00a0\u00bb][vc_column width=\u00a0\u00bb1\/6&Prime;][\/vc_column][vc_column width=\u00a0\u00bb2\/3&Prime;][vc_empty_space][vc_column_text]<a id=\"request-quote\"><\/a>[\/vc_column_text][vc_column_text css=\u00a0\u00bb.vc_custom_1657988083806{margin-bottom: 12px !important;}\u00a0\u00bb]<\/p>\n<h3 style=\"font-size: 26px; line-height: 30px; text-align: center; color: #f1f1f1;\">Demande de Devis<\/h3>\n<p>[\/vc_column_text][vc_column_text]<\/p>\n<h3 style=\"font-size: 19px; line-height: 22px; text-align: center; color: #f1f1f1;\">Veuillez remplir le formulaire ci-dessous et nous vous r\u00e9pondrons dans les plus brefs d\u00e9lais<\/h3>\n<p>[\/vc_column_text]\n<div class=\"wpcf7 no-js\" id=\"wpcf7-f4530-o1\" lang=\"en-US\" dir=\"ltr\" data-wpcf7-id=\"4530\">\n<div class=\"screen-reader-response\"><p role=\"status\" aria-live=\"polite\" aria-atomic=\"true\"><\/p> <ul><\/ul><\/div>\n<form action=\"\/fr\/wp-json\/wp\/v2\/pages\/9630#wpcf7-f4530-o1\" method=\"post\" class=\"wpcf7-form init\" aria-label=\"Contact form\" novalidate=\"novalidate\" data-status=\"init\">\n<fieldset class=\"hidden-fields-container\"><input type=\"hidden\" name=\"_wpcf7\" value=\"4530\" \/><input type=\"hidden\" name=\"_wpcf7_version\" value=\"6.1.5\" \/><input type=\"hidden\" name=\"_wpcf7_locale\" value=\"en_US\" \/><input type=\"hidden\" name=\"_wpcf7_unit_tag\" value=\"wpcf7-f4530-o1\" \/><input type=\"hidden\" name=\"_wpcf7_container_post\" value=\"0\" \/><input type=\"hidden\" name=\"_wpcf7_posted_data_hash\" value=\"\" \/><input type=\"hidden\" name=\"_wpcf7_recaptcha_response\" value=\"\" \/>\n<\/fieldset>\n<p>[vc_row][vc_column width=\"1\/2\"]<div class=\" vc_custom_1637951792630\"><span class=\"wpcf7-form-control-wrap\" data-name=\"text-154\"><input size=\"40\" maxlength=\"400\" class=\"wpcf7-form-control wpcf7-text wpcf7-validates-as-required\" aria-required=\"true\" aria-invalid=\"false\" placeholder=\"Pr\u00e9nom\" value=\"\" type=\"text\" name=\"text-154\" \/><\/span><\/div>[\/vc_column][vc_column width=\"1\/2\"]<div class=\" vc_custom_1637951803459\"><span class=\"wpcf7-form-control-wrap\" data-name=\"text-33\"><input size=\"40\" maxlength=\"400\" class=\"wpcf7-form-control wpcf7-text wpcf7-validates-as-required\" aria-required=\"true\" aria-invalid=\"false\" placeholder=\"Nom\" value=\"\" type=\"text\" name=\"text-33\" \/><\/span><\/div>[\/vc_column][\/vc_row][vc_row][vc_column width=\"1\/2\"]<div class=\" vc_custom_1637951811981\"><span class=\"wpcf7-form-control-wrap\" data-name=\"text-628\"><input size=\"40\" maxlength=\"400\" class=\"wpcf7-form-control wpcf7-text wpcf7-validates-as-required\" aria-required=\"true\" aria-invalid=\"false\" placeholder=\"Entreprise\" value=\"\" type=\"text\" name=\"text-628\" \/><\/span><\/div>[\/vc_column][vc_column width=\"1\/2\"]<div class=\" vc_custom_1637951870850\"><span class=\"wpcf7-form-control-wrap\" data-name=\"text-545\"><input size=\"40\" maxlength=\"400\" class=\"wpcf7-form-control wpcf7-text wpcf7-validates-as-required\" aria-required=\"true\" aria-invalid=\"false\" placeholder=\"Pays\" value=\"\" type=\"text\" name=\"text-545\" \/><\/span><\/div>[\/vc_column][\/vc_row][vc_row][vc_column width=\"1\/2\"]<div class=\" vc_custom_1657744184841\"><span class=\"wpcf7-form-control-wrap\" data-name=\"email-233\"><input size=\"40\" maxlength=\"400\" class=\"wpcf7-form-control wpcf7-email wpcf7-validates-as-required wpcf7-text wpcf7-validates-as-email\" aria-required=\"true\" aria-invalid=\"false\" placeholder=\"Votre Courriel\" value=\"\" type=\"email\" name=\"email-233\" \/><\/span><\/div>[\/vc_column][vc_column width=\"1\/2\"]<div class=\" vc_custom_1637951896593\"><span class=\"wpcf7-form-control-wrap\" data-name=\"text-142\"><input size=\"40\" maxlength=\"400\" class=\"wpcf7-form-control wpcf7-text wpcf7-validates-as-required\" aria-required=\"true\" aria-invalid=\"false\" placeholder=\"T\u00e9l\u00e9phone\" value=\"\" type=\"text\" name=\"text-142\" \/><\/span><\/div>[\/vc_column][\/vc_row][vc_row][vc_column]<div class=\" vc_custom_1657745852977\"><span class=\"wpcf7-form-control-wrap\" data-name=\"textarea-408\"><textarea cols=\"40\" rows=\"3\" maxlength=\"2000\" class=\"wpcf7-form-control wpcf7-textarea\" aria-invalid=\"false\" placeholder=\"Comment pouvons-nous vous aider?\" name=\"textarea-408\"><\/textarea><\/span><\/div>[\/vc_column][\/vc_row][vc_row][vc_column]<div class=\" vc_custom_1637951990436\"><input class=\"wpcf7-form-control wpcf7-submit has-spinner\" type=\"submit\" value=\"Soumettre\" \/><\/div>[\/vc_column][\/vc_row][vc_row][vc_column][vc_column_text]<span style=\"color: #f1f1f1;\">Thermal-Lube Inc. peut garder votre adresse e-mail et les informations de contact sur le dossier. Votre vie priv\u00e9e est importante pour nous et nous vos coordonn\u00e9es ne seront pas vendre ou distribuer. De temps en temps, Thermal-Lube peut vous envoyer du mat\u00e9riel de marketing. Vous avez toujours la possibilit\u00e9 de se d\u00e9sabonner.<\/span>[\/vc_column_text][\/vc_column][\/vc_row]\n<\/p><div class=\"wpcf7-response-output\" aria-hidden=\"true\"><\/div>\n<\/form>\n<\/div>\n<style>.vc_custom_1637951792630{margin-bottom: 5px !important;}.vc_custom_1637951803459{margin-bottom: 5px !important;}.vc_custom_1637951811981{margin-bottom: 5px !important;}.vc_custom_1637951870850{margin-bottom: 5px !important;}.vc_custom_1657744184841{margin-bottom: 5px !important;}.vc_custom_1637951896593{margin-bottom: 5px !important;}.vc_custom_1657745852977{margin-bottom: 5px !important;padding-bottom: 0px !important;}.vc_custom_1637951990436{margin-bottom: 5px !important;}<\/style>[\/vc_column][vc_column width=\u00a0\u00bb1\/6&Prime;][\/vc_column][\/vc_row]<\/p>\n<\/div>","protected":false},"excerpt":{"rendered":"<p>[vc_row content_placement=\u00a0\u00bbmiddle\u00a0\u00bb css=\u00a0\u00bb.vc_custom_1631721216384{margin-top: 50px !important;}\u00a0\u00bb][vc_column width=\u00a0\u00bb1\/2&Prime;][vc_single_image image=\u00a0\u00bb6282&Prime; img_size=\u00a0\u00bbmedium\u00a0\u00bb alignment=\u00a0\u00bbcenter\u00a0\u00bb css=\u00a0\u00bb.vc_custom_1646420504758{margin-bottom: 18px !important;}\u00a0\u00bb title=\u00a0\u00bbXL0863&Prime;][\/vc_column][vc_column width=\u00a0\u00bb1\/2&Prime;][vc_column_text css=\u00a0\u00bb.vc_custom_1654528953959{margin-bottom: 18px !important;}\u00a0\u00bb] HUILE INODOR\u00c9 POUR LES SYST\u00c8MES DE CIRCULATION [\/vc_column_text][vc_column_text] La s\u00e9rie d\u2019huile XL0863 a \u00e9t\u00e9 con\u00e7ue sp\u00e9cifiquement pour l\u2019\u00e9change de chaleur o\u00f9 les syst\u00e8mes de circulation op\u00e9rant dans une gamme de temp\u00e9rature maximale de 320\u00b0C dans les r\u00e9servoirs ferm\u00e9s, [&hellip;]<\/p>\n","protected":false},"author":2,"featured_media":0,"parent":9049,"menu_order":0,"comment_status":"closed","ping_status":"closed","template":"","meta":{"om_disable_all_campaigns":false,"_uf_show_specific_survey":0,"_uf_disable_surveys":false,"footnotes":""},"class_list":["post-9630","page","type-page","status-publish","hentry"],"aioseo_notices":[],"_links":{"self":[{"href":"https:\/\/thermal-lube.com\/fr\/wp-json\/wp\/v2\/pages\/9630","targetHints":{"allow":["GET"]}}],"collection":[{"href":"https:\/\/thermal-lube.com\/fr\/wp-json\/wp\/v2\/pages"}],"about":[{"href":"https:\/\/thermal-lube.com\/fr\/wp-json\/wp\/v2\/types\/page"}],"author":[{"embeddable":true,"href":"https:\/\/thermal-lube.com\/fr\/wp-json\/wp\/v2\/users\/2"}],"replies":[{"embeddable":true,"href":"https:\/\/thermal-lube.com\/fr\/wp-json\/wp\/v2\/comments?post=9630"}],"version-history":[{"count":5,"href":"https:\/\/thermal-lube.com\/fr\/wp-json\/wp\/v2\/pages\/9630\/revisions"}],"predecessor-version":[{"id":11439,"href":"https:\/\/thermal-lube.com\/fr\/wp-json\/wp\/v2\/pages\/9630\/revisions\/11439"}],"up":[{"embeddable":true,"href":"https:\/\/thermal-lube.com\/fr\/wp-json\/wp\/v2\/pages\/9049"}],"wp:attachment":[{"href":"https:\/\/thermal-lube.com\/fr\/wp-json\/wp\/v2\/media?parent=9630"}],"curies":[{"name":"wp","href":"https:\/\/api.w.org\/{rel}","templated":true}]}}