{"id":9165,"date":"2022-06-01T12:07:43","date_gmt":"2022-06-01T12:07:43","guid":{"rendered":"https:\/\/thermal-lube.com\/?page_id=9165"},"modified":"2022-09-21T17:53:25","modified_gmt":"2022-09-21T17:53:25","slug":"services-dapplications","status":"publish","type":"page","link":"https:\/\/thermal-lube.com\/fr\/services-dapplications\/","title":{"rendered":"Services d&rsquo;applications"},"content":{"rendered":"<div class=\"wpb-content-wrapper\"><p>[vc_row full_width=\u00a0\u00bbstretch_row\u00a0\u00bb background_position=\u00a0\u00bbcenter center\u00a0\u00bb css=\u00a0\u00bb.vc_custom_1647527994763{background-image: url(https:\/\/thermal-lube.com\/wp-content\/uploads\/2022\/02\/Lab-3.jpg?id=5614) !important;background-position: center !important;background-repeat: no-repeat !important;background-size: cover !important;}\u00a0\u00bb][vc_column width=\u00a0\u00bb2\/3&Prime;][vc_empty_space height=\u00a0\u00bb60px\u00a0\u00bb][vc_row_inner css=\u00a0\u00bb.vc_custom_1632324426350{padding-left: 4px !important;}\u00a0\u00bb][vc_column_inner css=\u00a0\u00bb.vc_custom_1632324624169{border-left-width: 8px !important;background-color: #ffffff !important;border-left-color: #0e469b !important;border-left-style: solid !important;}\u00a0\u00bb][vc_column_text]<\/p>\n<h1 style=\"font-size: 50px; line-height: 50px; color: #333333;\"><strong>Services d&rsquo;applications<\/strong><\/h1>\n<p>[\/vc_column_text][vc_column_text]<\/p>\n<h5 style=\"font-size: 24px; line-height: 26px;\">Thermal-Lube offre une vari\u00e9t\u00e9 de services pour vous aider \u00e0 fonctionner de mani\u00e8re efficace et productive tout en respectant les r\u00e9glementations en vigueur.<\/h5>\n<h5 style=\"font-size: 24px; line-height: 26px;\">Cliquez sur l&rsquo;une des cat\u00e9gories ci-dessous pour en savoir plus.<\/h5>\n<p>[\/vc_column_text][vc_empty_space][\/vc_column_inner][\/vc_row_inner][vc_empty_space height=\u00a0\u00bb60px\u00a0\u00bb][\/vc_column][vc_column width=\u00a0\u00bb1\/3&Prime;][\/vc_column][\/vc_row][vc_row][vc_column][vc_empty_space height=\u00a0\u00bb60px\u00a0\u00bb][\/vc_column][\/vc_row][vc_row][vc_column width=\u00a0\u00bb1\/3&Prime;]<div id=\"nitro_custom_css_2089971238\" class=\"image-banner tc text style-3\"><div class=\"pr oh cs-12 cxs-12\"><a href=\"\/fr\/services-dapplications\/formules-personnalisees\/\" class=\"dt oh pr cxs-12 cs-12\"><img decoding=\"async\" class=\"front ts-04 cxs-12 cs-12\" src=\"https:\/\/thermal-lube.com\/wp-content\/uploads\/2022\/02\/Wire-Rope-639.jpg\" width=\"960\"  height=\"639\" alt=\"Front Image\" \/><\/a><div class=\"content\"><div class=\"inner-content\"><h2>Formules personnalis\u00e9es<\/h2><p><\/p><\/div><\/div><\/div><\/div>[vc_empty_space height=\u00a0\u00bb30px\u00a0\u00bb][\/vc_column][vc_column width=\u00a0\u00bb1\/3&Prime;]<div id=\"nitro_custom_css_2049489594\" class=\"image-banner tc text style-3\"><div class=\"pr oh cs-12 cxs-12\"><a href=\"\/fr\/services-dapplications\/analyse-dhuile\/\" class=\"dt oh pr cxs-12 cs-12\"><img decoding=\"async\" class=\"front ts-04 cxs-12 cs-12\" src=\"https:\/\/thermal-lube.com\/wp-content\/uploads\/2022\/03\/spec-3-640.jpg\" width=\"960\"  height=\"640\" alt=\"Front Image\" \/><\/a><div class=\"content\"><div class=\"inner-content\"><h2>Analyse d'huile gratuite<\/h2><p><\/p><\/div><\/div><\/div><\/div>[vc_empty_space height=\u00a0\u00bb30px\u00a0\u00bb][\/vc_column][vc_column width=\u00a0\u00bb1\/3&Prime;]<div id=\"nitro_custom_css_606346452\" class=\"image-banner tc text style-3\"><div class=\"pr oh cs-12 cxs-12\"><a href=\"\/fr\/services-dapplications\/re-additize\/\" class=\"dt oh pr cxs-12 cs-12\"><img decoding=\"async\" class=\"front ts-04 cxs-12 cs-12\" src=\"https:\/\/thermal-lube.com\/wp-content\/uploads\/2021\/09\/non-synthetic-feature.jpg\" width=\"960\"  height=\"640\" alt=\"Front Image\" \/><\/a><div class=\"content\"><div class=\"inner-content\"><h2>Rajout des fluides<\/h2><p><\/p><\/div><\/div><\/div><\/div>[vc_empty_space height=\u00a0\u00bb30px\u00a0\u00bb][\/vc_column][\/vc_row][vc_row][vc_column width=\u00a0\u00bb1\/3&Prime;]<div id=\"nitro_custom_css_1228900314\" class=\"image-banner tc text style-3\"><div class=\"pr oh cs-12 cxs-12\"><a href=\"\/fr\/services-dapplications\/certification-de-conversion-de-fluide-biodegradable\/\" class=\"dt oh pr cxs-12 cs-12\"><img decoding=\"async\" class=\"front ts-04 cxs-12 cs-12\" src=\"https:\/\/thermal-lube.com\/wp-content\/uploads\/2022\/03\/Ethanol-Fuel-640.jpg\" width=\"960\"  height=\"640\" alt=\"Front Image\" \/><\/a><div class=\"content\"><div class=\"inner-content\"><h2>Certification de conversion de fluide biod\u00e9gradable<\/h2><p><\/p><\/div><\/div><\/div><\/div>[vc_empty_space height=\u00a0\u00bb30px\u00a0\u00bb][\/vc_column][vc_column width=\u00a0\u00bb1\/3&Prime;][vc_empty_space height=\u00a0\u00bb30px\u00a0\u00bb][\/vc_column][vc_column width=\u00a0\u00bb1\/3&Prime;][vc_empty_space height=\u00a0\u00bb30px\u00a0\u00bb][\/vc_column][\/vc_row][vc_row][vc_column][vc_empty_space height=\u00a0\u00bb60px\u00a0\u00bb][\/vc_column][\/vc_row]<\/p>\n<\/div>","protected":false},"excerpt":{"rendered":"<p>[vc_row full_width=\u00a0\u00bbstretch_row\u00a0\u00bb background_position=\u00a0\u00bbcenter center\u00a0\u00bb css=\u00a0\u00bb.vc_custom_1647527994763{background-image: url(https:\/\/thermal-lube.com\/wp-content\/uploads\/2022\/02\/Lab-3.jpg?id=5614) !important;background-position: center !important;background-repeat: no-repeat !important;background-size: cover !important;}\u00a0\u00bb][vc_column width=\u00a0\u00bb2\/3&Prime;][vc_empty_space height=\u00a0\u00bb60px\u00a0\u00bb][vc_row_inner css=\u00a0\u00bb.vc_custom_1632324426350{padding-left: 4px !important;}\u00a0\u00bb][vc_column_inner css=\u00a0\u00bb.vc_custom_1632324624169{border-left-width: 8px !important;background-color: #ffffff !important;border-left-color: #0e469b !important;border-left-style: solid !important;}\u00a0\u00bb][vc_column_text] Services d&rsquo;applications [\/vc_column_text][vc_column_text] Thermal-Lube offre une vari\u00e9t\u00e9 de services pour vous aider \u00e0 fonctionner de mani\u00e8re efficace et productive tout en respectant les r\u00e9glementations en vigueur. Cliquez sur [&hellip;]<\/p>\n","protected":false},"author":1,"featured_media":0,"parent":0,"menu_order":0,"comment_status":"closed","ping_status":"closed","template":"","meta":{"om_disable_all_campaigns":false,"_uf_show_specific_survey":0,"_uf_disable_surveys":false,"footnotes":""},"class_list":["post-9165","page","type-page","status-publish","hentry"],"aioseo_notices":[],"_links":{"self":[{"href":"https:\/\/thermal-lube.com\/fr\/wp-json\/wp\/v2\/pages\/9165","targetHints":{"allow":["GET"]}}],"collection":[{"href":"https:\/\/thermal-lube.com\/fr\/wp-json\/wp\/v2\/pages"}],"about":[{"href":"https:\/\/thermal-lube.com\/fr\/wp-json\/wp\/v2\/types\/page"}],"author":[{"embeddable":true,"href":"https:\/\/thermal-lube.com\/fr\/wp-json\/wp\/v2\/users\/1"}],"replies":[{"embeddable":true,"href":"https:\/\/thermal-lube.com\/fr\/wp-json\/wp\/v2\/comments?post=9165"}],"version-history":[{"count":5,"href":"https:\/\/thermal-lube.com\/fr\/wp-json\/wp\/v2\/pages\/9165\/revisions"}],"predecessor-version":[{"id":12143,"href":"https:\/\/thermal-lube.com\/fr\/wp-json\/wp\/v2\/pages\/9165\/revisions\/12143"}],"wp:attachment":[{"href":"https:\/\/thermal-lube.com\/fr\/wp-json\/wp\/v2\/media?parent=9165"}],"curies":[{"name":"wp","href":"https:\/\/api.w.org\/{rel}","templated":true}]}}