{"id":9137,"date":"2022-06-01T03:45:48","date_gmt":"2022-06-01T03:45:48","guid":{"rendered":"https:\/\/thermal-lube.com\/?page_id=9137"},"modified":"2023-01-18T15:03:08","modified_gmt":"2023-01-18T20:03:08","slug":"lubrificateurs-automatiques","status":"publish","type":"page","link":"https:\/\/thermal-lube.com\/fr\/produits-specialises\/lubrificateurs-automatiques\/","title":{"rendered":"Lubrificateurs automatiques"},"content":{"rendered":"<div class=\"wpb-content-wrapper\"><p>[vc_row full_width=\u00a0\u00bbstretch_row\u00a0\u00bb background_position=\u00a0\u00bbcenter center\u00a0\u00bb css=\u00a0\u00bb.vc_custom_1647293543168{background-image: url(https:\/\/thermal-lube.com\/wp-content\/uploads\/2022\/02\/grease-640.jpg?id=6149) !important;background-position: center !important;background-repeat: no-repeat !important;background-size: cover !important;}\u00a0\u00bb][vc_column width=\u00a0\u00bb2\/3&Prime;][vc_empty_space height=\u00a0\u00bb60px\u00a0\u00bb][vc_row_inner css=\u00a0\u00bb.vc_custom_1632324426350{padding-left: 4px !important;}\u00a0\u00bb][vc_column_inner css=\u00a0\u00bb.vc_custom_1632324624169{border-left-width: 8px !important;background-color: #ffffff !important;border-left-color: #0e469b !important;border-left-style: solid !important;}\u00a0\u00bb][vc_column_text]<\/p>\n<h1 style=\"font-size: 50px; line-height: 50px; color: #333333;\"><strong>Lubrificateurs automatiques<\/strong><\/h1>\n<p>[\/vc_column_text][vc_column_text]<\/p>\n<p style=\"font-size: 24px; line-height: 22px;\">Les graisseurs automatiques sont utilis\u00e9s dans des zones difficiles d&rsquo;acc\u00e8s. Ils contiennent chacun un puissant moteur \u00e9conome en \u00e9nergie contr\u00f4l\u00e9 par microprocesseur qui fournit de l&rsquo;huile ou de la graisse \u00e0 une pompe \u00e0 cylindr\u00e9e fixe, produisant des pressions sup\u00e9rieures \u00e0 1000 psi.<\/p>\n<p style=\"font-size: 24px; line-height: 22px;\">Une seule unit\u00e9 peut agir comme un mini syst\u00e8me de graissage centralis\u00e9 alimentant jusqu&rsquo;\u00e0 12 points diff\u00e9rents. Ils incluent une LED visuelle pour s&rsquo;assurer que le produit fonctionne.<\/p>\n<p>[\/vc_column_text][vc_empty_space][\/vc_column_inner][\/vc_row_inner][vc_empty_space height=\u00a0\u00bb60px\u00a0\u00bb][\/vc_column][vc_column width=\u00a0\u00bb1\/3&Prime;][\/vc_column][\/vc_row][vc_row][vc_column][vc_empty_space height=\u00a0\u00bb60px\u00a0\u00bb][\/vc_column][\/vc_row][vc_row][vc_column][vc_column_text]<\/p>\n<p style=\"text-align: left;\"><span style=\"font-size: 16px; color: rgba(14,70,155,0.75);\"><strong>Le nom complet des produit sera visible en mettant le curseur sur l\u2019image du produit<\/strong><\/span><\/p>\n<p>[\/vc_column_text][\/vc_column][\/vc_row][vc_row][vc_column width=\u00a0\u00bb1\/3&Prime;]<div id=\"nitro_custom_css_49269094\" class=\"image-banner tc text style-13\"><div class=\"pr oh cs-12 cxs-12\"><a href=\"\/fr\/produits-specialises\/xl9995\/\" class=\"dt oh pr cxs-12 cs-12\"><img decoding=\"async\" class=\"front ts-04 cxs-12 cs-12\" src=\"https:\/\/thermal-lube.com\/wp-content\/uploads\/2022\/02\/grease-640.jpg\" width=\"960\"  height=\"640\" alt=\"Front Image\" \/><\/a><div class=\"content\"><div class=\"inner-content\"><h2>XL9995<\/h2><p>LUBRIFICATEUR AUTOMATIQUE JUMBO 500CC<\/p><\/div><\/div><\/div><\/div>[\/vc_column][vc_column width=\u00a0\u00bb1\/3&Prime;]<div id=\"nitro_custom_css_1280833653\" class=\"image-banner tc text style-13\"><div class=\"pr oh cs-12 cxs-12\"><a href=\"\/fr\/produits-specialises\/xl9996\/\" class=\"dt oh pr cxs-12 cs-12\"><img decoding=\"async\" class=\"front ts-04 cxs-12 cs-12\" src=\"https:\/\/thermal-lube.com\/wp-content\/uploads\/2022\/02\/grease-640.jpg\" width=\"960\"  height=\"640\" alt=\"Front Image\" \/><\/a><div class=\"content\"><div class=\"inner-content\"><h2>XL9996<\/h2><p>LUBRIFICATEUR AUTOMATIQUE ULTIME 250CC<\/p><\/div><\/div><\/div><\/div>[\/vc_column][vc_column width=\u00a0\u00bb1\/3&Prime;]<div id=\"nitro_custom_css_1992901568\" class=\"image-banner tc text style-13\"><div class=\"pr oh cs-12 cxs-12\"><a href=\"\/fr\/produits-specialises\/xl9995\/\" class=\"dt oh pr cxs-12 cs-12\"><img decoding=\"async\" class=\"front ts-04 cxs-12 cs-12\" src=\"https:\/\/thermal-lube.com\/wp-content\/uploads\/2022\/02\/grease-640.jpg\" width=\"960\"  height=\"640\" alt=\"Front Image\" \/><\/a><div class=\"content\"><div class=\"inner-content\"><h2>XL9999<\/h2><p>LUBRIFICATEUR AUTOMATIQUE 250CC<\/p><\/div><\/div><\/div><\/div>[\/vc_column][\/vc_row][vc_row][vc_column][vc_empty_space height=\u00a0\u00bb60px\u00a0\u00bb][\/vc_column][\/vc_row]<\/p>\n<\/div>","protected":false},"excerpt":{"rendered":"<p>[vc_row full_width=\u00a0\u00bbstretch_row\u00a0\u00bb background_position=\u00a0\u00bbcenter center\u00a0\u00bb css=\u00a0\u00bb.vc_custom_1647293543168{background-image: url(https:\/\/thermal-lube.com\/wp-content\/uploads\/2022\/02\/grease-640.jpg?id=6149) !important;background-position: center !important;background-repeat: no-repeat !important;background-size: cover !important;}\u00a0\u00bb][vc_column width=\u00a0\u00bb2\/3&Prime;][vc_empty_space height=\u00a0\u00bb60px\u00a0\u00bb][vc_row_inner css=\u00a0\u00bb.vc_custom_1632324426350{padding-left: 4px !important;}\u00a0\u00bb][vc_column_inner css=\u00a0\u00bb.vc_custom_1632324624169{border-left-width: 8px !important;background-color: #ffffff !important;border-left-color: #0e469b !important;border-left-style: solid !important;}\u00a0\u00bb][vc_column_text] Lubrificateurs automatiques [\/vc_column_text][vc_column_text] Les graisseurs automatiques sont utilis\u00e9s dans des zones difficiles d&rsquo;acc\u00e8s. Ils contiennent chacun un puissant moteur \u00e9conome en \u00e9nergie contr\u00f4l\u00e9 par microprocesseur qui fournit de [&hellip;]<\/p>\n","protected":false},"author":1,"featured_media":0,"parent":9121,"menu_order":0,"comment_status":"closed","ping_status":"closed","template":"","meta":{"om_disable_all_campaigns":false,"_uf_show_specific_survey":0,"_uf_disable_surveys":false,"footnotes":""},"class_list":["post-9137","page","type-page","status-publish","hentry"],"aioseo_notices":[],"_links":{"self":[{"href":"https:\/\/thermal-lube.com\/fr\/wp-json\/wp\/v2\/pages\/9137","targetHints":{"allow":["GET"]}}],"collection":[{"href":"https:\/\/thermal-lube.com\/fr\/wp-json\/wp\/v2\/pages"}],"about":[{"href":"https:\/\/thermal-lube.com\/fr\/wp-json\/wp\/v2\/types\/page"}],"author":[{"embeddable":true,"href":"https:\/\/thermal-lube.com\/fr\/wp-json\/wp\/v2\/users\/1"}],"replies":[{"embeddable":true,"href":"https:\/\/thermal-lube.com\/fr\/wp-json\/wp\/v2\/comments?post=9137"}],"version-history":[{"count":10,"href":"https:\/\/thermal-lube.com\/fr\/wp-json\/wp\/v2\/pages\/9137\/revisions"}],"predecessor-version":[{"id":12946,"href":"https:\/\/thermal-lube.com\/fr\/wp-json\/wp\/v2\/pages\/9137\/revisions\/12946"}],"up":[{"embeddable":true,"href":"https:\/\/thermal-lube.com\/fr\/wp-json\/wp\/v2\/pages\/9121"}],"wp:attachment":[{"href":"https:\/\/thermal-lube.com\/fr\/wp-json\/wp\/v2\/media?parent=9137"}],"curies":[{"name":"wp","href":"https:\/\/api.w.org\/{rel}","templated":true}]}}