{"id":9121,"date":"2022-03-13T18:37:30","date_gmt":"2022-03-13T18:37:30","guid":{"rendered":"https:\/\/thermal-lube.com\/specialty-products\/"},"modified":"2023-12-09T09:45:28","modified_gmt":"2023-12-09T14:45:28","slug":"produits-specialises","status":"publish","type":"page","link":"https:\/\/thermal-lube.com\/fr\/produits-specialises\/","title":{"rendered":"Produits sp\u00e9cialis\u00e9s"},"content":{"rendered":"<div class=\"wpb-content-wrapper\"><p>[vc_row full_width=\u00a0\u00bbstretch_row\u00a0\u00bb background_position=\u00a0\u00bbcenter center\u00a0\u00bb css=\u00a0\u00bb.vc_custom_1647374515984{background-image: url(https:\/\/thermal-lube.com\/wp-content\/uploads\/2022\/03\/Site-Store-Matrix-540.jpg?id=7122) !important;background-position: center !important;background-repeat: no-repeat !important;background-size: cover !important;}\u00a0\u00bb][vc_column width=\u00a0\u00bb2\/3&Prime;][vc_empty_space height=\u00a0\u00bb60px\u00a0\u00bb][vc_row_inner css=\u00a0\u00bb.vc_custom_1632324426350{padding-left: 4px !important;}\u00a0\u00bb][vc_column_inner css=\u00a0\u00bb.vc_custom_1632324624169{border-left-width: 8px !important;background-color: #ffffff !important;border-left-color: #0e469b !important;border-left-style: solid !important;}\u00a0\u00bb][vc_column_text]<\/p>\n<h1 style=\"font-size: 50px; line-height: 50px; color: #333333;\"><span style=\"font-size: 50px;\">Produits sp\u00e9cialis\u00e9s\u00a0<\/span><\/h1>\n<p>[\/vc_column_text][vc_column_text]<\/p>\n<h5 style=\"font-size: 24px; line-height: 26px;\">Thermal-Lube fabrique des produits sp\u00e9cialis\u00e9s qui peuvent \u00eatre utilis\u00e9s dans diverses industries en dehors de l&rsquo;industrie g\u00e9n\u00e9rale des lubrifiants. Ces produits trouveront une utilisation dans les industries agricoles, les industries h\u00f4teli\u00e8res, les soins de sant\u00e9, les services alimentaires, l&rsquo;automatisation, etc.<\/h5>\n<h5 style=\"font-size: 24px; line-height: 26px;\">L&rsquo;analyse de l&rsquo;impact \u00e9cologique du cycle de vie complet de chaque composant individuel a \u00e9t\u00e9 abord\u00e9e et appliqu\u00e9e \u00e0 l&rsquo;effet global que chaque produit formul\u00e9 de cette s\u00e9rie aura sur l&rsquo;environnement.<\/h5>\n<h5 style=\"font-size: 24px; line-height: 26px;\">Cliquez sur l&rsquo;une des cat\u00e9gories ci-dessous pour en savoir plus.<\/h5>\n<p>[\/vc_column_text][\/vc_column_inner][\/vc_row_inner][vc_empty_space height=\u00a0\u00bb60px\u00a0\u00bb][\/vc_column][vc_column width=\u00a0\u00bb1\/3&Prime;][\/vc_column][\/vc_row][vc_row][vc_column][vc_empty_space height=\u00a0\u00bb60px\u00a0\u00bb][\/vc_column][\/vc_row][vc_row][vc_column width=\u00a0\u00bb1\/3&Prime;]<div id=\"nitro_custom_css_1665417619\" class=\"image-banner tc text style-3\"><div class=\"pr oh cs-12 cxs-12\"><a href=\"\/fr\/gel-antiseptique-pour-les-mains\/xl6440\/\" class=\"dt oh pr cxs-12 cs-12\"><img decoding=\"async\" class=\"front ts-04 cxs-12 cs-12\" src=\"https:\/\/thermal-lube.com\/wp-content\/uploads\/2022\/03\/Handzitizer-640.jpg\" width=\"960\"  height=\"640\" alt=\"Front Image\" \/><\/a><div class=\"content\"><div class=\"inner-content\"><h2>GEL ANTISEPTIQUE POUR LES MAINS<\/h2><p><\/p><\/div><\/div><\/div><\/div>[vc_empty_space height=\u00a0\u00bb30px\u00a0\u00bb][\/vc_column][vc_column width=\u00a0\u00bb1\/3&Prime;]<div id=\"nitro_custom_css_1790880236\" class=\"image-banner tc text style-3\"><div class=\"pr oh cs-12 cxs-12\"><a href=\"\/fr\/produits-specialises\/desinfectants\/\" class=\"dt oh pr cxs-12 cs-12\"><img decoding=\"async\" class=\"front ts-04 cxs-12 cs-12\" src=\"https:\/\/thermal-lube.com\/wp-content\/uploads\/2022\/03\/Microbes-1-640.jpg\" width=\"960\"  height=\"640\" alt=\"Front Image\" \/><\/a><div class=\"content\"><div class=\"inner-content\"><h2>D\u00c9SINFECTANTS<\/h2><p><\/p><\/div><\/div><\/div><\/div>[vc_empty_space height=\u00a0\u00bb30px\u00a0\u00bb][\/vc_column][vc_column width=\u00a0\u00bb1\/3&Prime;]<div id=\"nitro_custom_css_2146428516\" class=\"image-banner tc text style-3\"><div class=\"pr oh cs-12 cxs-12\"><a href=\"\/fr\/produits-specialises\/adjuvants-agricoles\/\" class=\"dt oh pr cxs-12 cs-12\"><img decoding=\"async\" class=\"front ts-04 cxs-12 cs-12\" src=\"https:\/\/thermal-lube.com\/wp-content\/uploads\/2022\/02\/Banana-640.jpg\" width=\"960\"  height=\"640\" alt=\"Front Image\" \/><\/a><div class=\"content\"><div class=\"inner-content\"><h2>ADJUVANTS AGRICOLES<\/h2><p><\/p><\/div><\/div><\/div><\/div>[vc_empty_space height=\u00a0\u00bb30px\u00a0\u00bb][\/vc_column][\/vc_row][vc_row][vc_column width=\u00a0\u00bb1\/3&Prime;]<div id=\"nitro_custom_css_1538151940\" class=\"image-banner tc text style-3\"><div class=\"pr oh cs-12 cxs-12\"><a href=\"\/fr\/produits-specialises\/abat-poussiere\/\" class=\"dt oh pr cxs-12 cs-12\"><img decoding=\"async\" class=\"front ts-04 cxs-12 cs-12\" src=\"https:\/\/thermal-lube.com\/wp-content\/uploads\/2022\/03\/Dust-1-640.jpg\" width=\"960\"  height=\"640\" alt=\"Front Image\" \/><\/a><div class=\"content\"><div class=\"inner-content\"><h2>ABAT POUSSI\u00c8RES<\/h2><p><\/p><\/div><\/div><\/div><\/div>[vc_empty_space height=\u00a0\u00bb30px\u00a0\u00bb][\/vc_column][vc_column width=\u00a0\u00bb1\/3&Prime;]<div id=\"nitro_custom_css_1658459853\" class=\"image-banner tc text style-3\"><div class=\"pr oh cs-12 cxs-12\"><a href=\"\/fr\/produits-specialises\/fluides-de-coupe-et-de-sciage\/\" class=\"dt oh pr cxs-12 cs-12\"><img decoding=\"async\" class=\"front ts-04 cxs-12 cs-12\" src=\"https:\/\/thermal-lube.com\/wp-content\/uploads\/2022\/03\/Metalworking-640.jpg\" width=\"960\"  height=\"640\" alt=\"Front Image\" \/><\/a><div class=\"content\"><div class=\"inner-content\"><h2>FLUIDES DE COUPE ET DE SCIAGE<\/h2><p><\/p><\/div><\/div><\/div><\/div>[vc_empty_space height=\u00a0\u00bb30px\u00a0\u00bb][\/vc_column][vc_column width=\u00a0\u00bb1\/3&Prime;]<div id=\"nitro_custom_css_1113025945\" class=\"image-banner tc text style-3\"><div class=\"pr oh cs-12 cxs-12\"><a href=\"\/fr\/produits-specialises\/lubrificateurs-automatiques\/\" class=\"dt oh pr cxs-12 cs-12\"><img decoding=\"async\" class=\"front ts-04 cxs-12 cs-12\" src=\"https:\/\/thermal-lube.com\/wp-content\/uploads\/2022\/02\/grease-640.jpg\" width=\"960\"  height=\"640\" alt=\"Front Image\" \/><\/a><div class=\"content\"><div class=\"inner-content\"><h2>LUBRIFICATEURS AUTOMATIQUES<\/h2><p><\/p><\/div><\/div><\/div><\/div>[vc_empty_space height=\u00a0\u00bb30px\u00a0\u00bb][\/vc_column][\/vc_row][vc_row][vc_column][vc_empty_space height=\u00a0\u00bb60px\u00a0\u00bb][\/vc_column][\/vc_row]<\/p>\n<\/div>","protected":false},"excerpt":{"rendered":"<p>[vc_row full_width=\u00a0\u00bbstretch_row\u00a0\u00bb background_position=\u00a0\u00bbcenter center\u00a0\u00bb css=\u00a0\u00bb.vc_custom_1647374515984{background-image: url(https:\/\/thermal-lube.com\/wp-content\/uploads\/2022\/03\/Site-Store-Matrix-540.jpg?id=7122) !important;background-position: center !important;background-repeat: no-repeat !important;background-size: cover !important;}\u00a0\u00bb][vc_column width=\u00a0\u00bb2\/3&Prime;][vc_empty_space height=\u00a0\u00bb60px\u00a0\u00bb][vc_row_inner css=\u00a0\u00bb.vc_custom_1632324426350{padding-left: 4px !important;}\u00a0\u00bb][vc_column_inner css=\u00a0\u00bb.vc_custom_1632324624169{border-left-width: 8px !important;background-color: #ffffff !important;border-left-color: #0e469b !important;border-left-style: solid !important;}\u00a0\u00bb][vc_column_text] Produits sp\u00e9cialis\u00e9s\u00a0 [\/vc_column_text][vc_column_text] Thermal-Lube fabrique des produits sp\u00e9cialis\u00e9s qui peuvent \u00eatre utilis\u00e9s dans diverses industries en dehors de l&rsquo;industrie g\u00e9n\u00e9rale des lubrifiants. Ces produits trouveront une utilisation dans [&hellip;]<\/p>\n","protected":false},"author":2,"featured_media":0,"parent":0,"menu_order":0,"comment_status":"closed","ping_status":"closed","template":"","meta":{"om_disable_all_campaigns":false,"_uf_show_specific_survey":0,"_uf_disable_surveys":false,"footnotes":""},"class_list":["post-9121","page","type-page","status-publish","hentry"],"aioseo_notices":[],"_links":{"self":[{"href":"https:\/\/thermal-lube.com\/fr\/wp-json\/wp\/v2\/pages\/9121","targetHints":{"allow":["GET"]}}],"collection":[{"href":"https:\/\/thermal-lube.com\/fr\/wp-json\/wp\/v2\/pages"}],"about":[{"href":"https:\/\/thermal-lube.com\/fr\/wp-json\/wp\/v2\/types\/page"}],"author":[{"embeddable":true,"href":"https:\/\/thermal-lube.com\/fr\/wp-json\/wp\/v2\/users\/2"}],"replies":[{"embeddable":true,"href":"https:\/\/thermal-lube.com\/fr\/wp-json\/wp\/v2\/comments?post=9121"}],"version-history":[{"count":12,"href":"https:\/\/thermal-lube.com\/fr\/wp-json\/wp\/v2\/pages\/9121\/revisions"}],"predecessor-version":[{"id":13970,"href":"https:\/\/thermal-lube.com\/fr\/wp-json\/wp\/v2\/pages\/9121\/revisions\/13970"}],"wp:attachment":[{"href":"https:\/\/thermal-lube.com\/fr\/wp-json\/wp\/v2\/media?parent=9121"}],"curies":[{"name":"wp","href":"https:\/\/api.w.org\/{rel}","templated":true}]}}