{"id":8957,"date":"2022-05-19T18:37:35","date_gmt":"2022-05-19T18:37:35","guid":{"rendered":"https:\/\/thermal-lube.com\/?page_id=8957"},"modified":"2023-12-08T12:28:45","modified_gmt":"2023-12-08T17:28:45","slug":"graisses-haute-temperature","status":"publish","type":"page","link":"https:\/\/thermal-lube.com\/fr\/produits-lubrifiants\/graisses-haute-temperature\/","title":{"rendered":"Graisses haute temp\u00e9rature"},"content":{"rendered":"<div class=\"wpb-content-wrapper\"><p>[vc_row full_width=\u00a0\u00bbstretch_row\u00a0\u00bb background_position=\u00a0\u00bbcenter center\u00a0\u00bb css=\u00a0\u00bb.vc_custom_1645895215683{background-image: url(https:\/\/thermal-lube.com\/wp-content\/uploads\/2022\/02\/Hi-Temp-Grease-639.jpg?id=6231) !important;background-position: center !important;background-repeat: no-repeat !important;background-size: cover !important;}\u00a0\u00bb][vc_column width=\u00a0\u00bb2\/3&Prime;][vc_empty_space height=\u00a0\u00bb60px\u00a0\u00bb][vc_row_inner css=\u00a0\u00bb.vc_custom_1632324426350{padding-left: 4px !important;}\u00a0\u00bb][vc_column_inner css=\u00a0\u00bb.vc_custom_1632324624169{border-left-width: 8px !important;background-color: #ffffff !important;border-left-color: #0e469b !important;border-left-style: solid !important;}\u00a0\u00bb][vc_column_text]<\/p>\n<h1 style=\"font-size: 50px; line-height: 50px; color: #333333;\"><strong>Graisses haute temp\u00e9rature<\/strong><\/h1>\n<p>[\/vc_column_text][vc_column_text]<\/p>\n<p style=\"font-size: 24px; line-height: 26px;\">La plupart des industries ont des processus qui n\u00e9cessitent que les machines fonctionnent \u00e0 des temp\u00e9ratures \u00e9lev\u00e9es. Ces applications exigent des lubrifiants sp\u00e9ciaux capables de supporter des temp\u00e9ratures de fonctionnement extr\u00eames tout en contr\u00f4lant les co\u00fbts de maintenance.<\/p>\n<p style=\"font-size: 24px; line-height: 26px;\">Notre s\u00e9rie de graisses haute temp\u00e9rature est formul\u00e9e avec des huiles de base synth\u00e9tiques thermostables et des additifs pour fonctionner sur une large plage de temp\u00e9ratures et durer longtemps.<\/p>\n<p style=\"font-size: 24px; line-height: 26px;\">Cliquez sur l&rsquo;un des produits ci-dessous pour en savoir plus.<\/p>\n<p>[\/vc_column_text][vc_empty_space][\/vc_column_inner][\/vc_row_inner][vc_empty_space height=\u00a0\u00bb60px\u00a0\u00bb][\/vc_column][vc_column width=\u00a0\u00bb1\/3&Prime;][\/vc_column][\/vc_row][vc_row][vc_column][vc_empty_space height=\u00a0\u00bb60px\u00a0\u00bb][\/vc_column][\/vc_row][vc_row][vc_column][vc_column_text]<\/p>\n<p style=\"text-align: left;\"><span style=\"font-size: 16px; color: rgba(14,70,155,0.75);\"><strong>Pointer sur un produit pour voir le nom complet<\/strong><\/span><\/p>\n<p>[\/vc_column_text][\/vc_column][\/vc_row][vc_row][vc_column width=\u00a0\u00bb1\/3&Prime;]<div id=\"nitro_custom_css_247250595\" class=\"image-banner tc text style-13\"><div class=\"pr oh cs-12 cxs-12\"><a href=\"\/fr\/produits-lubrifiants\/graisse-lubrifiante\/xl0600\/\" class=\"dt oh pr cxs-12 cs-12\"><img decoding=\"async\" class=\"front ts-04 cxs-12 cs-12\" src=\"https:\/\/thermal-lube.com\/wp-content\/uploads\/2022\/02\/Hi-Temp-Grease-639.jpg\" width=\"960\"  height=\"639\" alt=\"Front Image\" \/><\/a><div class=\"content\"><div class=\"inner-content\"><h2>XL0600<\/h2><p>GRAISSE SYNTH\u00c9TIQUE AGRO-ALIMENTAIRE \u00c0 HAUT TEMP\u00c9RATURE<\/p><\/div><\/div><\/div><\/div>[vc_empty_space height=\u00a0\u00bb30px\u00a0\u00bb][\/vc_column][vc_column width=\u00a0\u00bb1\/3&Prime;]<div id=\"nitro_custom_css_1529730606\" class=\"image-banner tc text style-13\"><div class=\"pr oh cs-12 cxs-12\"><a href=\"\/fr\/produits-lubrifiants\/graisse-lubrifiante\/xl0615\/\" class=\"dt oh pr cxs-12 cs-12\"><img decoding=\"async\" class=\"front ts-04 cxs-12 cs-12\" src=\"https:\/\/thermal-lube.com\/wp-content\/uploads\/2022\/02\/Hi-Temp-Grease-639.jpg\" width=\"960\"  height=\"639\" alt=\"Front Image\" \/><\/a><div class=\"content\"><div class=\"inner-content\"><h2>XL0615<\/h2><p>GRAISSE SYNTHETIQUE POUR LES SECHOIRS A PEINTURE (PAS DE SILICONE)<\/p><\/div><\/div><\/div><\/div>[vc_empty_space height=\u00a0\u00bb30px\u00a0\u00bb][\/vc_column][vc_column width=\u00a0\u00bb1\/3&Prime;]<div id=\"nitro_custom_css_533089540\" class=\"image-banner tc text style-13\"><div class=\"pr oh cs-12 cxs-12\"><a href=\"\/fr\/produits-lubrifiants\/graisse-lubrifiante\/xl0702\/\" class=\"dt oh pr cxs-12 cs-12\"><img decoding=\"async\" class=\"front ts-04 cxs-12 cs-12\" src=\"https:\/\/thermal-lube.com\/wp-content\/uploads\/2022\/02\/Hi-Temp-Grease-639.jpg\" width=\"960\"  height=\"639\" alt=\"Front Image\" \/><\/a><div class=\"content\"><div class=\"inner-content\"><h2>XL0702<\/h2><p>GRAISSE SYNTH\u00c9TIQUE A HAUTE PERFORMANCE POUR TEMPERATURES \u00c9L\u00c9V\u00c9S<\/p><\/div><\/div><\/div><\/div>[vc_empty_space height=\u00a0\u00bb30px\u00a0\u00bb][\/vc_column][\/vc_row][vc_row][vc_column width=\u00a0\u00bb1\/3&Prime;]<div id=\"nitro_custom_css_1021467804\" class=\"image-banner tc text style-13\"><div class=\"pr oh cs-12 cxs-12\"><a href=\"\/fr\/produits-lubrifiants\/graisse-lubrifiante\/xl0715\/\" class=\"dt oh pr cxs-12 cs-12\"><img decoding=\"async\" class=\"front ts-04 cxs-12 cs-12\" src=\"https:\/\/thermal-lube.com\/wp-content\/uploads\/2022\/02\/Hi-Temp-Grease-639.jpg\" width=\"960\"  height=\"639\" alt=\"Front Image\" \/><\/a><div class=\"content\"><div class=\"inner-content\"><h2>XL0715<\/h2><p>GRAISSE PAO 100% SYNTH\u00c9TIQUE NON-FONDANTE POUR LES TEMP\u00c9RATURES \u00c9L\u00c9V\u00c9ES<\/p><\/div><\/div><\/div><\/div>[vc_empty_space height=\u00a0\u00bb30px\u00a0\u00bb][\/vc_column][vc_column width=\u00a0\u00bb1\/3&Prime;]<div id=\"nitro_custom_css_1019717506\" class=\"image-banner tc text style-13\"><div class=\"pr oh cs-12 cxs-12\"><a href=\"\/fr\/produits-lubrifiants\/graisse-lubrifiante\/xl0720\/\" class=\"dt oh pr cxs-12 cs-12\"><img decoding=\"async\" class=\"front ts-04 cxs-12 cs-12\" src=\"https:\/\/thermal-lube.com\/wp-content\/uploads\/2022\/02\/Hi-Temp-Grease-639.jpg\" width=\"960\"  height=\"639\" alt=\"Front Image\" \/><\/a><div class=\"content\"><div class=\"inner-content\"><h2>XL0720<\/h2><p>GRAISSE PAG 100% SYNTH\u00c9TIQUE AVEC MOLYBD\u00c8NE POUR TEMP\u00c9RATURES \u00c9L\u00c9V\u00c9ES<\/p><\/div><\/div><\/div><\/div>[vc_empty_space height=\u00a0\u00bb30px\u00a0\u00bb][\/vc_column][vc_column width=\u00a0\u00bb1\/3&Prime;]<div id=\"nitro_custom_css_353781273\" class=\"image-banner tc text style-13\"><div class=\"pr oh cs-12 cxs-12\"><a href=\"\/fr\/produits-lubrifiants\/graisse-lubrifiante\/xl0721\/\" class=\"dt oh pr cxs-12 cs-12\"><img decoding=\"async\" class=\"front ts-04 cxs-12 cs-12\" src=\"https:\/\/thermal-lube.com\/wp-content\/uploads\/2022\/02\/Hi-Temp-Grease-639.jpg\" width=\"960\"  height=\"639\" alt=\"Front Image\" \/><\/a><div class=\"content\"><div class=\"inner-content\"><h2>XL0721<\/h2><p>GRAISSE PAG 100% SYNTH\u00c9TIQUE AVEC GRAPHITE POUR TEMP\u00c9RATURES \u00c9L\u00c9V\u00c9ES<\/p><\/div><\/div><\/div><\/div>[vc_empty_space height=\u00a0\u00bb30px\u00a0\u00bb][\/vc_column][\/vc_row][vc_row][vc_column width=\u00a0\u00bb1\/3&Prime;]<div id=\"nitro_custom_css_484731026\" class=\"image-banner tc text style-13\"><div class=\"pr oh cs-12 cxs-12\"><a href=\"\/fr\/produits-lubrifiants\/graisses-haute-temperature\/xl0723\/\" class=\"dt oh pr cxs-12 cs-12\"><img decoding=\"async\" class=\"front ts-04 cxs-12 cs-12\" src=\"https:\/\/thermal-lube.com\/wp-content\/uploads\/2022\/02\/Hi-Temp-Grease-639.jpg\" width=\"960\"  height=\"639\" alt=\"Front Image\" \/><\/a><div class=\"content\"><div class=\"inner-content\"><h2>XL0723<\/h2><p>PATE SYNTH\u00c9TIQUE AVEC GRAPHITE POUR TEMP\u00c9RATURES \u00c9LEV\u00c9ES<\/p><\/div><\/div><\/div><\/div>[vc_empty_space height=\u00a0\u00bb30px\u00a0\u00bb][\/vc_column][vc_column width=\u00a0\u00bb1\/3&Prime;]<div id=\"nitro_custom_css_603870682\" class=\"image-banner tc text style-13\"><div class=\"pr oh cs-12 cxs-12\"><a href=\"\/fr\/produits-lubrifiants\/graisses-haute-temperature\/xl0726\/\" class=\"dt oh pr cxs-12 cs-12\"><img decoding=\"async\" class=\"front ts-04 cxs-12 cs-12\" src=\"https:\/\/thermal-lube.com\/wp-content\/uploads\/2022\/02\/Hi-Temp-Grease-639.jpg\" width=\"960\"  height=\"639\" alt=\"Front Image\" \/><\/a><div class=\"content\"><div class=\"inner-content\"><h2>XL0726<\/h2><p>GRAISSE PAG 100% SYNTHETIQUE POUR HAUTES TEMPERATURES<\/p><\/div><\/div><\/div><\/div>[vc_empty_space height=\u00a0\u00bb30px\u00a0\u00bb][\/vc_column][vc_column width=\u00a0\u00bb1\/3&Prime;]<div id=\"nitro_custom_css_786872598\" class=\"image-banner tc text style-13\"><div class=\"pr oh cs-12 cxs-12\"><a href=\"\/fr\/produits-lubrifiants\/graisse-lubrifiante\/xl0775\/\" class=\"dt oh pr cxs-12 cs-12\"><img decoding=\"async\" class=\"front ts-04 cxs-12 cs-12\" src=\"https:\/\/thermal-lube.com\/wp-content\/uploads\/2022\/02\/Hi-Temp-Grease-639.jpg\" width=\"960\"  height=\"639\" alt=\"Front Image\" \/><\/a><div class=\"content\"><div class=\"inner-content\"><h2>XL0775<\/h2><p>GRAISSE SYNTH\u00c9TIQUE PAD AVEC GRAPHITE \u00c0 HAUT TEMP\u00c9RATURE<\/p><\/div><\/div><\/div><\/div>[vc_empty_space height=\u00a0\u00bb30px\u00a0\u00bb][\/vc_column][\/vc_row][vc_row][vc_column width=\u00a0\u00bb1\/3&Prime;]<div id=\"nitro_custom_css_1288013769\" class=\"image-banner tc text style-13\"><div class=\"pr oh cs-12 cxs-12\"><a href=\"\/fr\/produits-lubrifiants\/graisses-haute-temperature\/xl0776\/\" class=\"dt oh pr cxs-12 cs-12\"><img decoding=\"async\" class=\"front ts-04 cxs-12 cs-12\" src=\"https:\/\/thermal-lube.com\/wp-content\/uploads\/2022\/02\/Hi-Temp-Grease-639.jpg\" width=\"960\"  height=\"639\" alt=\"Front Image\" \/><\/a><div class=\"content\"><div class=\"inner-content\"><h2>XL0776<\/h2><p>GRAISSE SYNTH\u00c9TIQUE \u00c0 HAUT PERFORMANCE AVEC BISULFURE DE TUNGST\u00c8NE (WS2)<\/p><\/div><\/div><\/div><\/div>[vc_empty_space height=\u00a0\u00bb30px\u00a0\u00bb][\/vc_column][vc_column width=\u00a0\u00bb1\/3&Prime;]<div id=\"nitro_custom_css_1947747249\" class=\"image-banner tc text style-13\"><div class=\"pr oh cs-12 cxs-12\"><a href=\"\/fr\/produits-lubrifiants\/graisses-haute-temperature\/xl0795\/\" class=\"dt oh pr cxs-12 cs-12\"><img decoding=\"async\" class=\"front ts-04 cxs-12 cs-12\" src=\"https:\/\/thermal-lube.com\/wp-content\/uploads\/2022\/02\/Hi-Temp-Grease-639.jpg\" width=\"960\"  height=\"639\" alt=\"Front Image\" \/><\/a><div class=\"content\"><div class=\"inner-content\"><h2>XL0795<\/h2><p>GRAISSE SYNTH\u00c9TIQUE \u00c0 FONTE LENTE POUR TEMP\u00c9RATURES \u00c9L\u00c9V\u00c9ES<\/p><\/div><\/div><\/div><\/div>[vc_empty_space height=\u00a0\u00bb30px\u00a0\u00bb][\/vc_column][vc_column width=\u00a0\u00bb1\/3&Prime;]<div id=\"nitro_custom_css_2121835323\" class=\"image-banner tc text style-13\"><div class=\"pr oh cs-12 cxs-12\"><a href=\"\/fr\/produits-lubrifiants\/graisse-lubrifiante\/xl0852\/\" class=\"dt oh pr cxs-12 cs-12\"><img decoding=\"async\" class=\"front ts-04 cxs-12 cs-12\" src=\"https:\/\/thermal-lube.com\/wp-content\/uploads\/2022\/02\/Hi-Temp-Grease-639.jpg\" width=\"960\"  height=\"639\" alt=\"Front Image\" \/><\/a><div class=\"content\"><div class=\"inner-content\"><h2>XL0852<\/h2><p>GRAISSE PIB 100% SYNTH\u00c9TIQUE<\/p><\/div><\/div><\/div><\/div>[vc_empty_space height=\u00a0\u00bb30px\u00a0\u00bb][\/vc_column][\/vc_row][vc_row][vc_column width=\u00a0\u00bb1\/3&Prime;]<div id=\"nitro_custom_css_1980046323\" class=\"image-banner tc text style-13\"><div class=\"pr oh cs-12 cxs-12\"><a href=\"\/fr\/produits-lubrifiants\/graisse-lubrifiante\/xl0853\/\" class=\"dt oh pr cxs-12 cs-12\"><img decoding=\"async\" class=\"front ts-04 cxs-12 cs-12\" src=\"https:\/\/thermal-lube.com\/wp-content\/uploads\/2022\/02\/Hi-Temp-Grease-639.jpg\" width=\"960\"  height=\"639\" alt=\"Front Image\" \/><\/a><div class=\"content\"><div class=\"inner-content\"><h2>XL0853<\/h2><p>GRAISSE 100% SYNTH\u00c9TIQUE AVEC ALUMINIUM ET GRAPHITE POUR LES FOURS ROTATIFS<\/p><\/div><\/div><\/div><\/div>[vc_empty_space height=\u00a0\u00bb30px\u00a0\u00bb][\/vc_column][vc_column width=\u00a0\u00bb1\/3&Prime;]<div id=\"nitro_custom_css_1591133490\" class=\"image-banner tc text style-13\"><div class=\"pr oh cs-12 cxs-12\"><a href=\"\/fr\/produits-lubrifiants\/graisse-lubrifiante\/xl0854\/\" class=\"dt oh pr cxs-12 cs-12\"><img decoding=\"async\" class=\"front ts-04 cxs-12 cs-12\" src=\"https:\/\/thermal-lube.com\/wp-content\/uploads\/2022\/02\/Hi-Temp-Grease-639.jpg\" width=\"960\"  height=\"639\" alt=\"Front Image\" \/><\/a><div class=\"content\"><div class=\"inner-content\"><h2>XL0854<\/h2><p>GRAISSE SYNTH\u00c9TIQUE AVEC GRAPHITE POUR LES PNEUS ET COUSSINETS DES FOURS ROTATIFS<\/p><\/div><\/div><\/div><\/div>[vc_empty_space height=\u00a0\u00bb30px\u00a0\u00bb][\/vc_column][vc_column width=\u00a0\u00bb1\/3&Prime;][\/vc_column][\/vc_row][vc_row][vc_column][vc_empty_space height=\u00a0\u00bb60px\u00a0\u00bb][\/vc_column][\/vc_row]<\/p>\n<\/div>","protected":false},"excerpt":{"rendered":"<p>[vc_row full_width=\u00a0\u00bbstretch_row\u00a0\u00bb background_position=\u00a0\u00bbcenter center\u00a0\u00bb css=\u00a0\u00bb.vc_custom_1645895215683{background-image: url(https:\/\/thermal-lube.com\/wp-content\/uploads\/2022\/02\/Hi-Temp-Grease-639.jpg?id=6231) !important;background-position: center !important;background-repeat: no-repeat !important;background-size: cover !important;}\u00a0\u00bb][vc_column width=\u00a0\u00bb2\/3&Prime;][vc_empty_space height=\u00a0\u00bb60px\u00a0\u00bb][vc_row_inner css=\u00a0\u00bb.vc_custom_1632324426350{padding-left: 4px !important;}\u00a0\u00bb][vc_column_inner css=\u00a0\u00bb.vc_custom_1632324624169{border-left-width: 8px !important;background-color: #ffffff !important;border-left-color: #0e469b !important;border-left-style: solid !important;}\u00a0\u00bb][vc_column_text] Graisses haute temp\u00e9rature [\/vc_column_text][vc_column_text] La plupart des industries ont des processus qui n\u00e9cessitent que les machines fonctionnent \u00e0 des temp\u00e9ratures \u00e9lev\u00e9es. Ces applications exigent des lubrifiants sp\u00e9ciaux capables [&hellip;]<\/p>\n","protected":false},"author":1,"featured_media":0,"parent":4155,"menu_order":0,"comment_status":"closed","ping_status":"closed","template":"","meta":{"om_disable_all_campaigns":false,"_uf_show_specific_survey":0,"_uf_disable_surveys":false,"footnotes":""},"class_list":["post-8957","page","type-page","status-publish","hentry"],"aioseo_notices":[],"_links":{"self":[{"href":"https:\/\/thermal-lube.com\/fr\/wp-json\/wp\/v2\/pages\/8957","targetHints":{"allow":["GET"]}}],"collection":[{"href":"https:\/\/thermal-lube.com\/fr\/wp-json\/wp\/v2\/pages"}],"about":[{"href":"https:\/\/thermal-lube.com\/fr\/wp-json\/wp\/v2\/types\/page"}],"author":[{"embeddable":true,"href":"https:\/\/thermal-lube.com\/fr\/wp-json\/wp\/v2\/users\/1"}],"replies":[{"embeddable":true,"href":"https:\/\/thermal-lube.com\/fr\/wp-json\/wp\/v2\/comments?post=8957"}],"version-history":[{"count":28,"href":"https:\/\/thermal-lube.com\/fr\/wp-json\/wp\/v2\/pages\/8957\/revisions"}],"predecessor-version":[{"id":13938,"href":"https:\/\/thermal-lube.com\/fr\/wp-json\/wp\/v2\/pages\/8957\/revisions\/13938"}],"up":[{"embeddable":true,"href":"https:\/\/thermal-lube.com\/fr\/wp-json\/wp\/v2\/pages\/4155"}],"wp:attachment":[{"href":"https:\/\/thermal-lube.com\/fr\/wp-json\/wp\/v2\/media?parent=8957"}],"curies":[{"name":"wp","href":"https:\/\/api.w.org\/{rel}","templated":true}]}}