{"id":8952,"date":"2022-05-19T18:31:05","date_gmt":"2022-05-19T18:31:05","guid":{"rendered":"https:\/\/thermal-lube.com\/?page_id=8952"},"modified":"2023-03-07T09:34:14","modified_gmt":"2023-03-07T14:34:14","slug":"lubrifiants-pour-aluminium-et-acier","status":"publish","type":"page","link":"https:\/\/thermal-lube.com\/fr\/applications-du-marche\/lubrifiants-pour-aluminium-et-acier\/","title":{"rendered":"Lubrifiants pour aluminium et acier"},"content":{"rendered":"<div class=\"wpb-content-wrapper\"><p>[vc_row full_width=\u00a0\u00bbstretch_row\u00a0\u00bb background_position=\u00a0\u00bbcenter center\u00a0\u00bb css=\u00a0\u00bb.vc_custom_1647712499112{background-image: url(https:\/\/thermal-lube.com\/wp-content\/uploads\/2022\/02\/Hi-Temp-Grease-639.jpg?id=6231) !important;background-position: center !important;background-repeat: no-repeat !important;background-size: cover !important;}\u00a0\u00bb][vc_column width=\u00a0\u00bb2\/3&Prime;][vc_empty_space height=\u00a0\u00bb60px\u00a0\u00bb][vc_row_inner css=\u00a0\u00bb.vc_custom_1632324426350{padding-left: 4px !important;}\u00a0\u00bb][vc_column_inner css=\u00a0\u00bb.vc_custom_1632324624169{border-left-width: 8px !important;background-color: #ffffff !important;border-left-color: #0e469b !important;border-left-style: solid !important;}\u00a0\u00bb][vc_column_text]<\/p>\n<h1 style=\"font-size: 50px; line-height: 50px; color: #333333; text-align: center;\"><strong>Lubrifiants pour aluminium et acier<\/strong><\/h1>\n<p>[\/vc_column_text][vc_column_text]<\/p>\n<p style=\"font-size: 24px; line-height: 22px;\">L&rsquo;industrie de la transformation des m\u00e9taux exige que les machines et les \u00e9quipements mobiles fonctionnent \u00e0 des temp\u00e9ratures \u00e9lev\u00e9es. Ces applications exigent des lubrifiants sp\u00e9ciaux capables de supporter des temp\u00e9ratures de fonctionnement extr\u00eames tout en contr\u00f4lant les co\u00fbts de maintenance.<\/p>\n<p style=\"font-size: 24px; line-height: 22px;\">Notre s\u00e9rie de lubrifiants haute temp\u00e9rature est formul\u00e9e avec des huiles de base synth\u00e9tiques thermostables et des additifs pour fonctionner sur une large plage de temp\u00e9ratures et durer longtemps.<\/p>\n<p style=\"font-size: 24px; line-height: 22px;\">Cliquez sur l&rsquo;un des produits ci-dessous pour en savoir plus.<\/p>\n<p>[\/vc_column_text][vc_empty_space][\/vc_column_inner][\/vc_row_inner][vc_empty_space height=\u00a0\u00bb60px\u00a0\u00bb][\/vc_column][vc_column width=\u00a0\u00bb1\/3&Prime;][\/vc_column][\/vc_row][vc_row][vc_column][vc_empty_space height=\u00a0\u00bb60px\u00a0\u00bb][\/vc_column][\/vc_row][vc_row][vc_column][vc_column_text]<\/p>\n<p style=\"text-align: left;\"><span style=\"font-size: 16px; color: rgba(14,70,155,0.75);\"><strong>Pointer sur un produit pour voir le nom complet<\/strong><\/span><\/p>\n<p>[\/vc_column_text][\/vc_column][\/vc_row][vc_row][vc_column width=\u00a0\u00bb1\/3&Prime;]<div id=\"nitro_custom_css_196518540\" class=\"image-banner tc text style-13\"><div class=\"pr oh cs-12 cxs-12\"><a href=\"\/fr\/produits-lubrifiants\/huiles-haute-temperature\/\" class=\"dt oh pr cxs-12 cs-12\"><img decoding=\"async\" class=\"front ts-04 cxs-12 cs-12\" src=\"https:\/\/thermal-lube.com\/wp-content\/uploads\/2022\/03\/Steel-640.jpg\" width=\"960\"  height=\"639\" alt=\"Front Image\" \/><\/a><div class=\"content\"><div class=\"inner-content\"><h2>HUILES<\/h2><p>HUILES LUBRIFIANTES HAUTE TEMP\u00c9RATURE<\/p><\/div><\/div><\/div><\/div>[vc_empty_space height=\u00a0\u00bb30px\u00a0\u00bb][\/vc_column][vc_column width=\u00a0\u00bb1\/3&Prime;]<div id=\"nitro_custom_css_93595920\" class=\"image-banner tc text style-13\"><div class=\"pr oh cs-12 cxs-12\"><a href=\"\/fr\/produits-lubrifiants\/graisses-haute-temperature\/\" class=\"dt oh pr cxs-12 cs-12\"><img decoding=\"async\" class=\"front ts-04 cxs-12 cs-12\" src=\"https:\/\/thermal-lube.com\/wp-content\/uploads\/2022\/03\/Steel-640.jpg\" width=\"960\"  height=\"639\" alt=\"Front Image\" \/><\/a><div class=\"content\"><div class=\"inner-content\"><h2>GRAISSES<\/h2><p>GRAISSES LUBRIFIANTES HAUTE TEMP\u00c9RATURE<\/p><\/div><\/div><\/div><\/div>[vc_empty_space height=\u00a0\u00bb30px\u00a0\u00bb][\/vc_column][vc_column width=\u00a0\u00bb1\/3&Prime;]<div id=\"nitro_custom_css_303057419\" class=\"image-banner tc text style-13\"><div class=\"pr oh cs-12 cxs-12\"><a href=\"\/fr\/produits-specialises\/fluides-de-coupe-et-de-sciage\/\" class=\"dt oh pr cxs-12 cs-12\"><img decoding=\"async\" class=\"front ts-04 cxs-12 cs-12\" src=\"https:\/\/thermal-lube.com\/wp-content\/uploads\/2022\/03\/Steel-640.jpg\" width=\"960\"  height=\"639\" alt=\"Front Image\" \/><\/a><div class=\"content\"><div class=\"inner-content\"><h2>TRAVAIL DES M\u00c9TAUX<\/h2><p>FLUIDES DE COUPE ET DE SCIAGE<\/p><\/div><\/div><\/div><\/div>[vc_empty_space height=\u00a0\u00bb30px\u00a0\u00bb][\/vc_column][\/vc_row][vc_row][vc_column][vc_empty_space height=\u00a0\u00bb60px\u00a0\u00bb][\/vc_column][\/vc_row]<\/p>\n<\/div>","protected":false},"excerpt":{"rendered":"<p>[vc_row full_width=\u00a0\u00bbstretch_row\u00a0\u00bb background_position=\u00a0\u00bbcenter center\u00a0\u00bb css=\u00a0\u00bb.vc_custom_1647712499112{background-image: url(https:\/\/thermal-lube.com\/wp-content\/uploads\/2022\/02\/Hi-Temp-Grease-639.jpg?id=6231) !important;background-position: center !important;background-repeat: no-repeat !important;background-size: cover !important;}\u00a0\u00bb][vc_column width=\u00a0\u00bb2\/3&Prime;][vc_empty_space height=\u00a0\u00bb60px\u00a0\u00bb][vc_row_inner css=\u00a0\u00bb.vc_custom_1632324426350{padding-left: 4px !important;}\u00a0\u00bb][vc_column_inner css=\u00a0\u00bb.vc_custom_1632324624169{border-left-width: 8px !important;background-color: #ffffff !important;border-left-color: #0e469b !important;border-left-style: solid !important;}\u00a0\u00bb][vc_column_text] Lubrifiants pour aluminium et acier [\/vc_column_text][vc_column_text] L&rsquo;industrie de la transformation des m\u00e9taux exige que les machines et les \u00e9quipements mobiles fonctionnent \u00e0 des temp\u00e9ratures \u00e9lev\u00e9es. Ces applications exigent [&hellip;]<\/p>\n","protected":false},"author":1,"featured_media":0,"parent":4152,"menu_order":0,"comment_status":"closed","ping_status":"closed","template":"","meta":{"om_disable_all_campaigns":false,"_uf_show_specific_survey":0,"_uf_disable_surveys":false,"footnotes":""},"class_list":["post-8952","page","type-page","status-publish","hentry"],"aioseo_notices":[],"_links":{"self":[{"href":"https:\/\/thermal-lube.com\/fr\/wp-json\/wp\/v2\/pages\/8952","targetHints":{"allow":["GET"]}}],"collection":[{"href":"https:\/\/thermal-lube.com\/fr\/wp-json\/wp\/v2\/pages"}],"about":[{"href":"https:\/\/thermal-lube.com\/fr\/wp-json\/wp\/v2\/types\/page"}],"author":[{"embeddable":true,"href":"https:\/\/thermal-lube.com\/fr\/wp-json\/wp\/v2\/users\/1"}],"replies":[{"embeddable":true,"href":"https:\/\/thermal-lube.com\/fr\/wp-json\/wp\/v2\/comments?post=8952"}],"version-history":[{"count":8,"href":"https:\/\/thermal-lube.com\/fr\/wp-json\/wp\/v2\/pages\/8952\/revisions"}],"predecessor-version":[{"id":13207,"href":"https:\/\/thermal-lube.com\/fr\/wp-json\/wp\/v2\/pages\/8952\/revisions\/13207"}],"up":[{"embeddable":true,"href":"https:\/\/thermal-lube.com\/fr\/wp-json\/wp\/v2\/pages\/4152"}],"wp:attachment":[{"href":"https:\/\/thermal-lube.com\/fr\/wp-json\/wp\/v2\/media?parent=8952"}],"curies":[{"name":"wp","href":"https:\/\/api.w.org\/{rel}","templated":true}]}}