{"id":8940,"date":"2022-05-19T18:20:03","date_gmt":"2022-05-19T18:20:03","guid":{"rendered":"https:\/\/thermal-lube.com\/?page_id=8940"},"modified":"2026-02-27T14:10:56","modified_gmt":"2026-02-27T19:10:56","slug":"graisses-biodegradables","status":"publish","type":"page","link":"https:\/\/thermal-lube.com\/fr\/biodegradable\/graisses-biodegradables\/","title":{"rendered":"Graisses biod\u00e9gradables"},"content":{"rendered":"<div class=\"wpb-content-wrapper\"><p>[vc_row full_width=\u00a0\u00bbstretch_row\u00a0\u00bb background_position=\u00a0\u00bbcenter center\u00a0\u00bb css=\u00a0\u00bb.vc_custom_1646946227020{background-image: url(https:\/\/thermal-lube.com\/wp-content\/uploads\/2022\/02\/Mining-640.jpg?id=6235) !important;background-position: center !important;background-repeat: no-repeat !important;background-size: cover !important;}\u00a0\u00bb][vc_column width=\u00a0\u00bb2\/3&Prime;][vc_empty_space height=\u00a0\u00bb60px\u00a0\u00bb][vc_row_inner css=\u00a0\u00bb.vc_custom_1632324426350{padding-left: 4px !important;}\u00a0\u00bb][vc_column_inner css=\u00a0\u00bb.vc_custom_1632324624169{border-left-width: 8px !important;background-color: #ffffff !important;border-left-color: #0e469b !important;border-left-style: solid !important;}\u00a0\u00bb][vc_column_text]<\/p>\n<h1 style=\"font-size: 50px; line-height: 50px; color: #333333; text-align: left;\"><strong>Graisses biod\u00e9gradables<\/strong><\/h1>\n<p>[\/vc_column_text][vc_column_text css=\u00a0\u00bb\u00a0\u00bb]<\/p>\n<p style=\"font-size: 24px; line-height: 22px;\">Les graisses biod\u00e9gradables de Thermal-Lube sont formul\u00e9es avec un minimum de 80 % de composants d\u00e9riv\u00e9s de ressources renouvelables. Ces graisses sont con\u00e7ues pour satisfaire et d\u00e9passer les exigences de classification OCDE 301B en tant que \u00ab facilement biod\u00e9gradables \u00bb (&gt; 60 % biod\u00e9gradables en 28 jours).<\/p>\n<p style=\"font-size: 24px; line-height: 22px;\">Cette gamme de produits est non bioaccumulable car elle ne contient aucun m\u00e9tal lourd et pr\u00e9sente une faible toxicit\u00e9 pour la vie aquatique.<\/p>\n<p style=\"font-size: 24px; line-height: 22px;\">Cliquez sur l&rsquo;un des produits ci-dessous pour en savoir plus.<\/p>\n<p>[\/vc_column_text][vc_empty_space][\/vc_column_inner][\/vc_row_inner][vc_empty_space height=\u00a0\u00bb60px\u00a0\u00bb][\/vc_column][vc_column width=\u00a0\u00bb1\/3&Prime;][\/vc_column][\/vc_row][vc_row][vc_column][vc_empty_space height=\u00a0\u00bb60px\u00a0\u00bb][\/vc_column][\/vc_row][vc_row][vc_column][vc_column_text]<\/p>\n<p style=\"text-align: left;\"><span style=\"font-size: 16px; color: rgba(14,70,155,0.75);\"><strong>Pointer sur un produit pour voir le nom complet<\/strong><\/span><\/p>\n<p>[\/vc_column_text][\/vc_column][\/vc_row][vc_row][vc_column width=\u00a0\u00bb1\/3&Prime;]<div id=\"nitro_custom_css_416655928\" class=\"image-banner tc text style-13\"><div class=\"pr oh cs-12 cxs-12\"><a href=\"\/fr\/biodegradable\/graisses-biodegradables\/xl9100\/\" class=\"dt oh pr cxs-12 cs-12\"><img decoding=\"async\" class=\"front ts-04 cxs-12 cs-12\" src=\"https:\/\/thermal-lube.com\/wp-content\/uploads\/2022\/02\/Mining-640.jpg\" width=\"960\"  height=\"640\" alt=\"Front Image\" \/><\/a><div class=\"content\"><div class=\"inner-content\"><h2>XL9100<\/h2><p>GRAISSE LUBRIFIANTE NON FONDANTE ECOSYNTH\u00c9TIQUE\u00ae \u00c0 BASE D'ESTER<\/p><\/div><\/div><\/div><\/div>[vc_empty_space height=\u00a0\u00bb30px\u00a0\u00bb][\/vc_column][vc_column width=\u00a0\u00bb1\/3&Prime;]<div id=\"nitro_custom_css_674500367\" class=\"image-banner tc text style-13\"><div class=\"pr oh cs-12 cxs-12\"><a href=\"\/fr\/biodegradable\/graisses-biodegradables\/xl9101\/\" class=\"dt oh pr cxs-12 cs-12\"><img decoding=\"async\" class=\"front ts-04 cxs-12 cs-12\" src=\"https:\/\/thermal-lube.com\/wp-content\/uploads\/2022\/02\/Mining-640.jpg\" width=\"960\"  height=\"640\" alt=\"Front Image\" \/><\/a><div class=\"content\"><div class=\"inner-content\"><h2>XL9101<\/h2><p>GRAISSE BIODEGRADABLE POUR TIGES DE FORAGE<\/p><\/div><\/div><\/div><\/div>[vc_empty_space height=\u00a0\u00bb30px\u00a0\u00bb][\/vc_column][vc_column width=\u00a0\u00bb1\/3&Prime;]<div id=\"nitro_custom_css_1881781057\" class=\"image-banner tc text style-13\"><div class=\"pr oh cs-12 cxs-12\"><a href=\"https:\/\/thermal-lube.com\/fr\/biodegradable\/graisses-biodegradables\/xl9104\/\" class=\"dt oh pr cxs-12 cs-12\"><img decoding=\"async\" class=\"front ts-04 cxs-12 cs-12\" src=\"https:\/\/thermal-lube.com\/wp-content\/uploads\/2022\/02\/Mining-640.jpg\" width=\"960\"  height=\"640\" alt=\"Front Image\" \/><\/a><div class=\"content\"><div class=\"inner-content\"><h2>XL9104<\/h2><p>GRAISSE FACILEMENT BIODEGRADABLE POUR TIGES DE FORAGE<\/p><\/div><\/div><\/div><\/div>[vc_empty_space height=\u00a0\u00bb30px\u00a0\u00bb][\/vc_column][\/vc_row][vc_row][vc_column width=\u00a0\u00bb1\/3&Prime;]<div id=\"nitro_custom_css_1376531719\" class=\"image-banner tc text style-13\"><div class=\"pr oh cs-12 cxs-12\"><a href=\"\/fr\/biodegradable\/graisses-biodegradables\/xl9120\/\" class=\"dt oh pr cxs-12 cs-12\"><img decoding=\"async\" class=\"front ts-04 cxs-12 cs-12\" src=\"https:\/\/thermal-lube.com\/wp-content\/uploads\/2022\/02\/Mining-640.jpg\" width=\"960\"  height=\"640\" alt=\"Front Image\" \/><\/a><div class=\"content\"><div class=\"inner-content\"><h2>XL9120<\/h2><p>GRAISSE LUBRIFIANTE MARINE MULTI-USAGES \u00c9COSYNTH\u00c9TIQUE\u00ae<\/p><\/div><\/div><\/div><\/div>[vc_empty_space height=\u00a0\u00bb30px\u00a0\u00bb][\/vc_column][vc_column width=\u00a0\u00bb1\/3&Prime;]<div id=\"nitro_custom_css_1104006800\" class=\"image-banner tc text style-13\"><div class=\"pr oh cs-12 cxs-12\"><a href=\"\/fr\/biodegradable\/graisses-biodegradables\/xl9200\/\" class=\"dt oh pr cxs-12 cs-12\"><img decoding=\"async\" class=\"front ts-04 cxs-12 cs-12\" src=\"https:\/\/thermal-lube.com\/wp-content\/uploads\/2022\/02\/Mining-640.jpg\" width=\"960\"  height=\"640\" alt=\"Front Image\" \/><\/a><div class=\"content\"><div class=\"inner-content\"><h2>XL9200<\/h2><p>GRAISSE MOLY SYNTH\u00c9TIQUE NON-FONDANTE \u00c9COSYNTH\u00c9TIQUE\u00ae \u00c0 HAUTE PERFORMANCE<\/p><\/div><\/div><\/div><\/div>[vc_empty_space height=\u00a0\u00bb30px\u00a0\u00bb][\/vc_column][vc_column width=\u00a0\u00bb1\/3&Prime;]<div id=\"nitro_custom_css_1120414233\" class=\"image-banner tc text style-13\"><div class=\"pr oh cs-12 cxs-12\"><a href=\"\/fr\/biodegradable\/graisses-biodegradables\/xl9201\/\" class=\"dt oh pr cxs-12 cs-12\"><img decoding=\"async\" class=\"front ts-04 cxs-12 cs-12\" src=\"https:\/\/thermal-lube.com\/wp-content\/uploads\/2022\/02\/Mining-640.jpg\" width=\"960\"  height=\"640\" alt=\"Front Image\" \/><\/a><div class=\"content\"><div class=\"inner-content\"><h2>XL9201<\/h2><p>GRAISSE HYBRIDE \u00c9COSYNTH\u00c9TIQUE\u00ae HAUTE TENU POUR EQUIPEMENT ET MACHINES<\/p><\/div><\/div><\/div><\/div>[vc_empty_space height=\u00a0\u00bb30px\u00a0\u00bb][\/vc_column][\/vc_row][vc_row][vc_column width=\u00a0\u00bb1\/3&Prime;]<div id=\"nitro_custom_css_1159256344\" class=\"image-banner tc text style-13\"><div class=\"pr oh cs-12 cxs-12\"><a href=\"https:\/\/thermal-lube.com\/fr\/biodegradable\/graisses-biodegradables\/xl9202\/\" class=\"dt oh pr cxs-12 cs-12\"><img decoding=\"async\" class=\"front ts-04 cxs-12 cs-12\" src=\"https:\/\/thermal-lube.com\/wp-content\/uploads\/2022\/02\/Mining-640.jpg\" width=\"960\"  height=\"640\" alt=\"Front Image\" \/><\/a><div class=\"content\"><div class=\"inner-content\"><h2>XL9202<\/h2><p>GRAISSE HYBRIDE ECOSYNTHETIQUE ANTI-GRIPPAGE<\/p><\/div><\/div><\/div><\/div>[vc_empty_space][\/vc_column][vc_column width=\u00a0\u00bb1\/3&Prime;][\/vc_column][vc_column width=\u00a0\u00bb1\/3&Prime;][\/vc_column][\/vc_row][vc_row][vc_column][vc_empty_space height=\u00a0\u00bb60px\u00a0\u00bb][\/vc_column][\/vc_row]<\/p>\n<\/div>","protected":false},"excerpt":{"rendered":"<p>[vc_row full_width=\u00a0\u00bbstretch_row\u00a0\u00bb background_position=\u00a0\u00bbcenter center\u00a0\u00bb css=\u00a0\u00bb.vc_custom_1646946227020{background-image: url(https:\/\/thermal-lube.com\/wp-content\/uploads\/2022\/02\/Mining-640.jpg?id=6235) !important;background-position: center !important;background-repeat: no-repeat !important;background-size: cover !important;}\u00a0\u00bb][vc_column width=\u00a0\u00bb2\/3&Prime;][vc_empty_space height=\u00a0\u00bb60px\u00a0\u00bb][vc_row_inner css=\u00a0\u00bb.vc_custom_1632324426350{padding-left: 4px !important;}\u00a0\u00bb][vc_column_inner css=\u00a0\u00bb.vc_custom_1632324624169{border-left-width: 8px !important;background-color: #ffffff !important;border-left-color: #0e469b !important;border-left-style: solid !important;}\u00a0\u00bb][vc_column_text] Graisses biod\u00e9gradables [\/vc_column_text][vc_column_text css=\u00a0\u00bb\u00a0\u00bb] Les graisses biod\u00e9gradables de Thermal-Lube sont formul\u00e9es avec un minimum de 80 % de composants d\u00e9riv\u00e9s de ressources renouvelables. Ces graisses sont con\u00e7ues pour [&hellip;]<\/p>\n","protected":false},"author":1,"featured_media":0,"parent":4369,"menu_order":0,"comment_status":"closed","ping_status":"closed","template":"","meta":{"om_disable_all_campaigns":false,"_uf_show_specific_survey":0,"_uf_disable_surveys":false,"footnotes":""},"class_list":["post-8940","page","type-page","status-publish","hentry"],"aioseo_notices":[],"_links":{"self":[{"href":"https:\/\/thermal-lube.com\/fr\/wp-json\/wp\/v2\/pages\/8940","targetHints":{"allow":["GET"]}}],"collection":[{"href":"https:\/\/thermal-lube.com\/fr\/wp-json\/wp\/v2\/pages"}],"about":[{"href":"https:\/\/thermal-lube.com\/fr\/wp-json\/wp\/v2\/types\/page"}],"author":[{"embeddable":true,"href":"https:\/\/thermal-lube.com\/fr\/wp-json\/wp\/v2\/users\/1"}],"replies":[{"embeddable":true,"href":"https:\/\/thermal-lube.com\/fr\/wp-json\/wp\/v2\/comments?post=8940"}],"version-history":[{"count":49,"href":"https:\/\/thermal-lube.com\/fr\/wp-json\/wp\/v2\/pages\/8940\/revisions"}],"predecessor-version":[{"id":15048,"href":"https:\/\/thermal-lube.com\/fr\/wp-json\/wp\/v2\/pages\/8940\/revisions\/15048"}],"up":[{"embeddable":true,"href":"https:\/\/thermal-lube.com\/fr\/wp-json\/wp\/v2\/pages\/4369"}],"wp:attachment":[{"href":"https:\/\/thermal-lube.com\/fr\/wp-json\/wp\/v2\/media?parent=8940"}],"curies":[{"name":"wp","href":"https:\/\/api.w.org\/{rel}","templated":true}]}}