{"id":8932,"date":"2022-03-14T19:45:14","date_gmt":"2022-03-14T19:45:14","guid":{"rendered":"https:\/\/thermal-lube.com\/?page_id=8932"},"modified":"2026-03-04T07:34:30","modified_gmt":"2026-03-04T12:34:30","slug":"adjuvants-agricoles","status":"publish","type":"page","link":"https:\/\/thermal-lube.com\/fr\/produits-specialises\/adjuvants-agricoles\/","title":{"rendered":"Adjuvants agricoles"},"content":{"rendered":"<div class=\"wpb-content-wrapper\"><p>[vc_row full_width=\u00a0\u00bbstretch_row\u00a0\u00bb background_position=\u00a0\u00bbcenter center\u00a0\u00bb css=\u00a0\u00bb.vc_custom_1647356677844{background-image: url(https:\/\/thermal-lube.com\/wp-content\/uploads\/2022\/02\/Banana-640.jpg?id=5655) !important;background-position: center !important;background-repeat: no-repeat !important;background-size: cover !important;}\u00a0\u00bb][vc_column width=\u00a0\u00bb2\/3&Prime;][vc_empty_space height=\u00a0\u00bb60px\u00a0\u00bb][vc_row_inner css=\u00a0\u00bb.vc_custom_1632324426350{padding-left: 4px !important;}\u00a0\u00bb][vc_column_inner css=\u00a0\u00bb.vc_custom_1632324624169{border-left-width: 8px !important;background-color: #ffffff !important;border-left-color: #0e469b !important;border-left-style: solid !important;}\u00a0\u00bb][vc_column_text css=\u00a0\u00bb\u00a0\u00bb]<\/p>\n<h1 style=\"font-size: 50px; line-height: 50px; color: #333333;\"><strong>Adjuvants Agricoles\u00a0<\/strong><\/h1>\n<p>[\/vc_column_text][vc_column_text]<\/p>\n<p style=\"font-size: 24px; line-height: 26px;\">Ces adjuvants sont ajout\u00e9s aux produits phytosanitaires pour renforcer l&rsquo;efficacit\u00e9 du pesticide, insecticide ou herbicide et am\u00e9liorer les performances globales.<br \/>\nIls peuvent \u00e9galement \u00eatre utilis\u00e9s comme barri\u00e8re \u00ab autonome \u00bb pour prot\u00e9ger les cultures des coups de soleil, du gel, des moisissures et des bact\u00e9ries en suspension dans l&rsquo;air.<\/p>\n<p style=\"font-size: 24px; line-height: 26px;\">Cliquez sur l&rsquo;un des produits ci-dessous pour en savoir plus<\/p>\n<p>[\/vc_column_text][vc_empty_space][\/vc_column_inner][\/vc_row_inner][vc_empty_space height=\u00a0\u00bb60px\u00a0\u00bb][\/vc_column][vc_column width=\u00a0\u00bb1\/3&Prime;][\/vc_column][\/vc_row][vc_row][vc_column][vc_empty_space height=\u00a0\u00bb60px\u00a0\u00bb][\/vc_column][\/vc_row][vc_row][vc_column][vc_column_text]<\/p>\n<p style=\"text-align: left;\"><span style=\"font-size: 16px; color: rgba(14,70,155,0.75);\"><strong>Pointer sur un produit pour voir le nom complet<\/strong><\/span><\/p>\n<p>[\/vc_column_text][\/vc_column][\/vc_row][vc_row][vc_column width=\u00a0\u00bb1\/3&Prime;]<div id=\"nitro_custom_css_809399838\" class=\"image-banner tc text style-13\"><div class=\"pr oh cs-12 cxs-12\"><a href=\"\/fr\/produits-specialises\/adjuvants-agricoles\/xl6425\/\" class=\"dt oh pr cxs-12 cs-12\"><img decoding=\"async\" class=\"front ts-04 cxs-12 cs-12\" src=\"https:\/\/thermal-lube.com\/wp-content\/uploads\/2022\/02\/Banana-640.jpg\" width=\"960\"  height=\"640\" alt=\"Front Image\" \/><\/a><div class=\"content\"><div class=\"inner-content\"><h2>XL6425<\/h2><p>POLYHYDRA-O (PHO)<\/p><\/div><\/div><\/div><\/div>[vc_empty_space height=\u00a0\u00bb30px\u00a0\u00bb][\/vc_column][vc_column width=\u00a0\u00bb1\/3&Prime;][\/vc_column][vc_column width=\u00a0\u00bb1\/3&Prime;][\/vc_column][\/vc_row][vc_row][vc_column][vc_empty_space height=\u00a0\u00bb60px\u00a0\u00bb][\/vc_column][\/vc_row]<\/p>\n<\/div>","protected":false},"excerpt":{"rendered":"<p>[vc_row full_width=\u00a0\u00bbstretch_row\u00a0\u00bb background_position=\u00a0\u00bbcenter center\u00a0\u00bb css=\u00a0\u00bb.vc_custom_1647356677844{background-image: url(https:\/\/thermal-lube.com\/wp-content\/uploads\/2022\/02\/Banana-640.jpg?id=5655) !important;background-position: center !important;background-repeat: no-repeat !important;background-size: cover !important;}\u00a0\u00bb][vc_column width=\u00a0\u00bb2\/3&Prime;][vc_empty_space height=\u00a0\u00bb60px\u00a0\u00bb][vc_row_inner css=\u00a0\u00bb.vc_custom_1632324426350{padding-left: 4px !important;}\u00a0\u00bb][vc_column_inner css=\u00a0\u00bb.vc_custom_1632324624169{border-left-width: 8px !important;background-color: #ffffff !important;border-left-color: #0e469b !important;border-left-style: solid !important;}\u00a0\u00bb][vc_column_text css=\u00a0\u00bb\u00a0\u00bb] Adjuvants Agricoles\u00a0 [\/vc_column_text][vc_column_text] Ces adjuvants sont ajout\u00e9s aux produits phytosanitaires pour renforcer l&rsquo;efficacit\u00e9 du pesticide, insecticide ou herbicide et am\u00e9liorer les performances globales. Ils peuvent \u00e9galement \u00eatre [&hellip;]<\/p>\n","protected":false},"author":2,"featured_media":0,"parent":9121,"menu_order":0,"comment_status":"closed","ping_status":"closed","template":"","meta":{"om_disable_all_campaigns":false,"_uf_show_specific_survey":0,"_uf_disable_surveys":false,"footnotes":""},"class_list":["post-8932","page","type-page","status-publish","hentry"],"aioseo_notices":[],"_links":{"self":[{"href":"https:\/\/thermal-lube.com\/fr\/wp-json\/wp\/v2\/pages\/8932","targetHints":{"allow":["GET"]}}],"collection":[{"href":"https:\/\/thermal-lube.com\/fr\/wp-json\/wp\/v2\/pages"}],"about":[{"href":"https:\/\/thermal-lube.com\/fr\/wp-json\/wp\/v2\/types\/page"}],"author":[{"embeddable":true,"href":"https:\/\/thermal-lube.com\/fr\/wp-json\/wp\/v2\/users\/2"}],"replies":[{"embeddable":true,"href":"https:\/\/thermal-lube.com\/fr\/wp-json\/wp\/v2\/comments?post=8932"}],"version-history":[{"count":9,"href":"https:\/\/thermal-lube.com\/fr\/wp-json\/wp\/v2\/pages\/8932\/revisions"}],"predecessor-version":[{"id":15249,"href":"https:\/\/thermal-lube.com\/fr\/wp-json\/wp\/v2\/pages\/8932\/revisions\/15249"}],"up":[{"embeddable":true,"href":"https:\/\/thermal-lube.com\/fr\/wp-json\/wp\/v2\/pages\/9121"}],"wp:attachment":[{"href":"https:\/\/thermal-lube.com\/fr\/wp-json\/wp\/v2\/media?parent=8932"}],"curies":[{"name":"wp","href":"https:\/\/api.w.org\/{rel}","templated":true}]}}