{"id":5085,"date":"2021-10-18T16:27:56","date_gmt":"2021-10-18T16:27:56","guid":{"rendered":"https:\/\/thermal-lube.com\/?page_id=5085"},"modified":"2022-06-04T18:22:41","modified_gmt":"2022-06-04T18:22:41","slug":"xl0925","status":"publish","type":"page","link":"https:\/\/thermal-lube.com\/fr\/produits-lubrifiants\/graisses-speciales\/xl0925\/","title":{"rendered":"XL0925"},"content":{"rendered":"<div class=\"wpb-content-wrapper\"><p>[vc_row content_placement=\u00a0\u00bbmiddle\u00a0\u00bb css=\u00a0\u00bb.vc_custom_1631721216384{margin-top: 50px !important;}\u00a0\u00bb][vc_column width=\u00a0\u00bb1\/2&Prime;][vc_single_image image=\u00a0\u00bb6600&Prime; img_size=\u00a0\u00bbmedium\u00a0\u00bb alignment=\u00a0\u00bbcenter\u00a0\u00bb css=\u00a0\u00bb.vc_custom_1646589081065{margin-bottom: 18px !important;}\u00a0\u00bb title=\u00a0\u00bbXL0925&Prime;]<div id=\"nitro_custom_css_488566815\" class=\"sc-button  tc\"><a href=\"https:\/\/thermal-lube.com\/wp-content\/uploads\/DataSheets\/XL0925tfw.pdf\" title=\"\" target=\"_blank\"><span>T\u00e9lecharger la Fiche Technique<\/span><\/a><\/div>[\/vc_column][vc_column width=\u00a0\u00bb1\/2&Prime;][vc_column_text css=\u00a0\u00bb.vc_custom_1654366955092{margin-bottom: 18px !important;}\u00a0\u00bb]<\/p>\n<h1 style=\"font-size: 28px; line-height: 32px; text-align: center;\">GRAISSE HYBRIDE SYNTH\u00c9TIQUE \u00abDGG\u00bb<\/h1>\n<p>[\/vc_column_text][vc_column_text]<\/p>\n<h4>XL0925 est une graisse hybride manufactur\u00e9e \u00e0 partir des huiles 100% synth\u00e9tiques. C&rsquo;est une graisse hydrophobique, utilis\u00e9 pour les m\u00e9canismes de roulement. Cette graisse est sp\u00e9cialement formul\u00e9e pour supporter des pressions statiques extr\u00eamement \u00e9lev\u00e9es ayant des tours-minutes tr\u00e8s lents et intermittents<\/h4>\n<p>[\/vc_column_text][\/vc_column][\/vc_row][vc_row][vc_column][vc_empty_space height=\u00a0\u00bb50px\u00a0\u00bb][\/vc_column][\/vc_row][vc_row][vc_column][\/vc_column][\/vc_row][vc_row full_width=\u00a0\u00bbstretch_row\u00a0\u00bb css=\u00a0\u00bb.vc_custom_1631725310905{background-color: #0e469b !important;}\u00a0\u00bb][vc_column width=\u00a0\u00bb1\/6&Prime;][\/vc_column][vc_column width=\u00a0\u00bb2\/3&Prime;][vc_empty_space][vc_column_text]<a id=\"request-quote\"><\/a>[\/vc_column_text][vc_column_text css=\u00a0\u00bb.vc_custom_1631725283920{margin-bottom: 12px !important;}\u00a0\u00bb]<\/p>\n<h3 style=\"font-size: 26px; line-height: 30px; text-align: center; color: #f1f1f1;\">Request A Quote<\/h3>\n<p>[\/vc_column_text][vc_column_text]<\/p>\n<p style=\"font-size: 20px; line-height: 22px; text-align: center; color: #f1f1f1;\">Please fill out the form below and we will respond as soon as possible.<\/p>\n<p>[\/vc_column_text]\n<div class=\"wpcf7 no-js\" id=\"wpcf7-f2556-o1\" lang=\"en-US\" dir=\"ltr\" data-wpcf7-id=\"2556\">\n<div class=\"screen-reader-response\"><p role=\"status\" aria-live=\"polite\" aria-atomic=\"true\"><\/p> <ul><\/ul><\/div>\n<form action=\"\/fr\/wp-json\/wp\/v2\/pages\/5085#wpcf7-f2556-o1\" method=\"post\" class=\"wpcf7-form init\" aria-label=\"Contact form\" novalidate=\"novalidate\" data-status=\"init\">\n<fieldset class=\"hidden-fields-container\"><input type=\"hidden\" name=\"_wpcf7\" value=\"2556\" \/><input type=\"hidden\" name=\"_wpcf7_version\" value=\"6.1.5\" \/><input type=\"hidden\" name=\"_wpcf7_locale\" value=\"en_US\" \/><input type=\"hidden\" name=\"_wpcf7_unit_tag\" value=\"wpcf7-f2556-o1\" \/><input type=\"hidden\" name=\"_wpcf7_container_post\" value=\"0\" \/><input type=\"hidden\" name=\"_wpcf7_posted_data_hash\" value=\"\" \/><input type=\"hidden\" name=\"_wpcf7_recaptcha_response\" value=\"\" \/>\n<\/fieldset>\n<p>[vc_row][vc_column width=\"1\/2\"]<div class=\" vc_custom_1631719691909\"><span class=\"wpcf7-form-control-wrap\" data-name=\"text-154\"><input size=\"40\" maxlength=\"400\" class=\"wpcf7-form-control wpcf7-text wpcf7-validates-as-required\" aria-required=\"true\" aria-invalid=\"false\" placeholder=\"First Name\" value=\"\" type=\"text\" name=\"text-154\" \/><\/span><\/div>[\/vc_column][vc_column width=\"1\/2\"]<div class=\" vc_custom_1631719706900\"><span class=\"wpcf7-form-control-wrap\" data-name=\"text-33\"><input size=\"40\" maxlength=\"400\" class=\"wpcf7-form-control wpcf7-text wpcf7-validates-as-required\" aria-required=\"true\" aria-invalid=\"false\" placeholder=\"Last Name\" value=\"\" type=\"text\" name=\"text-33\" \/><\/span><\/div>[\/vc_column][\/vc_row][vc_row][vc_column width=\"1\/2\"]<div class=\" vc_custom_1631719727752\"><span class=\"wpcf7-form-control-wrap\" data-name=\"text-628\"><input size=\"40\" maxlength=\"400\" class=\"wpcf7-form-control wpcf7-text wpcf7-validates-as-required\" aria-required=\"true\" aria-invalid=\"false\" placeholder=\"Company\" value=\"\" type=\"text\" name=\"text-628\" \/><\/span><\/div>[\/vc_column][vc_column width=\"1\/2\"]<div class=\" vc_custom_1631719872208\"><span class=\"wpcf7-form-control-wrap\" data-name=\"text-545\"><input size=\"40\" maxlength=\"400\" class=\"wpcf7-form-control wpcf7-text wpcf7-validates-as-required\" aria-required=\"true\" aria-invalid=\"false\" placeholder=\"Country\" value=\"\" type=\"text\" name=\"text-545\" \/><\/span><\/div>[\/vc_column][\/vc_row][vc_row][vc_column width=\"1\/2\"]<div class=\" vc_custom_1631719901664\"><span class=\"wpcf7-form-control-wrap\" data-name=\"email-233\"><input size=\"40\" maxlength=\"400\" class=\"wpcf7-form-control wpcf7-email wpcf7-validates-as-required wpcf7-text wpcf7-validates-as-email\" aria-required=\"true\" aria-invalid=\"false\" placeholder=\"Your Email\" value=\"\" type=\"email\" name=\"email-233\" \/><\/span><\/div>[\/vc_column][vc_column width=\"1\/2\"]<div class=\" vc_custom_1631719919942\"><span class=\"wpcf7-form-control-wrap\" data-name=\"text-142\"><input size=\"40\" maxlength=\"400\" class=\"wpcf7-form-control wpcf7-text wpcf7-validates-as-required\" aria-required=\"true\" aria-invalid=\"false\" placeholder=\"Your Telephone\" value=\"\" type=\"text\" name=\"text-142\" \/><\/span><\/div>[\/vc_column][\/vc_row][vc_row][vc_column]<div class=\" vc_custom_1633106709017\"><span class=\"wpcf7-form-control-wrap\" data-name=\"textarea-408\"><textarea cols=\"40\" rows=\"3\" maxlength=\"2000\" class=\"wpcf7-form-control wpcf7-textarea\" aria-invalid=\"false\" placeholder=\"How can we help you today?\" name=\"textarea-408\"><\/textarea><\/span><\/div>[\/vc_column][\/vc_row][vc_row][vc_column]<div class=\" vc_custom_1631720141791\"><input class=\"wpcf7-form-control wpcf7-submit has-spinner\" type=\"submit\" value=\"Send\" \/><\/div>[\/vc_column][\/vc_row][vc_row][vc_column][vc_column_text]<span style=\"color: #ffffff;\">Thermal-Lube Inc. may keep your email address and contact information on file. Your privacy is important to us and we will not sell or distribute your contact information. From time to time, Thermal-Lube may send you marketing materials. You always have the option to unsubscribe.<\/span>[\/vc_column_text][\/vc_column][\/vc_row]\n<\/p><div class=\"wpcf7-response-output\" aria-hidden=\"true\"><\/div>\n<\/form>\n<\/div>\n<style>.vc_custom_1631719691909{margin-bottom: 5px !important;}.vc_custom_1631719706900{margin-bottom: 5px !important;}.vc_custom_1631719727752{margin-bottom: 5px !important;}.vc_custom_1631719872208{margin-bottom: 5px !important;}.vc_custom_1631719901664{margin-bottom: 5px !important;}.vc_custom_1631719919942{margin-bottom: 5px !important;}.vc_custom_1633106709017{margin-bottom: 5px !important;}.vc_custom_1631720141791{margin-bottom: 5px !important;}<\/style>[\/vc_column][vc_column width=\u00a0\u00bb1\/6&Prime;][\/vc_column][\/vc_row]<\/p>\n<\/div>","protected":false},"excerpt":{"rendered":"<p>[vc_row content_placement=\u00a0\u00bbmiddle\u00a0\u00bb css=\u00a0\u00bb.vc_custom_1631721216384{margin-top: 50px !important;}\u00a0\u00bb][vc_column width=\u00a0\u00bb1\/2&Prime;][vc_single_image image=\u00a0\u00bb6600&Prime; img_size=\u00a0\u00bbmedium\u00a0\u00bb alignment=\u00a0\u00bbcenter\u00a0\u00bb css=\u00a0\u00bb.vc_custom_1646589081065{margin-bottom: 18px !important;}\u00a0\u00bb title=\u00a0\u00bbXL0925&Prime;][\/vc_column][vc_column width=\u00a0\u00bb1\/2&Prime;][vc_column_text css=\u00a0\u00bb.vc_custom_1654366955092{margin-bottom: 18px !important;}\u00a0\u00bb] GRAISSE HYBRIDE SYNTH\u00c9TIQUE \u00abDGG\u00bb [\/vc_column_text][vc_column_text] XL0925 est une graisse hybride manufactur\u00e9e \u00e0 partir des huiles 100% synth\u00e9tiques. C&rsquo;est une graisse hydrophobique, utilis\u00e9 pour les m\u00e9canismes de roulement. Cette graisse est sp\u00e9cialement formul\u00e9e pour supporter des pressions statiques extr\u00eamement [&hellip;]<\/p>\n","protected":false},"author":1,"featured_media":0,"parent":4415,"menu_order":0,"comment_status":"closed","ping_status":"closed","template":"","meta":{"om_disable_all_campaigns":false,"_uf_show_specific_survey":0,"_uf_disable_surveys":false,"footnotes":""},"class_list":["post-5085","page","type-page","status-publish","hentry"],"aioseo_notices":[],"_links":{"self":[{"href":"https:\/\/thermal-lube.com\/fr\/wp-json\/wp\/v2\/pages\/5085","targetHints":{"allow":["GET"]}}],"collection":[{"href":"https:\/\/thermal-lube.com\/fr\/wp-json\/wp\/v2\/pages"}],"about":[{"href":"https:\/\/thermal-lube.com\/fr\/wp-json\/wp\/v2\/types\/page"}],"author":[{"embeddable":true,"href":"https:\/\/thermal-lube.com\/fr\/wp-json\/wp\/v2\/users\/1"}],"replies":[{"embeddable":true,"href":"https:\/\/thermal-lube.com\/fr\/wp-json\/wp\/v2\/comments?post=5085"}],"version-history":[{"count":8,"href":"https:\/\/thermal-lube.com\/fr\/wp-json\/wp\/v2\/pages\/5085\/revisions"}],"predecessor-version":[{"id":9739,"href":"https:\/\/thermal-lube.com\/fr\/wp-json\/wp\/v2\/pages\/5085\/revisions\/9739"}],"up":[{"embeddable":true,"href":"https:\/\/thermal-lube.com\/fr\/wp-json\/wp\/v2\/pages\/4415"}],"wp:attachment":[{"href":"https:\/\/thermal-lube.com\/fr\/wp-json\/wp\/v2\/media?parent=5085"}],"curies":[{"name":"wp","href":"https:\/\/api.w.org\/{rel}","templated":true}]}}