{"id":4665,"date":"2021-10-18T15:35:26","date_gmt":"2021-10-18T15:35:26","guid":{"rendered":"https:\/\/thermal-lube.com\/?page_id=4665"},"modified":"2022-07-19T17:43:15","modified_gmt":"2022-07-19T17:43:15","slug":"xl7336","status":"publish","type":"page","link":"https:\/\/thermal-lube.com\/fr\/produits-lubrifiants\/compresseur\/xl7336\/","title":{"rendered":"XL7336"},"content":{"rendered":"<div class=\"wpb-content-wrapper\"><p>[vc_row content_placement=\u00a0\u00bbmiddle\u00a0\u00bb css=\u00a0\u00bb.vc_custom_1631721216384{margin-top: 50px !important;}\u00a0\u00bb][vc_column width=\u00a0\u00bb1\/2&Prime;][vc_single_image image=\u00a0\u00bb6276&Prime; img_size=\u00a0\u00bbmedium\u00a0\u00bb alignment=\u00a0\u00bbcenter\u00a0\u00bb css=\u00a0\u00bb.vc_custom_1646500036010{margin-bottom: 18px !important;}\u00a0\u00bb title=\u00a0\u00bbXL7336&Prime;]<div id=\"nitro_custom_css_1176626895\" class=\"sc-button  tc\"><a href=\"https:\/\/thermal-lube.com\/wp-content\/uploads\/DataSheets\/XL7336tfw.pdf\" title=\"\" target=\"_blank\"><span>T\u00e9l\u00e9charger la Fiche Technique<\/span><\/a><\/div>[\/vc_column][vc_column width=\u00a0\u00bb1\/2&Prime;][vc_column_text css=\u00a0\u00bb.vc_custom_1654428602240{margin-bottom: 18px !important;}\u00a0\u00bb]<\/p>\n<h1 style=\"font-size: 28px; line-height: 32px; text-align: center;\">HUILE SYNTH\u00c9TIQUE POUR LES COMPRESSEURS \u00c0 VIS<\/h1>\n<p>[\/vc_column_text][vc_column_text]<\/p>\n<h4>XL7336 est un lubrifiant synth\u00e9tique pour compresseurs formul\u00e9 avec des dispersants qui ne contiennent pas de cendre afin de garder les h\u00e9lices et les compresseurs \u00e0 vis propres.<br \/>\nXL7336 est \u00e9galement recommand\u00e9 pour les unit\u00e9s de combustion mobiles\/fixes o\u00f9 les particules provenant de la combustion doivent \u00eatre gard\u00e9 en suspension.<\/h4>\n<p>[\/vc_column_text][\/vc_column][\/vc_row][vc_row][vc_column][vc_empty_space height=\u00a0\u00bb50px\u00a0\u00bb][\/vc_column][\/vc_row][vc_row][vc_column][\/vc_column][\/vc_row][vc_row full_width=\u00a0\u00bbstretch_row\u00a0\u00bb css=\u00a0\u00bb.vc_custom_1631725310905{background-color: #0e469b !important;}\u00a0\u00bb][vc_column width=\u00a0\u00bb1\/6&Prime;][\/vc_column][vc_column width=\u00a0\u00bb2\/3&Prime;][vc_empty_space][vc_column_text]<a id=\"request-quote\"><\/a>[\/vc_column_text][vc_column_text css=\u00a0\u00bb.vc_custom_1658252569079{margin-bottom: 12px !important;}\u00a0\u00bb]<\/p>\n<h3 style=\"font-size: 26px; line-height: 30px; text-align: center; color: #f1f1f1;\">Demande de Devis<\/h3>\n<p>[\/vc_column_text][vc_column_text]<\/p>\n<p style=\"font-size: 19px; line-height: 22px; text-align: center; color: #f1f1f1;\">Veuillez remplir le formulaire ci-dessous et nous vous r\u00e9pondrons dans les plus brefs d\u00e9lais.<\/p>\n<p>[\/vc_column_text]\n<div class=\"wpcf7 no-js\" id=\"wpcf7-f4530-o1\" lang=\"en-US\" dir=\"ltr\" data-wpcf7-id=\"4530\">\n<div class=\"screen-reader-response\"><p role=\"status\" aria-live=\"polite\" aria-atomic=\"true\"><\/p> <ul><\/ul><\/div>\n<form action=\"\/fr\/wp-json\/wp\/v2\/pages\/4665#wpcf7-f4530-o1\" method=\"post\" class=\"wpcf7-form init\" aria-label=\"Contact form\" novalidate=\"novalidate\" data-status=\"init\">\n<fieldset class=\"hidden-fields-container\"><input type=\"hidden\" name=\"_wpcf7\" value=\"4530\" \/><input type=\"hidden\" name=\"_wpcf7_version\" value=\"6.1.5\" \/><input type=\"hidden\" name=\"_wpcf7_locale\" value=\"en_US\" \/><input type=\"hidden\" name=\"_wpcf7_unit_tag\" value=\"wpcf7-f4530-o1\" \/><input type=\"hidden\" name=\"_wpcf7_container_post\" value=\"0\" \/><input type=\"hidden\" name=\"_wpcf7_posted_data_hash\" value=\"\" \/><input type=\"hidden\" name=\"_wpcf7_recaptcha_response\" value=\"\" \/>\n<\/fieldset>\n<p>[vc_row][vc_column width=\"1\/2\"]<div class=\" vc_custom_1637951792630\"><span class=\"wpcf7-form-control-wrap\" data-name=\"text-154\"><input size=\"40\" maxlength=\"400\" class=\"wpcf7-form-control wpcf7-text wpcf7-validates-as-required\" aria-required=\"true\" aria-invalid=\"false\" placeholder=\"Pr\u00e9nom\" value=\"\" type=\"text\" name=\"text-154\" \/><\/span><\/div>[\/vc_column][vc_column width=\"1\/2\"]<div class=\" vc_custom_1637951803459\"><span class=\"wpcf7-form-control-wrap\" data-name=\"text-33\"><input size=\"40\" maxlength=\"400\" class=\"wpcf7-form-control wpcf7-text wpcf7-validates-as-required\" aria-required=\"true\" aria-invalid=\"false\" placeholder=\"Nom\" value=\"\" type=\"text\" name=\"text-33\" \/><\/span><\/div>[\/vc_column][\/vc_row][vc_row][vc_column width=\"1\/2\"]<div class=\" vc_custom_1637951811981\"><span class=\"wpcf7-form-control-wrap\" data-name=\"text-628\"><input size=\"40\" maxlength=\"400\" class=\"wpcf7-form-control wpcf7-text wpcf7-validates-as-required\" aria-required=\"true\" aria-invalid=\"false\" placeholder=\"Entreprise\" value=\"\" type=\"text\" name=\"text-628\" \/><\/span><\/div>[\/vc_column][vc_column width=\"1\/2\"]<div class=\" vc_custom_1637951870850\"><span class=\"wpcf7-form-control-wrap\" data-name=\"text-545\"><input size=\"40\" maxlength=\"400\" class=\"wpcf7-form-control wpcf7-text wpcf7-validates-as-required\" aria-required=\"true\" aria-invalid=\"false\" placeholder=\"Pays\" value=\"\" type=\"text\" name=\"text-545\" \/><\/span><\/div>[\/vc_column][\/vc_row][vc_row][vc_column width=\"1\/2\"]<div class=\" vc_custom_1657744184841\"><span class=\"wpcf7-form-control-wrap\" data-name=\"email-233\"><input size=\"40\" maxlength=\"400\" class=\"wpcf7-form-control wpcf7-email wpcf7-validates-as-required wpcf7-text wpcf7-validates-as-email\" aria-required=\"true\" aria-invalid=\"false\" placeholder=\"Votre Courriel\" value=\"\" type=\"email\" name=\"email-233\" \/><\/span><\/div>[\/vc_column][vc_column width=\"1\/2\"]<div class=\" vc_custom_1637951896593\"><span class=\"wpcf7-form-control-wrap\" data-name=\"text-142\"><input size=\"40\" maxlength=\"400\" class=\"wpcf7-form-control wpcf7-text wpcf7-validates-as-required\" aria-required=\"true\" aria-invalid=\"false\" placeholder=\"T\u00e9l\u00e9phone\" value=\"\" type=\"text\" name=\"text-142\" \/><\/span><\/div>[\/vc_column][\/vc_row][vc_row][vc_column]<div class=\" vc_custom_1657745852977\"><span class=\"wpcf7-form-control-wrap\" data-name=\"textarea-408\"><textarea cols=\"40\" rows=\"3\" maxlength=\"2000\" class=\"wpcf7-form-control wpcf7-textarea\" aria-invalid=\"false\" placeholder=\"Comment pouvons-nous vous aider?\" name=\"textarea-408\"><\/textarea><\/span><\/div>[\/vc_column][\/vc_row][vc_row][vc_column]<div class=\" vc_custom_1637951990436\"><input class=\"wpcf7-form-control wpcf7-submit has-spinner\" type=\"submit\" value=\"Soumettre\" \/><\/div>[\/vc_column][\/vc_row][vc_row][vc_column][vc_column_text]<span style=\"color: #f1f1f1;\">Thermal-Lube Inc. peut garder votre adresse e-mail et les informations de contact sur le dossier. Votre vie priv\u00e9e est importante pour nous et nous vos coordonn\u00e9es ne seront pas vendre ou distribuer. De temps en temps, Thermal-Lube peut vous envoyer du mat\u00e9riel de marketing. Vous avez toujours la possibilit\u00e9 de se d\u00e9sabonner.<\/span>[\/vc_column_text][\/vc_column][\/vc_row]\n<\/p><div class=\"wpcf7-response-output\" aria-hidden=\"true\"><\/div>\n<\/form>\n<\/div>\n<style>.vc_custom_1637951792630{margin-bottom: 5px !important;}.vc_custom_1637951803459{margin-bottom: 5px !important;}.vc_custom_1637951811981{margin-bottom: 5px !important;}.vc_custom_1637951870850{margin-bottom: 5px !important;}.vc_custom_1657744184841{margin-bottom: 5px !important;}.vc_custom_1637951896593{margin-bottom: 5px !important;}.vc_custom_1657745852977{margin-bottom: 5px !important;padding-bottom: 0px !important;}.vc_custom_1637951990436{margin-bottom: 5px !important;}<\/style>[\/vc_column][vc_column width=\u00a0\u00bb1\/6&Prime;][\/vc_column][\/vc_row]<\/p>\n<\/div>","protected":false},"excerpt":{"rendered":"<p>[vc_row content_placement=\u00a0\u00bbmiddle\u00a0\u00bb css=\u00a0\u00bb.vc_custom_1631721216384{margin-top: 50px !important;}\u00a0\u00bb][vc_column width=\u00a0\u00bb1\/2&Prime;][vc_single_image image=\u00a0\u00bb6276&Prime; img_size=\u00a0\u00bbmedium\u00a0\u00bb alignment=\u00a0\u00bbcenter\u00a0\u00bb css=\u00a0\u00bb.vc_custom_1646500036010{margin-bottom: 18px !important;}\u00a0\u00bb title=\u00a0\u00bbXL7336&Prime;][\/vc_column][vc_column width=\u00a0\u00bb1\/2&Prime;][vc_column_text css=\u00a0\u00bb.vc_custom_1654428602240{margin-bottom: 18px !important;}\u00a0\u00bb] HUILE SYNTH\u00c9TIQUE POUR LES COMPRESSEURS \u00c0 VIS [\/vc_column_text][vc_column_text] XL7336 est un lubrifiant synth\u00e9tique pour compresseurs formul\u00e9 avec des dispersants qui ne contiennent pas de cendre afin de garder les h\u00e9lices et les compresseurs \u00e0 vis propres. XL7336 est [&hellip;]<\/p>\n","protected":false},"author":1,"featured_media":0,"parent":4360,"menu_order":0,"comment_status":"closed","ping_status":"closed","template":"","meta":{"om_disable_all_campaigns":false,"_uf_show_specific_survey":0,"_uf_disable_surveys":false,"footnotes":""},"class_list":["post-4665","page","type-page","status-publish","hentry"],"aioseo_notices":[],"_links":{"self":[{"href":"https:\/\/thermal-lube.com\/fr\/wp-json\/wp\/v2\/pages\/4665","targetHints":{"allow":["GET"]}}],"collection":[{"href":"https:\/\/thermal-lube.com\/fr\/wp-json\/wp\/v2\/pages"}],"about":[{"href":"https:\/\/thermal-lube.com\/fr\/wp-json\/wp\/v2\/types\/page"}],"author":[{"embeddable":true,"href":"https:\/\/thermal-lube.com\/fr\/wp-json\/wp\/v2\/users\/1"}],"replies":[{"embeddable":true,"href":"https:\/\/thermal-lube.com\/fr\/wp-json\/wp\/v2\/comments?post=4665"}],"version-history":[{"count":8,"href":"https:\/\/thermal-lube.com\/fr\/wp-json\/wp\/v2\/pages\/4665\/revisions"}],"predecessor-version":[{"id":11585,"href":"https:\/\/thermal-lube.com\/fr\/wp-json\/wp\/v2\/pages\/4665\/revisions\/11585"}],"up":[{"embeddable":true,"href":"https:\/\/thermal-lube.com\/fr\/wp-json\/wp\/v2\/pages\/4360"}],"wp:attachment":[{"href":"https:\/\/thermal-lube.com\/fr\/wp-json\/wp\/v2\/media?parent=4665"}],"curies":[{"name":"wp","href":"https:\/\/api.w.org\/{rel}","templated":true}]}}