{"id":4415,"date":"2021-09-22T14:35:24","date_gmt":"2021-09-22T14:35:24","guid":{"rendered":"https:\/\/thermal-lube.com\/?page_id=4415"},"modified":"2026-02-24T14:10:20","modified_gmt":"2026-02-24T19:10:20","slug":"graisses-speciales","status":"publish","type":"page","link":"https:\/\/thermal-lube.com\/fr\/produits-lubrifiants\/graisses-speciales\/","title":{"rendered":"Graisses Sp\u00e9ciales"},"content":{"rendered":"<div class=\"wpb-content-wrapper\"><p>[vc_row full_width=\u00a0\u00bbstretch_row\u00a0\u00bb background_position=\u00a0\u00bbcenter center\u00a0\u00bb css=\u00a0\u00bb.vc_custom_1645895442868{background-image: url(https:\/\/thermal-lube.com\/wp-content\/uploads\/2021\/09\/mro-feature.jpg?id=2054) !important;background-position: center !important;background-repeat: no-repeat !important;background-size: cover !important;}\u00a0\u00bb][vc_column width=\u00a0\u00bb2\/3&Prime;][vc_empty_space height=\u00a0\u00bb60px\u00a0\u00bb][vc_row_inner css=\u00a0\u00bb.vc_custom_1632324426350{padding-left: 4px !important;}\u00a0\u00bb][vc_column_inner css=\u00a0\u00bb.vc_custom_1632324624169{border-left-width: 8px !important;background-color: #ffffff !important;border-left-color: #0e469b !important;border-left-style: solid !important;}\u00a0\u00bb][vc_column_text]<\/p>\n<h1 style=\"font-size: 50px; line-height: 50px; color: #333333;\"><strong>Graisses Sp\u00e9cialis\u00e9es<\/strong><\/h1>\n<p>[\/vc_column_text][vc_column_text]<\/p>\n<p style=\"font-size: 24px; line-height: 26px;\">Les graisses sp\u00e9cialis\u00e9es comprennent des fluides de base avec des caract\u00e9ristiques uniques pour des applications uniques que l&rsquo;on ne trouve pas avec la technologie \u00e0 base d&rsquo;hydrocarbures, d&rsquo;esters ou de glycols.<br \/>\nIls peuvent \u00e9galement contenir des lubrifiants solides pour une lubrification limite extr\u00eame.<\/p>\n<p style=\"font-size: 24px; line-height: 26px;\">Cliquez sur l&rsquo;un des produits ci-dessous pour en savoir plus.<\/p>\n<p>[\/vc_column_text][vc_empty_space][\/vc_column_inner][\/vc_row_inner][vc_empty_space height=\u00a0\u00bb60px\u00a0\u00bb][\/vc_column][vc_column width=\u00a0\u00bb1\/3&Prime;][\/vc_column][\/vc_row][vc_row][vc_column][vc_empty_space height=\u00a0\u00bb60px\u00a0\u00bb][\/vc_column][\/vc_row][vc_row][vc_column][vc_column_text]<\/p>\n<p style=\"text-align: left;\"><span style=\"font-size: 16px; color: rgba(14,70,155,0.75);\"><strong>Pointer sur un produit pour voir le nom complet<\/strong><\/span><\/p>\n<p>[\/vc_column_text][\/vc_column][\/vc_row][vc_row][vc_column width=\u00a0\u00bb1\/3&Prime;]<div id=\"nitro_custom_css_2015530572\" class=\"image-banner tc text style-13\"><div class=\"pr oh cs-12 cxs-12\"><a href=\"\/fr\/produits-lubrifiants\/graisses-speciales\/xl0545\/\" class=\"dt oh pr cxs-12 cs-12\"><img decoding=\"async\" class=\"front ts-04 cxs-12 cs-12\" src=\"https:\/\/thermal-lube.com\/wp-content\/uploads\/2021\/09\/mro-feature.jpg\" width=\"960\"  height=\"637\" alt=\"Front Image\" \/><\/a><div class=\"content\"><div class=\"inner-content\"><h2>XL0545<\/h2><p>GRAISSE HALOCARBONE INERTE<\/p><\/div><\/div><\/div><\/div>[vc_empty_space height=\u00a0\u00bb30px\u00a0\u00bb][\/vc_column][vc_column width=\u00a0\u00bb1\/3&Prime;]<div id=\"nitro_custom_css_415541917\" class=\"image-banner tc text style-13\"><div class=\"pr oh cs-12 cxs-12\"><a href=\"https:\/\/thermal-lube.com\/fr\/produits-lubrifiants\/graisses-speciales\/xl0548\/\" class=\"dt oh pr cxs-12 cs-12\"><img decoding=\"async\" class=\"front ts-04 cxs-12 cs-12\" src=\"https:\/\/thermal-lube.com\/wp-content\/uploads\/2021\/09\/mro-feature.jpg\" width=\"960\"  height=\"637\" alt=\"Front Image\" \/><\/a><div class=\"content\"><div class=\"inner-content\"><h2>XL0548<\/h2><p>GRAISSE PFPE DE ROULEMENT SYNTH\u00c9TIQUE \u00c0 HAUTE TEMP\u00c9RATURE<\/p><\/div><\/div><\/div><\/div>[vc_empty_space height=\u00a0\u00bb30px\u00a0\u00bb][\/vc_column][vc_column width=\u00a0\u00bb1\/3&Prime;]<div id=\"nitro_custom_css_141105622\" class=\"image-banner tc text style-13\"><div class=\"pr oh cs-12 cxs-12\"><a href=\"\/fr\/produits-lubrifiants\/graisses-speciales\/xl0701\/\" class=\"dt oh pr cxs-12 cs-12\"><img decoding=\"async\" class=\"front ts-04 cxs-12 cs-12\" src=\"https:\/\/thermal-lube.com\/wp-content\/uploads\/2021\/09\/mro-feature.jpg\" width=\"960\"  height=\"637\" alt=\"Front Image\" \/><\/a><div class=\"content\"><div class=\"inner-content\"><h2>XL0701<\/h2><p>GRAISSE SYNTH\u00c9TIQUE \u00c0 HAUTE PERFORMANCE \u00c0 FONTE LENTE POUR TEMP\u00c9RATURES \u00c9LEV\u00c9ES<\/p><\/div><\/div><\/div><\/div>[vc_empty_space height=\u00a0\u00bb30px\u00a0\u00bb][\/vc_column][\/vc_row][vc_row][vc_column width=\u00a0\u00bb1\/3&Prime;]<div id=\"nitro_custom_css_1846486763\" class=\"image-banner tc text style-13\"><div class=\"pr oh cs-12 cxs-12\"><a href=\"\/fr\/produits-lubrifiants\/graisses-speciales\/xl0726\/\" class=\"dt oh pr cxs-12 cs-12\"><img decoding=\"async\" class=\"front ts-04 cxs-12 cs-12\" src=\"https:\/\/thermal-lube.com\/wp-content\/uploads\/2021\/09\/mro-feature.jpg\" width=\"960\"  height=\"637\" alt=\"Front Image\" \/><\/a><div class=\"content\"><div class=\"inner-content\"><h2>XL0726<\/h2><p>GRAISSE PAG 100% SYNTHETIQUE POUR HAUTES TEMPERATURES<\/p><\/div><\/div><\/div><\/div>[vc_empty_space height=\u00a0\u00bb30px\u00a0\u00bb][\/vc_column][vc_column width=\u00a0\u00bb1\/3&Prime;]<div id=\"nitro_custom_css_1950427276\" class=\"image-banner tc text style-13\"><div class=\"pr oh cs-12 cxs-12\"><a href=\"\/fr\/produits-lubrifiants\/graisses-speciales\/xl0853\/\" class=\"dt oh pr cxs-12 cs-12\"><img decoding=\"async\" class=\"front ts-04 cxs-12 cs-12\" src=\"https:\/\/thermal-lube.com\/wp-content\/uploads\/2021\/09\/mro-feature.jpg\" width=\"960\"  height=\"637\" alt=\"Front Image\" \/><\/a><div class=\"content\"><div class=\"inner-content\"><h2>XL0853<\/h2><p>GRAISSE 100% SYNTH\u00c9TIQUE AVEC ALUMINIUM ET GRAPHITE POUR LES FOURS ROTATIFS<\/p><\/div><\/div><\/div><\/div>[vc_empty_space height=\u00a0\u00bb30px\u00a0\u00bb][\/vc_column][vc_column width=\u00a0\u00bb1\/3&Prime;]<div id=\"nitro_custom_css_242151408\" class=\"image-banner tc text style-13\"><div class=\"pr oh cs-12 cxs-12\"><a href=\"\/fr\/produits-lubrifiants\/graisses-speciales\/xl0854\/\" class=\"dt oh pr cxs-12 cs-12\"><img decoding=\"async\" class=\"front ts-04 cxs-12 cs-12\" src=\"https:\/\/thermal-lube.com\/wp-content\/uploads\/2021\/09\/mro-feature.jpg\" width=\"960\"  height=\"637\" alt=\"Front Image\" \/><\/a><div class=\"content\"><div class=\"inner-content\"><h2>XL0854<\/h2><p>GRAISSE SYNTH\u00c9TIQUE AVEC GRAPHITE POUR LES PNEUS ET COUSSINETS DES FOURS ROTATIFS<\/p><\/div><\/div><\/div><\/div>[vc_empty_space height=\u00a0\u00bb30px\u00a0\u00bb][\/vc_column][\/vc_row][vc_row][vc_column width=\u00a0\u00bb1\/3&Prime;]<div id=\"nitro_custom_css_1951954280\" class=\"image-banner tc text style-13\"><div class=\"pr oh cs-12 cxs-12\"><a href=\"\/fr\/produits-lubrifiants\/graisses-speciales\/xl0925\/\" class=\"dt oh pr cxs-12 cs-12\"><img decoding=\"async\" class=\"front ts-04 cxs-12 cs-12\" src=\"https:\/\/thermal-lube.com\/wp-content\/uploads\/2021\/09\/mro-feature.jpg\" width=\"960\"  height=\"637\" alt=\"Front Image\" \/><\/a><div class=\"content\"><div class=\"inner-content\"><h2>XL0925<\/h2><p>GRAISSE HYBRIDE SYNTH\u00c9TIQUE \u00abDGG\u00bb<\/p><\/div><\/div><\/div><\/div>[vc_empty_space height=\u00a0\u00bb30px\u00a0\u00bb][\/vc_column][vc_column width=\u00a0\u00bb1\/3&Prime;]<div id=\"nitro_custom_css_1810102771\" class=\"image-banner tc text style-13\"><div class=\"pr oh cs-12 cxs-12\"><a href=\"\/fr\/produits-lubrifiants\/graisses-speciales\/xl0937\/\" class=\"dt oh pr cxs-12 cs-12\"><img decoding=\"async\" class=\"front ts-04 cxs-12 cs-12\" src=\"https:\/\/thermal-lube.com\/wp-content\/uploads\/2021\/09\/mro-feature.jpg\" width=\"960\"  height=\"637\" alt=\"Front Image\" \/><\/a><div class=\"content\"><div class=\"inner-content\"><h2>XL0937<\/h2><p>GRAISSE SYNTH\u00c9TIQUE \u00c0 BASE DE SILICONE<\/p><\/div><\/div><\/div><\/div>[vc_empty_space height=\u00a0\u00bb30px\u00a0\u00bb][\/vc_column][vc_column width=\u00a0\u00bb1\/3&Prime;]<div id=\"nitro_custom_css_312304185\" class=\"image-banner tc text style-13\"><div class=\"pr oh cs-12 cxs-12\"><a href=\"\/fr\/produits-lubrifiants\/graisses-speciales\/xl0gc2\/\" class=\"dt oh pr cxs-12 cs-12\"><img decoding=\"async\" class=\"front ts-04 cxs-12 cs-12\" src=\"https:\/\/thermal-lube.com\/wp-content\/uploads\/2021\/09\/mro-feature.jpg\" width=\"960\"  height=\"637\" alt=\"Front Image\" \/><\/a><div class=\"content\"><div class=\"inner-content\"><h2>XL0GC2<\/h2><p>GRAISSE CONDUCTRICE \u00c9L\u00c9CTRIQUE<\/p><\/div><\/div><\/div><\/div>[vc_empty_space height=\u00a0\u00bb30px\u00a0\u00bb][\/vc_column][\/vc_row][vc_row][vc_column width=\u00a0\u00bb1\/3&Prime;]<div id=\"nitro_custom_css_880799010\" class=\"image-banner tc text style-13\"><div class=\"pr oh cs-12 cxs-12\"><a href=\"\/fr\/produits-lubrifiants\/graisses-speciales\/xl0og3\/\" class=\"dt oh pr cxs-12 cs-12\"><img decoding=\"async\" class=\"front ts-04 cxs-12 cs-12\" src=\"https:\/\/thermal-lube.com\/wp-content\/uploads\/2021\/09\/mro-feature.jpg\" width=\"960\"  height=\"637\" alt=\"Front Image\" \/><\/a><div class=\"content\"><div class=\"inner-content\"><h2>XL0OG3<\/h2><p>GRAISSE SYNTH\u00c9TIQUE NON-FONDANTE AVEC CUIVRE POUR LES ENGRENAGES OUVERTS<\/p><\/div><\/div><\/div><\/div>[vc_empty_space height=\u00a0\u00bb30px\u00a0\u00bb][\/vc_column][vc_column width=\u00a0\u00bb1\/3&Prime;]<div id=\"nitro_custom_css_81838833\" class=\"image-banner tc text style-13\"><div class=\"pr oh cs-12 cxs-12\"><a href=\"https:\/\/thermal-lube.com\/fr\/produits-lubrifiants\/graisses-speciales\/xl0og4\/\" class=\"dt oh pr cxs-12 cs-12\"><img decoding=\"async\" class=\"front ts-04 cxs-12 cs-12\" src=\"https:\/\/thermal-lube.com\/wp-content\/uploads\/2021\/09\/mro-feature.jpg\" width=\"960\"  height=\"637\" alt=\"Front Image\" \/><\/a><div class=\"content\"><div class=\"inner-content\"><h2>XL0OG4<\/h2><p>COMPOSE ANTI-GRIPPAGE POUR ASSEMBLAGE<\/p><\/div><\/div><\/div><\/div>[vc_empty_space height=\u00a0\u00bb30px\u00a0\u00bb][\/vc_column][vc_column width=\u00a0\u00bb1\/3&Prime;]<div id=\"nitro_custom_css_315595466\" class=\"image-banner tc text style-13\"><div class=\"pr oh cs-12 cxs-12\"><a href=\"\/fr\/produits-lubrifiants\/graisses-speciales\/xl0pr2\/\" class=\"dt oh pr cxs-12 cs-12\"><img decoding=\"async\" class=\"front ts-04 cxs-12 cs-12\" src=\"https:\/\/thermal-lube.com\/wp-content\/uploads\/2021\/09\/mro-feature.jpg\" width=\"960\"  height=\"637\" alt=\"Front Image\" \/><\/a><div class=\"content\"><div class=\"inner-content\"><h2>XL0PR2<\/h2><p>GRAISSE EN POLYUR\u00c9E SYNTH\u00c9TIQUE<\/p><\/div><\/div><\/div><\/div>[vc_empty_space height=\u00a0\u00bb30px\u00a0\u00bb][\/vc_column][\/vc_row][vc_row][vc_column width=\u00a0\u00bb1\/3&Prime;]<div id=\"nitro_custom_css_1348386767\" class=\"image-banner tc text style-13\"><div class=\"pr oh cs-12 cxs-12\"><a href=\"https:\/\/thermal-lube.com\/fr\/produits-lubrifiants\/graisses-speciales\/xl8787\/\" class=\"dt oh pr cxs-12 cs-12\"><img decoding=\"async\" class=\"front ts-04 cxs-12 cs-12\" src=\"https:\/\/thermal-lube.com\/wp-content\/uploads\/2021\/09\/mro-feature.jpg\" width=\"960\"  height=\"637\" alt=\"Front Image\" \/><\/a><div class=\"content\"><div class=\"inner-content\"><h2>XL8787<\/h2><p>GRAISSE POUR TIGE DE FORAGE AU BARYUM SUPER-COLLANTE<\/p><\/div><\/div><\/div><\/div>[vc_empty_space height=\u00a0\u00bb60px\u00a0\u00bb][\/vc_column][\/vc_row]<\/p>\n<\/div>","protected":false},"excerpt":{"rendered":"<p>[vc_row full_width=\u00a0\u00bbstretch_row\u00a0\u00bb background_position=\u00a0\u00bbcenter center\u00a0\u00bb css=\u00a0\u00bb.vc_custom_1645895442868{background-image: url(https:\/\/thermal-lube.com\/wp-content\/uploads\/2021\/09\/mro-feature.jpg?id=2054) !important;background-position: center !important;background-repeat: no-repeat !important;background-size: cover !important;}\u00a0\u00bb][vc_column width=\u00a0\u00bb2\/3&Prime;][vc_empty_space height=\u00a0\u00bb60px\u00a0\u00bb][vc_row_inner css=\u00a0\u00bb.vc_custom_1632324426350{padding-left: 4px !important;}\u00a0\u00bb][vc_column_inner css=\u00a0\u00bb.vc_custom_1632324624169{border-left-width: 8px !important;background-color: #ffffff !important;border-left-color: #0e469b !important;border-left-style: solid !important;}\u00a0\u00bb][vc_column_text] Graisses Sp\u00e9cialis\u00e9es [\/vc_column_text][vc_column_text] Les graisses sp\u00e9cialis\u00e9es comprennent des fluides de base avec des caract\u00e9ristiques uniques pour des applications uniques que l&rsquo;on ne trouve pas avec la technologie \u00e0 [&hellip;]<\/p>\n","protected":false},"author":1,"featured_media":0,"parent":4155,"menu_order":0,"comment_status":"closed","ping_status":"closed","template":"","meta":{"om_disable_all_campaigns":false,"_uf_show_specific_survey":0,"_uf_disable_surveys":false,"footnotes":""},"class_list":["post-4415","page","type-page","status-publish","hentry"],"aioseo_notices":[],"_links":{"self":[{"href":"https:\/\/thermal-lube.com\/fr\/wp-json\/wp\/v2\/pages\/4415","targetHints":{"allow":["GET"]}}],"collection":[{"href":"https:\/\/thermal-lube.com\/fr\/wp-json\/wp\/v2\/pages"}],"about":[{"href":"https:\/\/thermal-lube.com\/fr\/wp-json\/wp\/v2\/types\/page"}],"author":[{"embeddable":true,"href":"https:\/\/thermal-lube.com\/fr\/wp-json\/wp\/v2\/users\/1"}],"replies":[{"embeddable":true,"href":"https:\/\/thermal-lube.com\/fr\/wp-json\/wp\/v2\/comments?post=4415"}],"version-history":[{"count":42,"href":"https:\/\/thermal-lube.com\/fr\/wp-json\/wp\/v2\/pages\/4415\/revisions"}],"predecessor-version":[{"id":14856,"href":"https:\/\/thermal-lube.com\/fr\/wp-json\/wp\/v2\/pages\/4415\/revisions\/14856"}],"up":[{"embeddable":true,"href":"https:\/\/thermal-lube.com\/fr\/wp-json\/wp\/v2\/pages\/4155"}],"wp:attachment":[{"href":"https:\/\/thermal-lube.com\/fr\/wp-json\/wp\/v2\/media?parent=4415"}],"curies":[{"name":"wp","href":"https:\/\/api.w.org\/{rel}","templated":true}]}}