{"id":4369,"date":"2021-09-22T14:29:32","date_gmt":"2021-09-22T14:29:32","guid":{"rendered":"https:\/\/thermal-lube.com\/?page_id=4369"},"modified":"2023-01-18T14:56:44","modified_gmt":"2023-01-18T19:56:44","slug":"biodegradable","status":"publish","type":"page","link":"https:\/\/thermal-lube.com\/fr\/biodegradable\/","title":{"rendered":"Produits biod\u00e9gradables"},"content":{"rendered":"<div class=\"wpb-content-wrapper\"><p>[vc_row full_width=\u00a0\u00bbstretch_row\u00a0\u00bb background_position=\u00a0\u00bbcenter center\u00a0\u00bb css=\u00a0\u00bb.vc_custom_1634177909177{background-image: url(https:\/\/thermal-lube.com\/wp-content\/uploads\/2021\/09\/eco-friendly-feature.jpg?id=2105) !important;background-position: center !important;background-repeat: no-repeat !important;background-size: cover !important;}\u00a0\u00bb][vc_column width=\u00a0\u00bb2\/3&Prime;][vc_empty_space height=\u00a0\u00bb60px\u00a0\u00bb][vc_row_inner css=\u00a0\u00bb.vc_custom_1632324426350{padding-left: 4px !important;}\u00a0\u00bb][vc_column_inner css=\u00a0\u00bb.vc_custom_1632324624169{border-left-width: 8px !important;background-color: #ffffff !important;border-left-color: #0e469b !important;border-left-style: solid !important;}\u00a0\u00bb][vc_column_text]<\/p>\n<h1 style=\"font-size: 50px; line-height: 50px; color: #333333;\"><span style=\"font-size: 50px;\">Produits biod\u00e9gradables<\/span><\/h1>\n<p>[\/vc_column_text][vc_column_text]<\/p>\n<h5 style=\"font-size: 24px; line-height: 26px;\">La gamme croissante de lubrifiants biod\u00e9gradables de Thermal-Lube sont des produits enti\u00e8rement formul\u00e9s selon des sp\u00e9cifications rigoureuses avec des composants soigneusement s\u00e9lectionn\u00e9s qui sont chacun class\u00e9s comme \u00abcompatibles avec l&rsquo;environnement\u00bb et propices \u00e0 des applications d\u00e9finies.<\/h5>\n<h5 style=\"font-size: 24px; line-height: 26px;\">L&rsquo;analyse de l&rsquo;impact \u00e9cologique du cycle de vie complet de chaque composant individuel a \u00e9t\u00e9 abord\u00e9e et appliqu\u00e9e \u00e0 l&rsquo;effet global que chaque lubrifiant formul\u00e9 de cette s\u00e9rie aura sur l&rsquo;environnement.<\/h5>\n<h5 style=\"font-size: 24px; line-height: 26px;\">Cliquez sur l&rsquo;une des cat\u00e9gories ci-dessous pour en savoir plus.<\/h5>\n<p>[\/vc_column_text][\/vc_column_inner][\/vc_row_inner][vc_empty_space height=\u00a0\u00bb60px\u00a0\u00bb][\/vc_column][vc_column width=\u00a0\u00bb1\/3&Prime;][\/vc_column][\/vc_row][vc_row][vc_column][vc_empty_space height=\u00a0\u00bb60px\u00a0\u00bb][\/vc_column][\/vc_row][vc_row][vc_column width=\u00a0\u00bb1\/3&Prime;]<div id=\"nitro_custom_css_1308705336\" class=\"image-banner tc text style-3\"><div class=\"pr oh cs-12 cxs-12\"><a href=\"\/fr\/biodegradable\/graisses-biodegradables\/\" class=\"dt oh pr cxs-12 cs-12\"><img decoding=\"async\" class=\"front ts-04 cxs-12 cs-12\" src=\"https:\/\/thermal-lube.com\/wp-content\/uploads\/2022\/02\/Mining-640.jpg\" width=\"960\"  height=\"640\" alt=\"Front Image\" \/><\/a><div class=\"content\"><div class=\"inner-content\"><h2>GRAISSES BIOD\u00c9GRADABLE<\/h2><p><\/p><\/div><\/div><\/div><\/div>[vc_empty_space height=\u00a0\u00bb30px\u00a0\u00bb][\/vc_column][vc_column width=\u00a0\u00bb1\/3&Prime;]<div id=\"nitro_custom_css_1961286280\" class=\"image-banner tc text style-3\"><div class=\"pr oh cs-12 cxs-12\"><a href=\"\/fr\/biodegradable\/lubrifiants-mobiles-biodegradables\/\" class=\"dt oh pr cxs-12 cs-12\"><img decoding=\"async\" class=\"front ts-04 cxs-12 cs-12\" src=\"https:\/\/thermal-lube.com\/wp-content\/uploads\/2021\/09\/low-temp-feature.jpg\" width=\"960\"  height=\"640\" alt=\"Front Image\" \/><\/a><div class=\"content\"><div class=\"inner-content\"><h2>LUBRIFIANTS MOBILE BIOD\u00c9GRADABLES<\/h2><p><\/p><\/div><\/div><\/div><\/div>[vc_empty_space height=\u00a0\u00bb30px\u00a0\u00bb][\/vc_column][vc_column width=\u00a0\u00bb1\/3&Prime;]<div id=\"nitro_custom_css_771992283\" class=\"image-banner tc text style-3\"><div class=\"pr oh cs-12 cxs-12\"><a href=\"\/fr\/biodegradable\/huiles-biodegradables\/\" class=\"dt oh pr cxs-12 cs-12\"><img decoding=\"async\" class=\"front ts-04 cxs-12 cs-12\" src=\"https:\/\/thermal-lube.com\/wp-content\/uploads\/2022\/02\/Canal-640.jpg\" width=\"960\"  height=\"640\" alt=\"Front Image\" \/><\/a><div class=\"content\"><div class=\"inner-content\"><h2>HUILES BIOD\u00c9GRADABLE<\/h2><p><\/p><\/div><\/div><\/div><\/div>[vc_empty_space height=\u00a0\u00bb30px\u00a0\u00bb][\/vc_column][\/vc_row][vc_row][vc_column width=\u00a0\u00bb1\/3&Prime;]<div id=\"nitro_custom_css_328667432\" class=\"image-banner tc text style-3\"><div class=\"pr oh cs-12 cxs-12\"><a href=\"\/fr\/biodegradable\/abattants-de-poussiere-biodegradables\/\" class=\"dt oh pr cxs-12 cs-12\"><img decoding=\"async\" class=\"front ts-04 cxs-12 cs-12\" src=\"https:\/\/thermal-lube.com\/wp-content\/uploads\/2022\/03\/Dust-640.jpg\" width=\"960\"  height=\"640\" alt=\"Front Image\" \/><\/a><div class=\"content\"><div class=\"inner-content\"><h2>ABAT POUSSI\u00c8RE BIOD\u00c9GRADABLE<\/h2><p><\/p><\/div><\/div><\/div><\/div>[vc_empty_space height=\u00a0\u00bb30px\u00a0\u00bb][\/vc_column][vc_column width=\u00a0\u00bb1\/3&Prime;][vc_empty_space height=\u00a0\u00bb30px\u00a0\u00bb][\/vc_column][vc_column width=\u00a0\u00bb1\/3&Prime;][vc_empty_space height=\u00a0\u00bb30px\u00a0\u00bb][\/vc_column][\/vc_row][vc_row][vc_column][vc_empty_space height=\u00a0\u00bb60px\u00a0\u00bb][\/vc_column][\/vc_row]<\/p>\n<\/div>","protected":false},"excerpt":{"rendered":"<p>[vc_row full_width=\u00a0\u00bbstretch_row\u00a0\u00bb background_position=\u00a0\u00bbcenter center\u00a0\u00bb css=\u00a0\u00bb.vc_custom_1634177909177{background-image: url(https:\/\/thermal-lube.com\/wp-content\/uploads\/2021\/09\/eco-friendly-feature.jpg?id=2105) !important;background-position: center !important;background-repeat: no-repeat !important;background-size: cover !important;}\u00a0\u00bb][vc_column width=\u00a0\u00bb2\/3&Prime;][vc_empty_space height=\u00a0\u00bb60px\u00a0\u00bb][vc_row_inner css=\u00a0\u00bb.vc_custom_1632324426350{padding-left: 4px !important;}\u00a0\u00bb][vc_column_inner css=\u00a0\u00bb.vc_custom_1632324624169{border-left-width: 8px !important;background-color: #ffffff !important;border-left-color: #0e469b !important;border-left-style: solid !important;}\u00a0\u00bb][vc_column_text] Produits biod\u00e9gradables [\/vc_column_text][vc_column_text] La gamme croissante de lubrifiants biod\u00e9gradables de Thermal-Lube sont des produits enti\u00e8rement formul\u00e9s selon des sp\u00e9cifications rigoureuses avec des composants soigneusement s\u00e9lectionn\u00e9s qui sont chacun [&hellip;]<\/p>\n","protected":false},"author":1,"featured_media":0,"parent":0,"menu_order":0,"comment_status":"closed","ping_status":"closed","template":"","meta":{"om_disable_all_campaigns":false,"_uf_show_specific_survey":0,"_uf_disable_surveys":false,"footnotes":""},"class_list":["post-4369","page","type-page","status-publish","hentry"],"aioseo_notices":[],"_links":{"self":[{"href":"https:\/\/thermal-lube.com\/fr\/wp-json\/wp\/v2\/pages\/4369","targetHints":{"allow":["GET"]}}],"collection":[{"href":"https:\/\/thermal-lube.com\/fr\/wp-json\/wp\/v2\/pages"}],"about":[{"href":"https:\/\/thermal-lube.com\/fr\/wp-json\/wp\/v2\/types\/page"}],"author":[{"embeddable":true,"href":"https:\/\/thermal-lube.com\/fr\/wp-json\/wp\/v2\/users\/1"}],"replies":[{"embeddable":true,"href":"https:\/\/thermal-lube.com\/fr\/wp-json\/wp\/v2\/comments?post=4369"}],"version-history":[{"count":19,"href":"https:\/\/thermal-lube.com\/fr\/wp-json\/wp\/v2\/pages\/4369\/revisions"}],"predecessor-version":[{"id":12939,"href":"https:\/\/thermal-lube.com\/fr\/wp-json\/wp\/v2\/pages\/4369\/revisions\/12939"}],"wp:attachment":[{"href":"https:\/\/thermal-lube.com\/fr\/wp-json\/wp\/v2\/media?parent=4369"}],"curies":[{"name":"wp","href":"https:\/\/api.w.org\/{rel}","templated":true}]}}