{"id":4346,"date":"2021-09-22T14:26:18","date_gmt":"2021-09-22T14:26:18","guid":{"rendered":"https:\/\/thermal-lube.com\/?page_id=4346"},"modified":"2026-02-27T13:28:39","modified_gmt":"2026-02-27T18:28:39","slug":"lubrifiants-pour-cables-metalliques","status":"publish","type":"page","link":"https:\/\/thermal-lube.com\/fr\/produits-lubrifiants\/lubrifiants-pour-cables-metalliques\/","title":{"rendered":"Lubrifiants pour c\u00e2bles m\u00e9talliques"},"content":{"rendered":"<div class=\"wpb-content-wrapper\"><p>[vc_row full_width=\u00a0\u00bbstretch_row\u00a0\u00bb background_position=\u00a0\u00bbcenter center\u00a0\u00bb css=\u00a0\u00bb.vc_custom_1634177713462{background-image: url(https:\/\/thermal-lube.com\/wp-content\/uploads\/2021\/09\/cable-feature.jpg?id=2101) !important;background-position: center !important;background-repeat: no-repeat !important;background-size: cover !important;}\u00a0\u00bb][vc_column width=\u00a0\u00bb2\/3&Prime;][vc_empty_space height=\u00a0\u00bb60px\u00a0\u00bb][vc_row_inner css=\u00a0\u00bb.vc_custom_1632324426350{padding-left: 4px !important;}\u00a0\u00bb][vc_column_inner css=\u00a0\u00bb.vc_custom_1632324624169{border-left-width: 8px !important;background-color: #ffffff !important;border-left-color: #0e469b !important;border-left-style: solid !important;}\u00a0\u00bb][vc_column_text]<\/p>\n<h1 style=\"font-size: 50px; line-height: 50px; color: #333333;\"><strong>Lubrifiants pour c\u00e2bles m\u00e9talliques<\/strong><\/h1>\n<p>[\/vc_column_text][vc_column_text]<\/p>\n<p style=\"font-size: 24px; line-height: 26px;\">Les lubrifiants pour c\u00e2bles ont deux fonctions principales :<\/p>\n<p style=\"font-size: 24px; line-height: 26px;\">1. Pour r\u00e9duire la friction lorsque les fils individuels se d\u00e9placent les uns sur les autres.<\/p>\n<p style=\"font-size: 24px; line-height: 26px;\">2. Pour fournir une protection contre la corrosion et une lubrification dans le noyau et les fils int\u00e9rieurs et sur les surfaces ext\u00e9rieures.<\/p>\n<p style=\"font-size: 24px; line-height: 26px;\">Cliquez sur l&rsquo;un des produits ci-dessous pour en savoir plus.<\/p>\n<p>[\/vc_column_text][vc_empty_space][\/vc_column_inner][\/vc_row_inner][vc_empty_space height=\u00a0\u00bb60px\u00a0\u00bb][\/vc_column][vc_column width=\u00a0\u00bb1\/3&Prime;][\/vc_column][\/vc_row][vc_row][vc_column][vc_empty_space height=\u00a0\u00bb60px\u00a0\u00bb][\/vc_column][\/vc_row][vc_row][vc_column][vc_column_text]<\/p>\n<p style=\"text-align: left;\"><span style=\"font-size: 16px; color: rgba(14,70,155,0.75);\"><strong>Pointer sur un produit pour voir le nom complet<\/strong><\/span><\/p>\n<p>[\/vc_column_text][\/vc_column][\/vc_row][vc_row][vc_column width=\u00a0\u00bb1\/3&Prime;]<div id=\"nitro_custom_css_718296415\" class=\"image-banner tc text style-13\"><div class=\"pr oh cs-12 cxs-12\"><a href=\"\/fr\/produits-lubrifiants\/lubrifiants-pour-cables-metalliques\/xl2351-2\/\" class=\"dt oh pr cxs-12 cs-12\"><img decoding=\"async\" class=\"front ts-04 cxs-12 cs-12\" src=\"https:\/\/thermal-lube.com\/wp-content\/uploads\/2021\/09\/cable-feature.jpg\" width=\"960\"  height=\"640\" alt=\"Front Image\" \/><\/a><div class=\"content\"><div class=\"inner-content\"><h2>XL2351<\/h2><p>PELLICULE LUBRIFIANTE AVEC GRAPHITE \u00c0 S\u00c9CHAGE RAPIDE POUR TEMP\u00c9ATURES \u00c9L\u00c9V\u00c9ES<\/p><\/div><\/div><\/div><\/div>[vc_empty_space height=\u00a0\u00bb30px\u00a0\u00bb][\/vc_column][vc_column width=\u00a0\u00bb1\/3&Prime;]<div id=\"nitro_custom_css_801261002\" class=\"image-banner tc text style-13\"><div class=\"pr oh cs-12 cxs-12\"><a href=\"\/fr\/produits-lubrifiants\/lubrifiants-pour-cables-metalliques\/xl2352\/\" class=\"dt oh pr cxs-12 cs-12\"><img decoding=\"async\" class=\"front ts-04 cxs-12 cs-12\" src=\"https:\/\/thermal-lube.com\/wp-content\/uploads\/2021\/09\/cable-feature.jpg\" width=\"960\"  height=\"640\" alt=\"Front Image\" \/><\/a><div class=\"content\"><div class=\"inner-content\"><h2>XL2352<\/h2><p>S\u00c9CHAGE MEDIUM ININFLAMMABLE LUBRIFIANTE S\u00c8CHE AVEC GRAPHITE<\/p><\/div><\/div><\/div><\/div>[vc_empty_space height=\u00a0\u00bb30px\u00a0\u00bb][\/vc_column][vc_column width=\u00a0\u00bb1\/3&Prime;]<div id=\"nitro_custom_css_1477531881\" class=\"image-banner tc text style-13\"><div class=\"pr oh cs-12 cxs-12\"><a href=\"\/fr\/produits-lubrifiants\/lubrifiants-pour-cables-metalliques\/xl2353\/\" class=\"dt oh pr cxs-12 cs-12\"><img decoding=\"async\" class=\"front ts-04 cxs-12 cs-12\" src=\"https:\/\/thermal-lube.com\/wp-content\/uploads\/2021\/09\/cable-feature.jpg\" width=\"960\"  height=\"640\" alt=\"Front Image\" \/><\/a><div class=\"content\"><div class=\"inner-content\"><h2>XL2353<\/h2><p>PELLICULE NON-TOXIQUE; ININFLAMMABLE AU S\u00c9CHAGE VITE AVEC MOLYBD\u00c8NE<\/p><\/div><\/div><\/div><\/div>[vc_empty_space height=\u00a0\u00bb30px\u00a0\u00bb][\/vc_column][\/vc_row][vc_row][vc_column width=\u00a0\u00bb1\/3&Prime;]<div id=\"nitro_custom_css_1481660222\" class=\"image-banner tc text style-13\"><div class=\"pr oh cs-12 cxs-12\"><a href=\"\/fr\/produits-lubrifiants\/lubrifiants-pour-cables-metalliques\/xl6500\/\" class=\"dt oh pr cxs-12 cs-12\"><img decoding=\"async\" class=\"front ts-04 cxs-12 cs-12\" src=\"https:\/\/thermal-lube.com\/wp-content\/uploads\/2021\/09\/cable-feature.jpg\" width=\"960\"  height=\"640\" alt=\"Front Image\" \/><\/a><div class=\"content\"><div class=\"inner-content\"><h2>XL6500<\/h2><p>ENDUIT POUR CABLE D\u2019ACIER D\u00c9PLACE L'EAU ET PREVIENT LA ROUILLE<\/p><\/div><\/div><\/div><\/div>[vc_empty_space height=\u00a0\u00bb30px\u00a0\u00bb][\/vc_column][vc_column width=\u00a0\u00bb1\/3&Prime;]<div id=\"nitro_custom_css_1683807304\" class=\"image-banner tc text style-13\"><div class=\"pr oh cs-12 cxs-12\"><a href=\"\/fr\/produits-lubrifiants\/lubrifiants-pour-cables-metalliques\/xl6501\/\" class=\"dt oh pr cxs-12 cs-12\"><img decoding=\"async\" class=\"front ts-04 cxs-12 cs-12\" src=\"https:\/\/thermal-lube.com\/wp-content\/uploads\/2021\/09\/cable-feature.jpg\" width=\"960\"  height=\"640\" alt=\"Front Image\" \/><\/a><div class=\"content\"><div class=\"inner-content\"><h2>XL6501<\/h2><p>LUBRIFIANT POUR C\u00c2BLES ET CH\u00c2INES EN M\u00c9TAL ENDUIT RESISTANT A LA ROUILLE<\/p><\/div><\/div><\/div><\/div>[vc_empty_space height=\u00a0\u00bb30px\u00a0\u00bb][\/vc_column][vc_column width=\u00a0\u00bb1\/3&Prime;]<div id=\"nitro_custom_css_1874502622\" class=\"image-banner tc text style-13\"><div class=\"pr oh cs-12 cxs-12\"><a href=\"\/fr\/produits-lubrifiants\/lubrifiants-pour-cables-metalliques\/xl6570\/\" class=\"dt oh pr cxs-12 cs-12\"><img decoding=\"async\" class=\"front ts-04 cxs-12 cs-12\" src=\"https:\/\/thermal-lube.com\/wp-content\/uploads\/2021\/09\/cable-feature.jpg\" width=\"960\"  height=\"640\" alt=\"Front Image\" \/><\/a><div class=\"content\"><div class=\"inner-content\"><h2>XL6570<\/h2><p>ENDUIT DE CABLE METALLIQUE PTFE COMPATIBLE AVEC LE POLYPROPYLENE<\/p><\/div><\/div><\/div><\/div>[vc_empty_space height=\u00a0\u00bb30px\u00a0\u00bb][\/vc_column][\/vc_row][vc_row][vc_column width=\u00a0\u00bb1\/3&Prime;]<div id=\"nitro_custom_css_537798485\" class=\"image-banner tc text style-13\"><div class=\"pr oh cs-12 cxs-12\"><a href=\"\/fr\/produits-lubrifiants\/lubrifiants-pour-cables-metalliques\/xl8707\/\" class=\"dt oh pr cxs-12 cs-12\"><img decoding=\"async\" class=\"front ts-04 cxs-12 cs-12\" src=\"https:\/\/thermal-lube.com\/wp-content\/uploads\/2021\/09\/cable-feature.jpg\" width=\"960\"  height=\"640\" alt=\"Front Image\" \/><\/a><div class=\"content\"><div class=\"inner-content\"><h2>XL8707<\/h2><p>GRAISSE SULFONAT DE CALCUIM FORTIFI\u00c9 EN SILICE<\/p><\/div><\/div><\/div><\/div>[vc_empty_space height=\u00a0\u00bb30px\u00a0\u00bb][\/vc_column][vc_column width=\u00a0\u00bb1\/3&Prime;]<div id=\"nitro_custom_css_1774558610\" class=\"image-banner tc text style-13\"><div class=\"pr oh cs-12 cxs-12\"><a href=\"\/fr\/produits-lubrifiants\/lubrifiants-pour-cables-metalliques\/xl8750\/\" class=\"dt oh pr cxs-12 cs-12\"><img decoding=\"async\" class=\"front ts-04 cxs-12 cs-12\" src=\"https:\/\/thermal-lube.com\/wp-content\/uploads\/2021\/09\/cable-feature.jpg\" width=\"960\"  height=\"640\" alt=\"Front Image\" \/><\/a><div class=\"content\"><div class=\"inner-content\"><h2>XL8750<\/h2><p>GRAISSE AVEC MOLYBD\u00c8NE POUR PRESSIONS EXTR\u00caMES<\/p><\/div><\/div><\/div><\/div>[vc_empty_space height=\u00a0\u00bb30px\u00a0\u00bb][\/vc_column][vc_column width=\u00a0\u00bb1\/3&Prime;]<div id=\"nitro_custom_css_311390233\" class=\"image-banner tc text style-13\"><div class=\"pr oh cs-12 cxs-12\"><a href=\"\/fr\/produits-lubrifiants\/lubrifiants-pour-cables-metalliques\/xl9571\/\" class=\"dt oh pr cxs-12 cs-12\"><img decoding=\"async\" class=\"front ts-04 cxs-12 cs-12\" src=\"https:\/\/thermal-lube.com\/wp-content\/uploads\/2021\/09\/cable-feature.jpg\" width=\"960\"  height=\"640\" alt=\"Front Image\" \/><\/a><div class=\"content\"><div class=\"inner-content\"><h2>XL9571<\/h2><p>LUBRIFIANT BIO<br \/>\nSYNTH\u00c9TIQUE POUR C\u00c2BLES<\/p><\/div><\/div><\/div><\/div>[vc_empty_space height=\u00a0\u00bb30px\u00a0\u00bb][\/vc_column][\/vc_row][vc_row][vc_column][vc_empty_space height=\u00a0\u00bb60px\u00a0\u00bb][\/vc_column][\/vc_row]<\/p>\n<\/div>","protected":false},"excerpt":{"rendered":"<p>[vc_row full_width=\u00a0\u00bbstretch_row\u00a0\u00bb background_position=\u00a0\u00bbcenter center\u00a0\u00bb css=\u00a0\u00bb.vc_custom_1634177713462{background-image: url(https:\/\/thermal-lube.com\/wp-content\/uploads\/2021\/09\/cable-feature.jpg?id=2101) !important;background-position: center !important;background-repeat: no-repeat !important;background-size: cover !important;}\u00a0\u00bb][vc_column width=\u00a0\u00bb2\/3&Prime;][vc_empty_space height=\u00a0\u00bb60px\u00a0\u00bb][vc_row_inner css=\u00a0\u00bb.vc_custom_1632324426350{padding-left: 4px !important;}\u00a0\u00bb][vc_column_inner css=\u00a0\u00bb.vc_custom_1632324624169{border-left-width: 8px !important;background-color: #ffffff !important;border-left-color: #0e469b !important;border-left-style: solid !important;}\u00a0\u00bb][vc_column_text] Lubrifiants pour c\u00e2bles m\u00e9talliques [\/vc_column_text][vc_column_text] Les lubrifiants pour c\u00e2bles ont deux fonctions principales : 1. Pour r\u00e9duire la friction lorsque les fils individuels se d\u00e9placent les uns sur [&hellip;]<\/p>\n","protected":false},"author":1,"featured_media":0,"parent":4155,"menu_order":0,"comment_status":"closed","ping_status":"closed","template":"","meta":{"om_disable_all_campaigns":false,"_uf_show_specific_survey":0,"_uf_disable_surveys":false,"footnotes":""},"class_list":["post-4346","page","type-page","status-publish","hentry"],"aioseo_notices":[],"_links":{"self":[{"href":"https:\/\/thermal-lube.com\/fr\/wp-json\/wp\/v2\/pages\/4346","targetHints":{"allow":["GET"]}}],"collection":[{"href":"https:\/\/thermal-lube.com\/fr\/wp-json\/wp\/v2\/pages"}],"about":[{"href":"https:\/\/thermal-lube.com\/fr\/wp-json\/wp\/v2\/types\/page"}],"author":[{"embeddable":true,"href":"https:\/\/thermal-lube.com\/fr\/wp-json\/wp\/v2\/users\/1"}],"replies":[{"embeddable":true,"href":"https:\/\/thermal-lube.com\/fr\/wp-json\/wp\/v2\/comments?post=4346"}],"version-history":[{"count":24,"href":"https:\/\/thermal-lube.com\/fr\/wp-json\/wp\/v2\/pages\/4346\/revisions"}],"predecessor-version":[{"id":15040,"href":"https:\/\/thermal-lube.com\/fr\/wp-json\/wp\/v2\/pages\/4346\/revisions\/15040"}],"up":[{"embeddable":true,"href":"https:\/\/thermal-lube.com\/fr\/wp-json\/wp\/v2\/pages\/4155"}],"wp:attachment":[{"href":"https:\/\/thermal-lube.com\/fr\/wp-json\/wp\/v2\/media?parent=4346"}],"curies":[{"name":"wp","href":"https:\/\/api.w.org\/{rel}","templated":true}]}}