{"id":4343,"date":"2021-09-22T14:25:51","date_gmt":"2021-09-22T14:25:51","guid":{"rendered":"https:\/\/thermal-lube.com\/?page_id=4343"},"modified":"2022-10-19T19:42:19","modified_gmt":"2022-10-19T19:42:19","slug":"graisse-en-bloc","status":"publish","type":"page","link":"https:\/\/thermal-lube.com\/fr\/produits-lubrifiants\/graisse-en-bloc\/","title":{"rendered":"Graisse en Bloc"},"content":{"rendered":"<div class=\"wpb-content-wrapper\"><p>[vc_row full_width=\u00a0\u00bbstretch_row\u00a0\u00bb background_position=\u00a0\u00bbcenter center\u00a0\u00bb css=\u00a0\u00bb.vc_custom_1645211656683{background-image: url(https:\/\/thermal-lube.com\/wp-content\/uploads\/2022\/02\/Rotary-Kiln-640.jpg?id=5657) !important;background-position: center !important;background-repeat: no-repeat !important;background-size: cover !important;}\u00a0\u00bb][vc_column width=\u00a0\u00bb2\/3&Prime;][vc_empty_space height=\u00a0\u00bb60px\u00a0\u00bb][vc_row_inner css=\u00a0\u00bb.vc_custom_1632324426350{padding-left: 4px !important;}\u00a0\u00bb][vc_column_inner css=\u00a0\u00bb.vc_custom_1632324624169{border-left-width: 8px !important;background-color: #ffffff !important;border-left-color: #0e469b !important;border-left-style: solid !important;}\u00a0\u00bb][vc_column_text]<\/p>\n<h1 style=\"font-size: 50px; line-height: 50px; color: #333333;\"><strong>Graisse en Bloc<\/strong><\/h1>\n<p>[\/vc_column_text][vc_column_text]<\/p>\n<h5 style=\"font-size: 24px; line-height: 26px;\">XL0811 est une s\u00e9rie de graisses en bloc \u00e9paissies avec du st\u00e9arate de sodium ou de lithium. Ils contiennent un composant saponifiable r\u00e9sistant \u00e0 l&rsquo;eau formul\u00e9 dans une huile de base raffin\u00e9e au solvant de haute qualit\u00e9.<\/h5>\n<h5 style=\"font-size: 24px; line-height: 26px;\">Cliquez sur l&rsquo;une des images ci-dessous pour en savoir plus.<\/h5>\n<p>[\/vc_column_text][vc_empty_space][\/vc_column_inner][\/vc_row_inner][vc_empty_space height=\u00a0\u00bb60px\u00a0\u00bb][\/vc_column][vc_column width=\u00a0\u00bb1\/3&Prime;][\/vc_column][\/vc_row][vc_row][vc_column][vc_empty_space height=\u00a0\u00bb60px\u00a0\u00bb][\/vc_column][\/vc_row][vc_row][vc_column][vc_column_text]<\/p>\n<p style=\"text-align: left;\"><span style=\"font-size: 16px; color: rgba(14,70,155,0.75);\"><strong>Pointer sur un produit pour voir le nom complet<\/strong><\/span><\/p>\n<p>[\/vc_column_text][\/vc_column][\/vc_row][vc_row][vc_column width=\u00a0\u00bb1\/3&Prime;]<div id=\"nitro_custom_css_1671405234\" class=\"image-banner tc text style-13\"><div class=\"pr oh cs-12 cxs-12\"><a href=\"\/fr\/produits-lubrifiants\/graisse-en-bloc\/xl0811-001\/\" class=\"dt oh pr cxs-12 cs-12\"><img decoding=\"async\" class=\"front ts-04 cxs-12 cs-12\" src=\"https:\/\/thermal-lube.com\/wp-content\/uploads\/2022\/02\/Rotary-Kiln-640.jpg\" width=\"960\"  height=\"640\" alt=\"Front Image\" \/><\/a><div class=\"content\"><div class=\"inner-content\"><h2>XL0811\/001<\/h2><p>GRAISSE EN BLOC DE SODIUM<\/p><\/div><\/div><\/div><\/div>[vc_empty_space height=\u00a0\u00bb30px\u00a0\u00bb][\/vc_column][vc_column width=\u00a0\u00bb1\/3&Prime;]<div id=\"nitro_custom_css_1983106137\" class=\"image-banner tc text style-13\"><div class=\"pr oh cs-12 cxs-12\"><a href=\"\/fr\/produits-lubrifiants\/graisse-en-bloc\/xl0811-002\/\" class=\"dt oh pr cxs-12 cs-12\"><img decoding=\"async\" class=\"front ts-04 cxs-12 cs-12\" src=\"https:\/\/thermal-lube.com\/wp-content\/uploads\/2022\/02\/Rotary-Kiln-640.jpg\" width=\"960\"  height=\"640\" alt=\"Front Image\" \/><\/a><div class=\"content\"><div class=\"inner-content\"><h2>XL0811\/002<\/h2><p>GRAISSE EN BLOC DE LITHIUM<\/p><\/div><\/div><\/div><\/div>[vc_empty_space height=\u00a0\u00bb30px\u00a0\u00bb][\/vc_column][vc_column width=\u00a0\u00bb1\/3&Prime;]<div id=\"nitro_custom_css_1818020206\" class=\"image-banner tc text style-13\"><div class=\"pr oh cs-12 cxs-12\"><a href=\"\/fr\/produits-lubrifiants\/graisse-en-bloc\/xl0811-006\/\" class=\"dt oh pr cxs-12 cs-12\"><img decoding=\"async\" class=\"front ts-04 cxs-12 cs-12\" src=\"https:\/\/thermal-lube.com\/wp-content\/uploads\/2022\/02\/Rotary-Kiln-640.jpg\" width=\"960\"  height=\"640\" alt=\"Front Image\" \/><\/a><div class=\"content\"><div class=\"inner-content\"><h2>XL0811\/006<\/h2><p>GRAISSE SYNT\u00c9TIQUE EN BARRE AVEC GRAPHITE<\/p><\/div><\/div><\/div><\/div>[vc_empty_space height=\u00a0\u00bb30px\u00a0\u00bb][\/vc_column][\/vc_row][vc_row][vc_column][vc_empty_space height=\u00a0\u00bb60px\u00a0\u00bb][\/vc_column][\/vc_row]<\/p>\n<\/div>","protected":false},"excerpt":{"rendered":"<p>[vc_row full_width=\u00a0\u00bbstretch_row\u00a0\u00bb background_position=\u00a0\u00bbcenter center\u00a0\u00bb css=\u00a0\u00bb.vc_custom_1645211656683{background-image: url(https:\/\/thermal-lube.com\/wp-content\/uploads\/2022\/02\/Rotary-Kiln-640.jpg?id=5657) !important;background-position: center !important;background-repeat: no-repeat !important;background-size: cover !important;}\u00a0\u00bb][vc_column width=\u00a0\u00bb2\/3&Prime;][vc_empty_space height=\u00a0\u00bb60px\u00a0\u00bb][vc_row_inner css=\u00a0\u00bb.vc_custom_1632324426350{padding-left: 4px !important;}\u00a0\u00bb][vc_column_inner css=\u00a0\u00bb.vc_custom_1632324624169{border-left-width: 8px !important;background-color: #ffffff !important;border-left-color: #0e469b !important;border-left-style: solid !important;}\u00a0\u00bb][vc_column_text] Graisse en Bloc [\/vc_column_text][vc_column_text] XL0811 est une s\u00e9rie de graisses en bloc \u00e9paissies avec du st\u00e9arate de sodium ou de lithium. Ils contiennent un composant saponifiable r\u00e9sistant \u00e0 [&hellip;]<\/p>\n","protected":false},"author":1,"featured_media":0,"parent":4155,"menu_order":0,"comment_status":"closed","ping_status":"closed","template":"","meta":{"om_disable_all_campaigns":false,"_uf_show_specific_survey":0,"_uf_disable_surveys":false,"footnotes":""},"class_list":["post-4343","page","type-page","status-publish","hentry"],"aioseo_notices":[],"_links":{"self":[{"href":"https:\/\/thermal-lube.com\/fr\/wp-json\/wp\/v2\/pages\/4343","targetHints":{"allow":["GET"]}}],"collection":[{"href":"https:\/\/thermal-lube.com\/fr\/wp-json\/wp\/v2\/pages"}],"about":[{"href":"https:\/\/thermal-lube.com\/fr\/wp-json\/wp\/v2\/types\/page"}],"author":[{"embeddable":true,"href":"https:\/\/thermal-lube.com\/fr\/wp-json\/wp\/v2\/users\/1"}],"replies":[{"embeddable":true,"href":"https:\/\/thermal-lube.com\/fr\/wp-json\/wp\/v2\/comments?post=4343"}],"version-history":[{"count":14,"href":"https:\/\/thermal-lube.com\/fr\/wp-json\/wp\/v2\/pages\/4343\/revisions"}],"predecessor-version":[{"id":12231,"href":"https:\/\/thermal-lube.com\/fr\/wp-json\/wp\/v2\/pages\/4343\/revisions\/12231"}],"up":[{"embeddable":true,"href":"https:\/\/thermal-lube.com\/fr\/wp-json\/wp\/v2\/pages\/4155"}],"wp:attachment":[{"href":"https:\/\/thermal-lube.com\/fr\/wp-json\/wp\/v2\/media?parent=4343"}],"curies":[{"name":"wp","href":"https:\/\/api.w.org\/{rel}","templated":true}]}}