{"id":4335,"date":"2021-11-15T01:19:46","date_gmt":"2021-11-15T01:19:46","guid":{"rendered":"https:\/\/thermal-lube.com\/?page_id=4335"},"modified":"2023-01-14T15:35:07","modified_gmt":"2023-01-14T20:35:07","slug":"publications","status":"publish","type":"page","link":"https:\/\/thermal-lube.com\/fr\/centre-de-ressources\/publications\/","title":{"rendered":"Publications"},"content":{"rendered":"<div class=\"wpb-content-wrapper\"><p>[vc_row full_width=\u00a0\u00bbstretch_row\u00a0\u00bb background_position=\u00a0\u00bbcenter center\u00a0\u00bb css=\u00a0\u00bb.vc_custom_1666125651815{background-image: url(https:\/\/thermal-lube.com\/wp-content\/uploads\/2022\/03\/Publications-640.jpg?id=7292) !important;background-position: center !important;background-repeat: no-repeat !important;background-size: cover !important;}\u00a0\u00bb][vc_column width=\u00a0\u00bb2\/3&Prime;][vc_empty_space height=\u00a0\u00bb60px\u00a0\u00bb][vc_row_inner css=\u00a0\u00bb.vc_custom_1632324426350{padding-left: 4px !important;}\u00a0\u00bb][vc_column_inner css=\u00a0\u00bb.vc_custom_1632324624169{border-left-width: 8px !important;background-color: #ffffff !important;border-left-color: #0e469b !important;border-left-style: solid !important;}\u00a0\u00bb][vc_column_text]<\/p>\n<h1 style=\"font-size: 50px; line-height: 50px; color: #333333;\"><strong>Publications<\/strong><\/h1>\n<p>[\/vc_column_text][vc_column_text]<\/p>\n<h4>Thermal-Lube continue de rechercher \u00e0 la fois des technologies et des techniques de lubrification et d&rsquo;analyse. Ces publications refl\u00e8tent des ann\u00e9es de recherche et de d\u00e9veloppement en collaboration avec de grandes universit\u00e9s.<\/h4>\n<p>[\/vc_column_text][vc_empty_space][\/vc_column_inner][\/vc_row_inner][vc_empty_space height=\u00a0\u00bb60px\u00a0\u00bb][\/vc_column][vc_column width=\u00a0\u00bb1\/3&Prime;][\/vc_column][\/vc_row][vc_row][vc_column][vc_empty_space height=\u00a0\u00bb60px\u00a0\u00bb][\/vc_column][\/vc_row][vc_row content_placement=\u00a0\u00bbmiddle\u00a0\u00bb][vc_column width=\u00a0\u00bb1\/6&Prime;][\/vc_column][vc_column width=\u00a0\u00bb2\/3&Prime;][vc_column_text css=\u00a0\u00bb.vc_custom_1633102054808{margin-bottom: 18px !important;}\u00a0\u00bb]<\/p>\n<p style=\"font-size: 18px; line-height: 22px; color: #333333;\"><a href=\"\/wp-content\/uploads\/2021\/10\/2015-Machinery-Lubr_June_New-Approach-to-Acid-Base-Number-FTIR.pdf\" target=\"_blank\" rel=\"noopener\">A New Approach for Determining the Acid and Base Number of Used Oils<\/a><strong><br \/>\nMachinery and Lubrication May-June 2015<br \/>\n<\/strong><em>Craig Winterfield and F. R. van de Voort<\/em><strong><br \/>\n<\/strong><\/p>\n<p>[\/vc_column_text][vc_empty_space][\/vc_column][vc_column width=\u00a0\u00bb1\/6&Prime;][\/vc_column][\/vc_row][vc_row][vc_column][vc_empty_space height=\u00a0\u00bb2px\u00a0\u00bb css=\u00a0\u00bb.vc_custom_1633016095657{background-color: #d8d8d8 !important;}\u00a0\u00bb][\/vc_column][\/vc_row][vc_row content_placement=\u00a0\u00bbmiddle\u00a0\u00bb][vc_column width=\u00a0\u00bb1\/6&Prime;][\/vc_column][vc_column width=\u00a0\u00bb2\/3&Prime;][vc_empty_space][vc_column_text css=\u00a0\u00bb.vc_custom_1633102180028{margin-bottom: 18px !important;}\u00a0\u00bb]<\/p>\n<p style=\"font-size: 18px; line-height: 22px; color: #333333;\"><a href=\"\/wp-content\/uploads\/2021\/10\/2015-FTIR-Lube-Tech-Lube-Magazine-June-2015.pdf\" target=\"_blank\" rel=\"noopener\">Quantitative Condition Monitoring of In-use Oils by FTIR Spectroscopy<\/a><strong><br \/>\nLube-Tech: The European Lubricants Industry Magazine<br \/>\n<\/strong><em>Craig Winterfield and F. R. van de Voort<\/em><strong><br \/>\n<\/strong><\/p>\n<p>[\/vc_column_text][vc_empty_space][\/vc_column][vc_column width=\u00a0\u00bb1\/6&Prime;][\/vc_column][\/vc_row][vc_row][vc_column][vc_empty_space height=\u00a0\u00bb2px\u00a0\u00bb css=\u00a0\u00bb.vc_custom_1633016095657{background-color: #d8d8d8 !important;}\u00a0\u00bb][\/vc_column][\/vc_row][vc_row content_placement=\u00a0\u00bbmiddle\u00a0\u00bb][vc_column width=\u00a0\u00bb1\/6&Prime;][\/vc_column][vc_column width=\u00a0\u00bb2\/3&Prime;][vc_empty_space][vc_column_text css=\u00a0\u00bb.vc_custom_1633102508396{margin-bottom: 18px !important;}\u00a0\u00bb]<\/p>\n<p style=\"font-size: 18px; line-height: 22px; color: #333333;\"><a href=\"\/wp-content\/uploads\/2021\/10\/Automated-Acid-Content-Determination-in-Lubricants-by.pdf\" target=\"_blank\" rel=\"noopener\">Automated Acid Content Determination in Lubricants by FTIR Spectroscopy as an Alternative to Acid Number Determination<\/a><strong><br \/>\n<\/strong><em>D. Li, J. Sedman, D.L. Garc\u00eda-Gonz\u00e1lez, F.R. van de Voort<\/em><strong><br \/>\n<\/strong><\/p>\n<p>[\/vc_column_text][vc_empty_space][\/vc_column][vc_column width=\u00a0\u00bb1\/6&Prime;][\/vc_column][\/vc_row][vc_row][vc_column][vc_empty_space height=\u00a0\u00bb2px\u00a0\u00bb css=\u00a0\u00bb.vc_custom_1633016095657{background-color: #d8d8d8 !important;}\u00a0\u00bb][\/vc_column][\/vc_row][vc_row content_placement=\u00a0\u00bbmiddle\u00a0\u00bb][vc_column width=\u00a0\u00bb1\/6&Prime;][\/vc_column][vc_column width=\u00a0\u00bb2\/3&Prime;][vc_empty_space][vc_column_text css=\u00a0\u00bb.vc_custom_1633102498895{margin-bottom: 18px !important;}\u00a0\u00bb]<\/p>\n<p style=\"font-size: 18px; line-height: 22px; color: #333333;\"><a href=\"\/wp-content\/uploads\/2021\/10\/Automated-Acid-Content-Determination-in-Lubricants-by.pdf\" target=\"_blank\" rel=\"noopener\">A New FTIR Technique for Monitoring the Conditions of Lubricants Used in Pulp and Paper Mills<\/a><strong><br \/>\n<\/strong><em>Kaitang Hu, Michel Murphy, Frederick R. van de Voort, David Pinchuk, Xuejun Zou<\/em><strong><br \/>\n<\/strong><\/p>\n<p>[\/vc_column_text][vc_empty_space][\/vc_column][vc_column width=\u00a0\u00bb1\/6&Prime;][\/vc_column][\/vc_row][vc_row][vc_column][vc_empty_space height=\u00a0\u00bb2px\u00a0\u00bb css=\u00a0\u00bb.vc_custom_1633016095657{background-color: #d8d8d8 !important;}\u00a0\u00bb][\/vc_column][\/vc_row][vc_row content_placement=\u00a0\u00bbmiddle\u00a0\u00bb][vc_column width=\u00a0\u00bb1\/6&Prime;][\/vc_column][vc_column width=\u00a0\u00bb2\/3&Prime;][vc_empty_space][vc_column_text css=\u00a0\u00bb.vc_custom_1633102656985{margin-bottom: 18px !important;}\u00a0\u00bb]<\/p>\n<p style=\"font-size: 18px; line-height: 22px; color: #333333;\"><a href=\"\/wp-content\/uploads\/2021\/10\/Additive-Reconstruction-of-Oils.pdf\" target=\"_blank\" rel=\"noopener\">Additive Reconstruction of Oils<\/a><strong><br \/>\n<\/strong><em>David Pinchuk, E. Akochi-Kobl\u00e9 and J. Pinchuk; F. van de Voort and J. Sedman<\/em><strong><br \/>\n<\/strong><\/p>\n<p>[\/vc_column_text][vc_empty_space][\/vc_column][vc_column width=\u00a0\u00bb1\/6&Prime;][\/vc_column][\/vc_row][vc_row][vc_column][vc_empty_space height=\u00a0\u00bb2px\u00a0\u00bb css=\u00a0\u00bb.vc_custom_1633016095657{background-color: #d8d8d8 !important;}\u00a0\u00bb][\/vc_column][\/vc_row][vc_row content_placement=\u00a0\u00bbmiddle\u00a0\u00bb][vc_column width=\u00a0\u00bb1\/6&Prime;][\/vc_column][vc_column width=\u00a0\u00bb2\/3&Prime;][vc_empty_space][vc_column_text css=\u00a0\u00bb.vc_custom_1633102756008{margin-bottom: 18px !important;}\u00a0\u00bb]<\/p>\n<p style=\"font-size: 18px; line-height: 22px; color: #333333;\"><a href=\"\/wp-content\/uploads\/2021\/10\/Additive-Reconstruction-of-Oils.pdf\" target=\"_blank\" rel=\"noopener\">Demystifying and Understanding Your Lubricants Using FTIR Spectroscopic Analysis<\/a><strong><br \/>\n<\/strong><em>David Pinchuk, E. Akochi-Kobl\u00e9, R. A. Cocciardi and J. Pinchuk; F. van de Voort and J. Sedman<\/em><strong><br \/>\n<\/strong><\/p>\n<p>[\/vc_column_text][vc_empty_space][\/vc_column][vc_column width=\u00a0\u00bb1\/6&Prime;][\/vc_column][\/vc_row][vc_row][vc_column][vc_empty_space height=\u00a0\u00bb2px\u00a0\u00bb css=\u00a0\u00bb.vc_custom_1633016095657{background-color: #d8d8d8 !important;}\u00a0\u00bb][\/vc_column][\/vc_row][vc_row content_placement=\u00a0\u00bbmiddle\u00a0\u00bb][vc_column width=\u00a0\u00bb1\/6&Prime;][\/vc_column][vc_column width=\u00a0\u00bb2\/3&Prime;][vc_empty_space][vc_column_text css=\u00a0\u00bb.vc_custom_1633102827984{margin-bottom: 18px !important;}\u00a0\u00bb]<\/p>\n<p style=\"font-size: 18px; line-height: 22px; color: #333333;\"><a href=\"\/wp-content\/uploads\/2021\/10\/FTIR-Condition-Monitoring-of-In-service.pdf\" target=\"_blank\" rel=\"noopener\">FTIR Condition Monitoring of In-service lubricants: Ongoing Developments<br \/>\nand Future Perspectives<\/a><strong><br \/>\n<\/strong><em>F.R. van de Voort, J. Sedman, R. A. Cocciardi and D. Pinchuk<\/em><strong><br \/>\n<\/strong><\/p>\n<p>[\/vc_column_text][vc_empty_space][\/vc_column][vc_column width=\u00a0\u00bb1\/6&Prime;][\/vc_column][\/vc_row][vc_row][vc_column][vc_empty_space height=\u00a0\u00bb2px\u00a0\u00bb css=\u00a0\u00bb.vc_custom_1633016095657{background-color: #d8d8d8 !important;}\u00a0\u00bb][\/vc_column][\/vc_row][vc_row content_placement=\u00a0\u00bbmiddle\u00a0\u00bb][vc_column width=\u00a0\u00bb1\/6&Prime;][\/vc_column][vc_column width=\u00a0\u00bb2\/3&Prime;][vc_empty_space][vc_column_text css=\u00a0\u00bb.vc_custom_1633102908459{margin-bottom: 18px !important;}\u00a0\u00bb]<\/p>\n<p style=\"font-size: 18px; line-height: 22px; color: #333333;\"><a href=\"\/wp-content\/uploads\/2021\/10\/FTIR-Condition-Monitoring-of-In-service.pdf\" target=\"_blank\" rel=\"noopener\">In-Line, Continuous Monitoring of Fuel Dilution in Motor Oils by Fourier Transform Infrared (FTIR) Spectroscopy<\/a><strong><br \/>\n<\/strong><em>F.R. van de Voort, D. Pinchuk<\/em><strong><br \/>\n<\/strong><\/p>\n<p>[\/vc_column_text][vc_empty_space][\/vc_column][vc_column width=\u00a0\u00bb1\/6&Prime;][\/vc_column][\/vc_row][vc_row][vc_column][vc_empty_space height=\u00a0\u00bb2px\u00a0\u00bb css=\u00a0\u00bb.vc_custom_1633016095657{background-color: #d8d8d8 !important;}\u00a0\u00bb][\/vc_column][\/vc_row][vc_row content_placement=\u00a0\u00bbmiddle\u00a0\u00bb][vc_column width=\u00a0\u00bb1\/6&Prime;][\/vc_column][vc_column width=\u00a0\u00bb2\/3&Prime;][vc_empty_space][vc_column_text css=\u00a0\u00bb.vc_custom_1633102997241{margin-bottom: 18px !important;}\u00a0\u00bb]<\/p>\n<p style=\"font-size: 18px; line-height: 22px; color: #333333;\"><a href=\"\/wp-content\/uploads\/2021\/10\/Measuring-Moisture-in-Lubricants-with-FTIR-An-Alternative-to.pdf\" target=\"_blank\" rel=\"noopener\">Measuring Moisture in Lubricants with FTIR: An Alternative to Karl Fischer Titration<\/a><strong><br \/>\n<\/strong><em>Frederick R. van de Voort and Jacqueline Sedman, David Pinchuk and Robert Cocciardi, Steve Juneau<\/em><strong><br \/>\n<\/strong><\/p>\n<p>[\/vc_column_text][vc_empty_space][\/vc_column][vc_column width=\u00a0\u00bb1\/6&Prime;][\/vc_column][\/vc_row][vc_row][vc_column][vc_empty_space height=\u00a0\u00bb2px\u00a0\u00bb css=\u00a0\u00bb.vc_custom_1633016095657{background-color: #d8d8d8 !important;}\u00a0\u00bb][\/vc_column][\/vc_row][vc_row content_placement=\u00a0\u00bbmiddle\u00a0\u00bb][vc_column width=\u00a0\u00bb1\/6&Prime;][\/vc_column][vc_column width=\u00a0\u00bb2\/3&Prime;][vc_empty_space][vc_column_text css=\u00a0\u00bb.vc_custom_1633103082309{margin-bottom: 18px !important;}\u00a0\u00bb]<\/p>\n<p style=\"font-size: 18px; line-height: 22px; color: #333333;\"><a href=\"\/wp-content\/uploads\/2021\/10\/QUANTITATIVE-FTIR-CONDITION-MONITORING-ANALYTICAL-WAVE-OF.pdf\" target=\"_blank\" rel=\"noopener\">Quantitative FTIR Condition Monitoring \u2013 Analytical Wave of the Future?<\/a><strong><br \/>\n<\/strong><em>Frederick van de Voort, David Pinchuk, Josh Pinchuk<\/em><strong><br \/>\n<\/strong><\/p>\n<p>[\/vc_column_text][vc_empty_space][\/vc_column][vc_column width=\u00a0\u00bb1\/6&Prime;][\/vc_column][\/vc_row][vc_row][vc_column][vc_empty_space height=\u00a0\u00bb2px\u00a0\u00bb css=\u00a0\u00bb.vc_custom_1633016095657{background-color: #d8d8d8 !important;}\u00a0\u00bb][\/vc_column][\/vc_row][vc_row content_placement=\u00a0\u00bbmiddle\u00a0\u00bb][vc_column width=\u00a0\u00bb1\/6&Prime;][\/vc_column][vc_column width=\u00a0\u00bb2\/3&Prime;][vc_empty_space][vc_column_text css=\u00a0\u00bb.vc_custom_1633103215902{margin-bottom: 18px !important;}\u00a0\u00bb]<\/p>\n<p style=\"font-size: 18px; line-height: 22px; color: #333333;\"><a href=\"\/wp-content\/uploads\/2021\/10\/FTIR-Acid-and-Base-Number-Analyses-Their-potential-to-Replace-ASTM-Methods.pdf\" target=\"_blank\" rel=\"noopener\">FTIR Acid and Base Number Analyses: Their Potential to Replace ASTM Methods<\/a><strong><br \/>\n<\/strong><em>F.R. van de Voort, D. Pinchuk, M. Davies, A. Taghizadeh<\/em><\/p>\n<p>[\/vc_column_text][vc_empty_space][\/vc_column][vc_column width=\u00a0\u00bb1\/6&Prime;][\/vc_column][\/vc_row][vc_row][vc_column][vc_empty_space height=\u00a0\u00bb2px\u00a0\u00bb css=\u00a0\u00bb.vc_custom_1633016095657{background-color: #d8d8d8 !important;}\u00a0\u00bb][\/vc_column][\/vc_row][vc_row content_placement=\u00a0\u00bbmiddle\u00a0\u00bb][vc_column width=\u00a0\u00bb1\/6&Prime;][\/vc_column][vc_column width=\u00a0\u00bb2\/3&Prime;][vc_empty_space][vc_column_text css=\u00a0\u00bb.vc_custom_1633103320509{margin-bottom: 18px !important;}\u00a0\u00bb]<\/p>\n<p style=\"font-size: 18px; line-height: 22px; color: #333333;\"><a href=\"\/wp-content\/uploads\/2021\/10\/Investigation-of-the-Potential-Utility-of-Single-Bounce-Attenuated-Total-Reflectance-Fourier-Transform-Infrared-Spectroscopy-in-the-Analysis-of-Distilled-Liquors-and-Wines.pdf\" target=\"_blank\" rel=\"noopener\">Investigation of the Potential Utility of Single-Bounce Attenuated Total Reflectance FTIR Spectroscopy in the Analysis of Distilled Liquors and Wines<\/a><strong><br \/>\n<\/strong><em>Robert A. Cocciardi, Ashraf A. Ismail, and Jacqueline Sedman<\/em><\/p>\n<p>[\/vc_column_text][vc_empty_space][\/vc_column][vc_column width=\u00a0\u00bb1\/6&Prime;][\/vc_column][\/vc_row][vc_row][vc_column][vc_empty_space height=\u00a0\u00bb2px\u00a0\u00bb css=\u00a0\u00bb.vc_custom_1633016095657{background-color: #d8d8d8 !important;}\u00a0\u00bb][\/vc_column][\/vc_row][vc_row content_placement=\u00a0\u00bbmiddle\u00a0\u00bb][vc_column width=\u00a0\u00bb1\/6&Prime;][\/vc_column][vc_column width=\u00a0\u00bb2\/3&Prime;][vc_empty_space][vc_column_text css=\u00a0\u00bb.vc_custom_1633103381991{margin-bottom: 18px !important;}\u00a0\u00bb]<\/p>\n<p style=\"font-size: 18px; line-height: 22px; color: #333333;\"><a href=\"https:\/\/patents.google.com\/patent\/US5889683\" target=\"_blank\" rel=\"noopener\">Method and Apparatus for Continuous Oil Monitoring and Treatment<\/a><strong><br \/>\n<\/strong><em>Ashraf A. Ismail, Frederick R. van de Voort, David Pinchuk<\/em><\/p>\n<p>[\/vc_column_text][vc_empty_space][\/vc_column][vc_column width=\u00a0\u00bb1\/6&Prime;][\/vc_column][\/vc_row][vc_row][vc_column][vc_empty_space height=\u00a0\u00bb2px\u00a0\u00bb css=\u00a0\u00bb.vc_custom_1633016095657{background-color: #d8d8d8 !important;}\u00a0\u00bb][\/vc_column][\/vc_row][vc_row content_placement=\u00a0\u00bbmiddle\u00a0\u00bb][vc_column width=\u00a0\u00bb1\/6&Prime;][\/vc_column][vc_column width=\u00a0\u00bb2\/3&Prime;][vc_empty_space][vc_column_text css=\u00a0\u00bb.vc_custom_1633103478243{margin-bottom: 18px !important;}\u00a0\u00bb]<\/p>\n<p style=\"font-size: 18px; line-height: 22px; color: #333333;\"><a href=\"\/wp-content\/uploads\/2021\/10\/Reduce-Costs-STLE-CM-Forum.pdf\" target=\"_blank\" rel=\"noopener\">Practical, Effective FTIR Technology Reduces Cost on the Plant Floor and\/or in the Laboratory: Two Case Histories<\/a><strong><br \/>\n<\/strong><em>David Pinchuk, Emmanuel Akochi-Kobl\u00e9, Josh Pinchuk<\/em><\/p>\n<p>[\/vc_column_text][vc_empty_space][\/vc_column][vc_column width=\u00a0\u00bb1\/6&Prime;][\/vc_column][\/vc_row][vc_row][vc_column][vc_empty_space height=\u00a0\u00bb2px\u00a0\u00bb css=\u00a0\u00bb.vc_custom_1633016095657{background-color: #d8d8d8 !important;}\u00a0\u00bb][\/vc_column][\/vc_row][vc_row content_placement=\u00a0\u00bbmiddle\u00a0\u00bb][vc_column width=\u00a0\u00bb1\/6&Prime;][\/vc_column][vc_column width=\u00a0\u00bb2\/3&Prime;][vc_empty_space][vc_column_text css=\u00a0\u00bb.vc_custom_1633103559928{margin-bottom: 18px !important;}\u00a0\u00bb]<\/p>\n<p style=\"font-size: 18px; line-height: 22px; color: #333333;\"><a href=\"\/wp-content\/uploads\/2021\/10\/Lube-Life-Extension-Lube-Ex.pdf\" target=\"_blank\" rel=\"noopener\">Lubricant Life Extension through a Collaborative Condition Monitoring Program<br \/>\n(Two Case Studies)<\/a><strong><br \/>\n<\/strong><em>D. Pinchuk, J. Pinchuk, E. Akochi-Kobl\u00e9, Michel Murphy, Rock Gagn\u00e9, Dominic Prince<\/em><\/p>\n<p>[\/vc_column_text][vc_empty_space][\/vc_column][vc_column width=\u00a0\u00bb1\/6&Prime;][\/vc_column][\/vc_row][vc_row][vc_column][vc_empty_space height=\u00a0\u00bb2px\u00a0\u00bb css=\u00a0\u00bb.vc_custom_1633016095657{background-color: #d8d8d8 !important;}\u00a0\u00bb][\/vc_column][\/vc_row][vc_row content_placement=\u00a0\u00bbmiddle\u00a0\u00bb][vc_column width=\u00a0\u00bb1\/6&Prime;][\/vc_column][vc_column width=\u00a0\u00bb2\/3&Prime;][vc_empty_space][vc_column_text css=\u00a0\u00bb.vc_custom_1633103638665{margin-bottom: 18px !important;}\u00a0\u00bb]<\/p>\n<p style=\"font-size: 18px; line-height: 22px; color: #333333;\"><a href=\"\/wp-content\/uploads\/2021\/10\/Trib-in-extreme-environments-Beijing-STLE.pdf\" target=\"_blank\" rel=\"noopener\">Tribology and Lubrication in Extreme Environments (Two Case Studies)<\/a><strong><br \/>\n<\/strong><em>D. Pinchuk, J. Pinchuk, E Akochi-Kobl\u00e9; A. Ismail, F.R. van de Voort<\/em><\/p>\n<p>[\/vc_column_text][vc_empty_space][\/vc_column][vc_column width=\u00a0\u00bb1\/6&Prime;][\/vc_column][\/vc_row][vc_row][vc_column][vc_empty_space height=\u00a0\u00bb2px\u00a0\u00bb css=\u00a0\u00bb.vc_custom_1633016095657{background-color: #d8d8d8 !important;}\u00a0\u00bb][\/vc_column][\/vc_row][vc_row content_placement=\u00a0\u00bbmiddle\u00a0\u00bb][vc_column width=\u00a0\u00bb1\/6&Prime;][\/vc_column][vc_column width=\u00a0\u00bb2\/3&Prime;][vc_empty_space][vc_column_text css=\u00a0\u00bb.vc_custom_1633103723700{margin-bottom: 18px !important;}\u00a0\u00bb]<\/p>\n<p style=\"font-size: 18px; line-height: 22px; color: #333333;\"><a href=\"\/wp-content\/uploads\/2021\/10\/Automated-Analysis-of-FFA-or-Moisture-by-FTIR-JALA.pdf\" target=\"_blank\" rel=\"noopener\">Automated FTIR Analysis of Free Fatty Acids or Moisture in Edible Oils<\/a><strong><br \/>\n<\/strong><em>Ahmed Al-Alawi, Frederick R. van de Voort, Jacqueline Sedman, and Andrew Ghetler<\/em><\/p>\n<p>[\/vc_column_text][vc_empty_space][\/vc_column][vc_column width=\u00a0\u00bb1\/6&Prime;][\/vc_column][\/vc_row][vc_row][vc_column][vc_empty_space height=\u00a0\u00bb2px\u00a0\u00bb css=\u00a0\u00bb.vc_custom_1633016095657{background-color: #d8d8d8 !important;}\u00a0\u00bb][\/vc_column][\/vc_row][vc_row content_placement=\u00a0\u00bbmiddle\u00a0\u00bb][vc_column width=\u00a0\u00bb1\/6&Prime;][\/vc_column][vc_column width=\u00a0\u00bb2\/3&Prime;][vc_empty_space][vc_column_text css=\u00a0\u00bb.vc_custom_1633103803997{margin-bottom: 18px !important;}\u00a0\u00bb]<\/p>\n<p style=\"font-size: 18px; line-height: 22px; color: #333333;\"><a href=\"\/wp-content\/uploads\/2021\/10\/In-Line-Fuel-Dilution-Lube-Ex.pdf\" target=\"_blank\" rel=\"noopener\">In-Line, Continuous Monitoring of Fuel Dilution in Motor Oils by Fourier Transform Infrared (FTIR) Spectroscopy<\/a><strong><br \/>\n<\/strong><em>F.R. van de Voort, D. Pinchuk<\/em><\/p>\n<p>[\/vc_column_text][vc_empty_space][\/vc_column][vc_column width=\u00a0\u00bb1\/6&Prime;][\/vc_column][\/vc_row][vc_row][vc_column][vc_empty_space height=\u00a0\u00bb2px\u00a0\u00bb css=\u00a0\u00bb.vc_custom_1633016095657{background-color: #d8d8d8 !important;}\u00a0\u00bb][\/vc_column][\/vc_row][vc_row content_placement=\u00a0\u00bbmiddle\u00a0\u00bb][vc_column width=\u00a0\u00bb1\/6&Prime;][\/vc_column][vc_column width=\u00a0\u00bb2\/3&Prime;][vc_empty_space][vc_column_text css=\u00a0\u00bb.vc_custom_1633103894949{margin-bottom: 18px !important;}\u00a0\u00bb]<\/p>\n<p style=\"font-size: 18px; line-height: 22px; color: #333333;\"><a href=\"\/wp-content\/uploads\/2021\/10\/An-Overview-of-Progress-and-New-Developments-in-FTIR-Lubricant.pdf\" target=\"_blank\" rel=\"noopener\">An Overview of Progress and New Developments in FTIR Lubricant Condition Monitoring Methodology<\/a><strong><br \/>\n<\/strong><em>F. R. van de Voort, J. Sedman, and D. Pinchuk<\/em><\/p>\n<p>[\/vc_column_text][vc_empty_space][\/vc_column][vc_column width=\u00a0\u00bb1\/6&Prime;][\/vc_column][\/vc_row][vc_row][vc_column][vc_empty_space height=\u00a0\u00bb2px\u00a0\u00bb css=\u00a0\u00bb.vc_custom_1633016095657{background-color: #d8d8d8 !important;}\u00a0\u00bb][\/vc_column][\/vc_row][vc_row content_placement=\u00a0\u00bbmiddle\u00a0\u00bb][vc_column width=\u00a0\u00bb1\/6&Prime;][\/vc_column][vc_column width=\u00a0\u00bb2\/3&Prime;][vc_empty_space][vc_column_text css=\u00a0\u00bb.vc_custom_1633104157592{margin-bottom: 18px !important;}\u00a0\u00bb]<\/p>\n<p style=\"font-size: 18px; line-height: 22px; color: #333333;\"><a href=\"\/wp-content\/uploads\/2021\/10\/Determination-of-Acid-Number-and-Base-Number-in-Lubricants-by.pdf\" target=\"_blank\" rel=\"noopener\">Determination of Acid Number and Base Number in Lubricants by Fourier Transform Infrared Spectroscopy<\/a><strong><br \/>\n<\/strong><em>F. R. van de Voort, J. Sedman, V. Yaylayan, and C. Saint Laurent<\/em><\/p>\n<p>[\/vc_column_text][vc_empty_space][\/vc_column][vc_column width=\u00a0\u00bb1\/6&Prime;][\/vc_column][\/vc_row][vc_row][vc_column][vc_empty_space height=\u00a0\u00bb2px\u00a0\u00bb css=\u00a0\u00bb.vc_custom_1633016095657{background-color: #d8d8d8 !important;}\u00a0\u00bb][\/vc_column][\/vc_row][vc_row content_placement=\u00a0\u00bbmiddle\u00a0\u00bb][vc_column width=\u00a0\u00bb1\/6&Prime;][\/vc_column][vc_column width=\u00a0\u00bb2\/3&Prime;][vc_empty_space][vc_column_text css=\u00a0\u00bb.vc_custom_1633104239242{margin-bottom: 18px !important;}\u00a0\u00bb]<\/p>\n<p style=\"font-size: 18px; line-height: 22px; color: #333333;\"><a href=\"\/wp-content\/uploads\/2021\/10\/Quantitative-Determination-of-Moisture-in-Lubricants-by.pdf\" target=\"_blank\" rel=\"noopener\">Quantitative Determination of Moisture in Lubricants by Fourier Transform Infrared Spectroscopy<\/a><strong><br \/>\n<\/strong><em>F. R. van de Voort, J. Sedman, V. Yaylayan, C. Saint Laurent, and C. Mucciardi<\/em><\/p>\n<p>[\/vc_column_text][vc_empty_space][\/vc_column][vc_column width=\u00a0\u00bb1\/6&Prime;][\/vc_column][\/vc_row][vc_row][vc_column][vc_empty_space height=\u00a0\u00bb2px\u00a0\u00bb css=\u00a0\u00bb.vc_custom_1633016095657{background-color: #d8d8d8 !important;}\u00a0\u00bb][\/vc_column][\/vc_row][vc_row content_placement=\u00a0\u00bbmiddle\u00a0\u00bb][vc_column width=\u00a0\u00bb1\/6&Prime;][\/vc_column][vc_column width=\u00a0\u00bb2\/3&Prime;][vc_empty_space][vc_column_text css=\u00a0\u00bb.vc_custom_1633104324383{margin-bottom: 18px !important;}\u00a0\u00bb]<\/p>\n<p style=\"font-size: 18px; line-height: 22px; color: #333333;\"><a href=\"\/wp-content\/uploads\/2021\/10\/Analysis-of-Acid-Number-in-Phosphate-Esters-by-FTIR-Spectroscopy.pdf\" target=\"_blank\" rel=\"noopener\">Analysis of Acid Number in Phosphate Esters by FTIR Spectroscopy<\/a><strong><br \/>\n<\/strong><em>F.R. van de Voort<\/em><\/p>\n<p>[\/vc_column_text][vc_empty_space][\/vc_column][vc_column width=\u00a0\u00bb1\/6&Prime;][\/vc_column][\/vc_row][vc_row][vc_column][vc_empty_space height=\u00a0\u00bb2px\u00a0\u00bb css=\u00a0\u00bb.vc_custom_1633016095657{background-color: #d8d8d8 !important;}\u00a0\u00bb][\/vc_column][\/vc_row][vc_row content_placement=\u00a0\u00bbmiddle\u00a0\u00bb][vc_column width=\u00a0\u00bb1\/6&Prime;][\/vc_column][vc_column width=\u00a0\u00bb2\/3&Prime;][vc_empty_space][vc_column_text css=\u00a0\u00bb.vc_custom_1633104399695{margin-bottom: 18px !important;}\u00a0\u00bb]<\/p>\n<p style=\"font-size: 18px; line-height: 22px; color: #333333;\"><a href=\"\/wp-content\/uploads\/2021\/10\/577.full-1.pdf\" target=\"_blank\" rel=\"noopener\">Automated Acid and Base Number Determination of Mineral-Based Lubricants by Fourier Transform Infrared Spectroscopy: Commercial Laboratory Evaluation<\/a><strong><br \/>\n<\/strong><em>Craig Winterfield and F. R. van de Voort<\/em><\/p>\n<p>[\/vc_column_text][vc_empty_space][\/vc_column][vc_column width=\u00a0\u00bb1\/6&Prime;][\/vc_column][\/vc_row][vc_row][vc_column][vc_empty_space height=\u00a0\u00bb60px\u00a0\u00bb][\/vc_column][\/vc_row]<\/p>\n<\/div>","protected":false},"excerpt":{"rendered":"<p>[vc_row full_width=\u00a0\u00bbstretch_row\u00a0\u00bb background_position=\u00a0\u00bbcenter center\u00a0\u00bb css=\u00a0\u00bb.vc_custom_1666125651815{background-image: url(https:\/\/thermal-lube.com\/wp-content\/uploads\/2022\/03\/Publications-640.jpg?id=7292) !important;background-position: center !important;background-repeat: no-repeat !important;background-size: cover !important;}\u00a0\u00bb][vc_column width=\u00a0\u00bb2\/3&Prime;][vc_empty_space height=\u00a0\u00bb60px\u00a0\u00bb][vc_row_inner css=\u00a0\u00bb.vc_custom_1632324426350{padding-left: 4px !important;}\u00a0\u00bb][vc_column_inner css=\u00a0\u00bb.vc_custom_1632324624169{border-left-width: 8px !important;background-color: #ffffff !important;border-left-color: #0e469b !important;border-left-style: solid !important;}\u00a0\u00bb][vc_column_text] Publications [\/vc_column_text][vc_column_text] Thermal-Lube continue de rechercher \u00e0 la fois des technologies et des techniques de lubrification et d&rsquo;analyse. Ces publications refl\u00e8tent des ann\u00e9es de recherche et de d\u00e9veloppement [&hellip;]<\/p>\n","protected":false},"author":1,"featured_media":0,"parent":4279,"menu_order":0,"comment_status":"closed","ping_status":"closed","template":"","meta":{"om_disable_all_campaigns":false,"_uf_show_specific_survey":0,"_uf_disable_surveys":false,"footnotes":""},"class_list":["post-4335","page","type-page","status-publish","hentry"],"aioseo_notices":[],"_links":{"self":[{"href":"https:\/\/thermal-lube.com\/fr\/wp-json\/wp\/v2\/pages\/4335","targetHints":{"allow":["GET"]}}],"collection":[{"href":"https:\/\/thermal-lube.com\/fr\/wp-json\/wp\/v2\/pages"}],"about":[{"href":"https:\/\/thermal-lube.com\/fr\/wp-json\/wp\/v2\/types\/page"}],"author":[{"embeddable":true,"href":"https:\/\/thermal-lube.com\/fr\/wp-json\/wp\/v2\/users\/1"}],"replies":[{"embeddable":true,"href":"https:\/\/thermal-lube.com\/fr\/wp-json\/wp\/v2\/comments?post=4335"}],"version-history":[{"count":5,"href":"https:\/\/thermal-lube.com\/fr\/wp-json\/wp\/v2\/pages\/4335\/revisions"}],"predecessor-version":[{"id":12218,"href":"https:\/\/thermal-lube.com\/fr\/wp-json\/wp\/v2\/pages\/4335\/revisions\/12218"}],"up":[{"embeddable":true,"href":"https:\/\/thermal-lube.com\/fr\/wp-json\/wp\/v2\/pages\/4279"}],"wp:attachment":[{"href":"https:\/\/thermal-lube.com\/fr\/wp-json\/wp\/v2\/media?parent=4335"}],"curies":[{"name":"wp","href":"https:\/\/api.w.org\/{rel}","templated":true}]}}