{"id":4333,"date":"2021-11-15T01:15:21","date_gmt":"2021-11-15T01:15:21","guid":{"rendered":"https:\/\/thermal-lube.com\/?page_id=4333"},"modified":"2022-10-18T20:45:17","modified_gmt":"2022-10-18T20:45:17","slug":"rapports-et-etudes-de-cas","status":"publish","type":"page","link":"https:\/\/thermal-lube.com\/fr\/centre-de-ressources\/rapports-et-etudes-de-cas\/","title":{"rendered":"Rapports et \u00e9tudes de cas"},"content":{"rendered":"<div class=\"wpb-content-wrapper\"><p>[vc_row full_width=\u00a0\u00bbstretch_row\u00a0\u00bb background_position=\u00a0\u00bbcenter center\u00a0\u00bb css=\u00a0\u00bb.vc_custom_1666125811592{background-image: url(https:\/\/thermal-lube.com\/wp-content\/uploads\/2022\/02\/Aerial-Spray-690&#215;536-1.jpg?id=5676) !important;background-position: center !important;background-repeat: no-repeat !important;background-size: cover !important;}\u00a0\u00bb][vc_column width=\u00a0\u00bb2\/3&Prime;][vc_empty_space height=\u00a0\u00bb60px\u00a0\u00bb][vc_row_inner css=\u00a0\u00bb.vc_custom_1632324426350{padding-left: 4px !important;}\u00a0\u00bb][vc_column_inner css=\u00a0\u00bb.vc_custom_1632324624169{border-left-width: 8px !important;background-color: #ffffff !important;border-left-color: #0e469b !important;border-left-style: solid !important;}\u00a0\u00bb][vc_column_text]<\/p>\n<h1 style=\"font-size: 50px; line-height: 50px; color: #333333;\"><strong>Rapports et \u00c9tudes de Cas<\/strong><\/h1>\n<p>[\/vc_column_text][vc_column_text]<\/p>\n<h4>Cette section contient une vari\u00e9t\u00e9 de rapports et d&rsquo;\u00e9tudes de cas visant \u00e0 aider nos clients \u00e0 relever leurs d\u00e9fis de lubrification les plus exigeants.<\/h4>\n<p>[\/vc_column_text][vc_empty_space][\/vc_column_inner][\/vc_row_inner][vc_empty_space height=\u00a0\u00bb60px\u00a0\u00bb][\/vc_column][vc_column width=\u00a0\u00bb1\/3&Prime;][\/vc_column][\/vc_row][vc_row][vc_column][vc_empty_space height=\u00a0\u00bb60px\u00a0\u00bb][\/vc_column][\/vc_row][vc_row content_placement=\u00a0\u00bbmiddle\u00a0\u00bb][vc_column width=\u00a0\u00bb1\/6&Prime;][\/vc_column][vc_column width=\u00a0\u00bb2\/3&Prime;][vc_column_text css=\u00a0\u00bb.vc_custom_1666125913991{margin-bottom: 18px !important;}\u00a0\u00bb]<\/p>\n<p style=\"font-size: 18px; line-height: 22px; color: #333333;\"><strong>\u00c9TUDES DE CAS<\/strong><\/p>\n<p>[\/vc_column_text][vc_column_text]<a href=\"\/wp-content\/uploads\/2021\/11\/Case-Study-New-Lubes-FR.pdf\" target=\"_blank\" rel=\"noopener\">Une nouvelle approche rentable pour le contr\u00f4le de la qualit\u00e9 des lubrifiants en production<\/a><\/p>\n<p><a href=\"\/wp-content\/uploads\/2021\/11\/Case-Study-Aluminum-FR.pdf\" target=\"_blank\" rel=\"noopener\">Optimisation de la performance de lubrifiants industriels pour moteurs diesel en op\u00e9ration dans une fonderie d\u2019aluminium<\/a><\/p>\n<p><a href=\"\/wp-content\/uploads\/2021\/11\/Case-Study-Copper-Mine-FR.pdf\" target=\"_blank\" rel=\"noopener\">Optimisation de la performance de lubrifiants et des \u00e9quipements industriels dans une mine de cuivre<\/a><\/p>\n<p><a href=\"\/wp-content\/uploads\/2021\/11\/CIM-Bulletin-January-2003-Louvicourt.pdf\" target=\"_blank\" rel=\"noopener\">Rotating Equipment Reliability for Surface Operation: Oil analysis in a mine<\/a><\/p>\n<p><a href=\"\/wp-content\/uploads\/2021\/11\/Case-Study-Aluminum-POA-1.pdf\" target=\"_blank\" rel=\"noopener\">A Case Study for the Aluminum Industry<\/a>[\/vc_column_text][vc_empty_space height=\u00a0\u00bb30px\u00a0\u00bb][\/vc_column][vc_column width=\u00a0\u00bb1\/6&Prime;][\/vc_column][\/vc_row][vc_row][vc_column][vc_empty_space height=\u00a0\u00bb2px\u00a0\u00bb css=\u00a0\u00bb.vc_custom_1633016095657{background-color: #d8d8d8 !important;}\u00a0\u00bb][\/vc_column][\/vc_row][vc_row content_placement=\u00a0\u00bbmiddle\u00a0\u00bb][vc_column width=\u00a0\u00bb1\/6&Prime;][\/vc_column][vc_column width=\u00a0\u00bb2\/3&Prime;][vc_empty_space height=\u00a0\u00bb60px\u00a0\u00bb][vc_column_text css=\u00a0\u00bb.vc_custom_1666125880941{margin-bottom: 18px !important;}\u00a0\u00bb]<\/p>\n<p style=\"font-size: 18px; line-height: 22px; color: #333333;\"><strong>ARTICLES DE PRESSE<\/strong><\/p>\n<p>[\/vc_column_text][vc_column_text]<a href=\"\/wp-content\/uploads\/2021\/11\/CRSNG_regeneration-des-lubrifiantes.pdf\" target=\"_blank\" rel=\"noopener\">R\u00e9g\u00e9n\u00e9ration de lubrifiants<\/a> (Conseil de recherches en sciences naturelles et en g\u00e9nie du Canada, 2006)<\/p>\n<p><a href=\"\/wp-content\/uploads\/2021\/11\/Vision-St-Laurent-2000-F.pdf\" target=\"_blank\" rel=\"noopener\">Analyse et entretien continu des huiles par le syst\u00e8me COAT\u00ae<\/a> (Environnement Canada, Aout 1999)<\/p>\n<p><a href=\"\/wp-content\/uploads\/2021\/10\/Un-creneau-a-cote-des-petrolieres.pdf\" target=\"_blank\" rel=\"noopener\">Un cr\u00e9neau \u00e0 c\u00f4t\u00e9 des p\u00e9troli\u00e8res<\/a> (La Presse, Montreal, 23 janvier 2006)[\/vc_column_text][\/vc_column][vc_column width=\u00a0\u00bb1\/6&Prime;][\/vc_column][\/vc_row][vc_row][vc_column][vc_empty_space height=\u00a0\u00bb60px\u00a0\u00bb][\/vc_column][\/vc_row]<\/p>\n<\/div>","protected":false},"excerpt":{"rendered":"<p>[vc_row full_width=\u00a0\u00bbstretch_row\u00a0\u00bb background_position=\u00a0\u00bbcenter center\u00a0\u00bb css=\u00a0\u00bb.vc_custom_1666125811592{background-image: url(https:\/\/thermal-lube.com\/wp-content\/uploads\/2022\/02\/Aerial-Spray-690&#215;536-1.jpg?id=5676) !important;background-position: center !important;background-repeat: no-repeat !important;background-size: cover !important;}\u00a0\u00bb][vc_column width=\u00a0\u00bb2\/3&Prime;][vc_empty_space height=\u00a0\u00bb60px\u00a0\u00bb][vc_row_inner css=\u00a0\u00bb.vc_custom_1632324426350{padding-left: 4px !important;}\u00a0\u00bb][vc_column_inner css=\u00a0\u00bb.vc_custom_1632324624169{border-left-width: 8px !important;background-color: #ffffff !important;border-left-color: #0e469b !important;border-left-style: solid !important;}\u00a0\u00bb][vc_column_text] Rapports et \u00c9tudes de Cas [\/vc_column_text][vc_column_text] Cette section contient une vari\u00e9t\u00e9 de rapports et d&rsquo;\u00e9tudes de cas visant \u00e0 aider nos clients \u00e0 relever leurs d\u00e9fis de lubrification [&hellip;]<\/p>\n","protected":false},"author":1,"featured_media":0,"parent":4279,"menu_order":0,"comment_status":"closed","ping_status":"closed","template":"","meta":{"om_disable_all_campaigns":false,"_uf_show_specific_survey":0,"_uf_disable_surveys":false,"footnotes":""},"class_list":["post-4333","page","type-page","status-publish","hentry"],"aioseo_notices":[],"_links":{"self":[{"href":"https:\/\/thermal-lube.com\/fr\/wp-json\/wp\/v2\/pages\/4333","targetHints":{"allow":["GET"]}}],"collection":[{"href":"https:\/\/thermal-lube.com\/fr\/wp-json\/wp\/v2\/pages"}],"about":[{"href":"https:\/\/thermal-lube.com\/fr\/wp-json\/wp\/v2\/types\/page"}],"author":[{"embeddable":true,"href":"https:\/\/thermal-lube.com\/fr\/wp-json\/wp\/v2\/users\/1"}],"replies":[{"embeddable":true,"href":"https:\/\/thermal-lube.com\/fr\/wp-json\/wp\/v2\/comments?post=4333"}],"version-history":[{"count":8,"href":"https:\/\/thermal-lube.com\/fr\/wp-json\/wp\/v2\/pages\/4333\/revisions"}],"predecessor-version":[{"id":12223,"href":"https:\/\/thermal-lube.com\/fr\/wp-json\/wp\/v2\/pages\/4333\/revisions\/12223"}],"up":[{"embeddable":true,"href":"https:\/\/thermal-lube.com\/fr\/wp-json\/wp\/v2\/pages\/4279"}],"wp:attachment":[{"href":"https:\/\/thermal-lube.com\/fr\/wp-json\/wp\/v2\/media?parent=4333"}],"curies":[{"name":"wp","href":"https:\/\/api.w.org\/{rel}","templated":true}]}}