{"id":4282,"date":"2021-09-14T14:36:21","date_gmt":"2021-09-14T14:36:21","guid":{"rendered":"https:\/\/thermal-lube.com\/?page_id=4282"},"modified":"2022-06-03T22:31:40","modified_gmt":"2022-06-03T22:31:40","slug":"a-propos-de-nous","status":"publish","type":"page","link":"https:\/\/thermal-lube.com\/fr\/a-propos-de-nous\/","title":{"rendered":"A Propos de nous"},"content":{"rendered":"<div class=\"wpb-content-wrapper\"><p>[vc_section full_width=\u00a0\u00bbstretch_row\u00a0\u00bb content_placement=\u00a0\u00bbmiddle\u00a0\u00bb css=\u00a0\u00bb.vc_custom_1645916231794{margin-bottom: 50px !important;padding-bottom: 300px !important;background-image: url(https:\/\/thermal-lube.com\/wp-content\/uploads\/2022\/02\/Banana-1-640.jpg?id=5667) !important;background-position: center !important;background-repeat: no-repeat !important;background-size: cover !important;}\u00a0\u00bb][\/vc_section][vc_row full_width=\u00a0\u00bbstretch_row\u00a0\u00bb content_placement=\u00a0\u00bbmiddle\u00a0\u00bb][vc_column width=\u00a0\u00bb1\/6&Prime;][\/vc_column][vc_column width=\u00a0\u00bb2\/3&Prime;][vc_single_image image=\u00a0\u00bb2015&Prime; img_size=\u00a0\u00bbmedium\u00a0\u00bb alignment=\u00a0\u00bbcenter\u00a0\u00bb][vc_column_text]<\/p>\n<h4><strong>Thermal-Lube Inc.<\/strong> est une entreprise familiale fond\u00e9e en 1983 pour fabriquer des lubrifiants sp\u00e9cialis\u00e9s\u00a0 formul\u00e9s pour fonctionner dans nos extr\u00eames climatiques uniques au Canada. L&rsquo;entreprise a rapidement \u00e9largi ses capacit\u00e9s de fabrication de produits pour inclure des huiles et des graisses synth\u00e9tiques et maintenant biosourc\u00e9es et respectueuses de l&rsquo;environnement qui sont utilis\u00e9es dans des applications industrielles, mini\u00e8res et foresti\u00e8res jusqu&rsquo;au p\u00f4le Nord.<\/h4>\n<h4>\u00c9tant sensible \u00e0 la diminution de l&rsquo;approvisionnement mondial en ressources primaires, Thermal-Lube s&rsquo;est associ\u00e9 au <strong>D\u00e9partement de Science Alimentaire et de Chimie Agricole de l&rsquo;Universit\u00e9 McGill<\/strong> pour \u00e9tudier la d\u00e9gradation des lubrifiants en service \u00e0 l&rsquo;aide de la spectroscopie infrarouge \u00e0 transform\u00e9e de Fourier (FT-IR). \u00c0 ce jour, nous avons copubli\u00e9 plus de 70 articles techniques et revus par des pairs ax\u00e9s sur la pr\u00e9diction et la prolongation de la dur\u00e9e de vie utile des lubrifiants en service. \u00c0 cette fin, nous avons d\u00e9velopp\u00e9 notre analyseur FT-IR du syst\u00e8me d&rsquo;huile et de traitement en continu (COAT) qui est programm\u00e9 avec le logiciel propri\u00e9taire UMPIRE-PRO de Thermal-Lube. Ces syst\u00e8mes COAT sont maintenant utilis\u00e9s dans de nombreuses raffineries et laboratoires commerciaux \u00e0 travers le monde, et notre analyse unique de la d\u00e9gradation des lubrifiants a g\u00e9n\u00e9r\u00e9 quatre nouvelles m\u00e9thodes ASTM et une nouvelle pratique standard ASTM.<\/h4>\n<h4>Thermal-Lube, en collaboration avec sa filiale <strong>\u00c9volution SynBionique\u00a0 Inc.<\/strong>, a pris notre expertise d\u00e9velopp\u00e9e dans la technologie des lubrifiants et a utilis\u00e9 ces connaissances pour formuler des adjuvants polym\u00e8res \u00e0 base d&rsquo;eau uniques utilis\u00e9s dans diverses industries agricoles. Ces polym\u00e8res non toxiques et approuv\u00e9s par OMRI forment une micro-peau flexible protectrice sur les cultures et les feuilles, les prot\u00e9geant des spores en suspension dans l&rsquo;air, des coups de soleil et du gel. Cette peau r\u00e9duit \u00e9galement le nombre de traitements chimiques requis pour chaque cycle de culture en englobant ces produits chimiques dans le film polym\u00e8re. Nous avons connu un succ\u00e8s remarquable, des plantations de bananes et de coca en \u00c9quateur aux serres et vignobles de cannabis aux \u00c9tats-Unis, en passant par les cultures de myrtilles et les orchid\u00e9es pommi\u00e8res au Canada. Nous d\u00e9veloppons actuellement un film polym\u00e8re similaire infus\u00e9 avec un antimicrobien approuv\u00e9 par l&rsquo;EPA qui, lorsqu&rsquo;il est pulv\u00e9ris\u00e9 sur un substrat de surface propre, ne d\u00e9veloppera pas de moisissure pendant de longues p\u00e9riodes.<\/h4>\n<h4><\/h4>\n<p>[\/vc_column_text][\/vc_column][vc_column width=\u00a0\u00bb1\/6&Prime;][\/vc_column][\/vc_row][vc_row][vc_column][vc_empty_space height=\u00a0\u00bb60px\u00a0\u00bb][\/vc_column][\/vc_row][vc_row][vc_column][vc_column_text]<\/p>\n<p>[\/vc_column_text][\/vc_column][\/vc_row]<\/p>\n<\/div>","protected":false},"excerpt":{"rendered":"<p>[vc_section full_width=\u00a0\u00bbstretch_row\u00a0\u00bb content_placement=\u00a0\u00bbmiddle\u00a0\u00bb css=\u00a0\u00bb.vc_custom_1645916231794{margin-bottom: 50px !important;padding-bottom: 300px !important;background-image: url(https:\/\/thermal-lube.com\/wp-content\/uploads\/2022\/02\/Banana-1-640.jpg?id=5667) !important;background-position: center !important;background-repeat: no-repeat !important;background-size: cover !important;}\u00a0\u00bb][\/vc_section][vc_row full_width=\u00a0\u00bbstretch_row\u00a0\u00bb content_placement=\u00a0\u00bbmiddle\u00a0\u00bb][vc_column width=\u00a0\u00bb1\/6&Prime;][\/vc_column][vc_column width=\u00a0\u00bb2\/3&Prime;][vc_single_image image=\u00a0\u00bb2015&Prime; img_size=\u00a0\u00bbmedium\u00a0\u00bb alignment=\u00a0\u00bbcenter\u00a0\u00bb][vc_column_text] Thermal-Lube Inc. est une entreprise familiale fond\u00e9e en 1983 pour fabriquer des lubrifiants sp\u00e9cialis\u00e9s\u00a0 formul\u00e9s pour fonctionner dans nos extr\u00eames climatiques uniques au Canada. L&rsquo;entreprise a rapidement \u00e9largi ses capacit\u00e9s de fabrication [&hellip;]<\/p>\n","protected":false},"author":1,"featured_media":0,"parent":0,"menu_order":0,"comment_status":"closed","ping_status":"closed","template":"","meta":{"om_disable_all_campaigns":false,"_uf_show_specific_survey":0,"_uf_disable_surveys":false,"footnotes":""},"class_list":["post-4282","page","type-page","status-publish","hentry"],"aioseo_notices":[],"_links":{"self":[{"href":"https:\/\/thermal-lube.com\/fr\/wp-json\/wp\/v2\/pages\/4282","targetHints":{"allow":["GET"]}}],"collection":[{"href":"https:\/\/thermal-lube.com\/fr\/wp-json\/wp\/v2\/pages"}],"about":[{"href":"https:\/\/thermal-lube.com\/fr\/wp-json\/wp\/v2\/types\/page"}],"author":[{"embeddable":true,"href":"https:\/\/thermal-lube.com\/fr\/wp-json\/wp\/v2\/users\/1"}],"replies":[{"embeddable":true,"href":"https:\/\/thermal-lube.com\/fr\/wp-json\/wp\/v2\/comments?post=4282"}],"version-history":[{"count":10,"href":"https:\/\/thermal-lube.com\/fr\/wp-json\/wp\/v2\/pages\/4282\/revisions"}],"predecessor-version":[{"id":9397,"href":"https:\/\/thermal-lube.com\/fr\/wp-json\/wp\/v2\/pages\/4282\/revisions\/9397"}],"wp:attachment":[{"href":"https:\/\/thermal-lube.com\/fr\/wp-json\/wp\/v2\/media?parent=4282"}],"curies":[{"name":"wp","href":"https:\/\/api.w.org\/{rel}","templated":true}]}}