{"id":4279,"date":"2021-09-14T14:26:33","date_gmt":"2021-09-14T14:26:33","guid":{"rendered":"https:\/\/thermal-lube.com\/?page_id=4279"},"modified":"2022-12-30T17:42:06","modified_gmt":"2022-12-30T22:42:06","slug":"centre-de-ressources","status":"publish","type":"page","link":"https:\/\/thermal-lube.com\/fr\/centre-de-ressources\/","title":{"rendered":"Centre de ressources"},"content":{"rendered":"<div class=\"wpb-content-wrapper\"><p>[vc_row full_width=\u00a0\u00bbstretch_row\u00a0\u00bb background_position=\u00a0\u00bbcenter center\u00a0\u00bb css=\u00a0\u00bb.vc_custom_1672440124283{background-image: url(https:\/\/thermal-lube.com\/wp-content\/uploads\/2022\/12\/Library-corel-640-1.jpg?id=12691) !important;background-position: center !important;background-repeat: no-repeat !important;background-size: cover !important;}\u00a0\u00bb][vc_column width=\u00a0\u00bb2\/3&Prime;][vc_empty_space height=\u00a0\u00bb60px\u00a0\u00bb][vc_row_inner css=\u00a0\u00bb.vc_custom_1632324426350{padding-left: 4px !important;}\u00a0\u00bb][vc_column_inner css=\u00a0\u00bb.vc_custom_1632324624169{border-left-width: 8px !important;background-color: #ffffff !important;border-left-color: #0e469b !important;border-left-style: solid !important;}\u00a0\u00bb][vc_column_text]<\/p>\n<h1 style=\"font-size: 50px; line-height: 50px; color: #333333;\"><strong>Centre de ressources<\/strong><\/h1>\n<p>[\/vc_column_text][vc_column_text]<\/p>\n<h5 style=\"font-size: 24px; line-height: 26px;\">Au fil des ans, nous avons \u00e9crit et co-\u00e9crit avec l&rsquo;Universit\u00e9 McGill de Montr\u00e9al plus de 60 articles \u00e9valu\u00e9s par des pairs publi\u00e9s dans diverses revues de premier plan li\u00e9es \u00e0 l&rsquo;industrie, des revues de chimie analytique et des publications d&rsquo;associations internationales de normalisation. Nous \u00e9tions quatre brevets de l&rsquo;USPTO concernant des techniques innovantes d&rsquo;analyse de la d\u00e9gradation de l&rsquo;huile en service.<\/h5>\n<h5 style=\"font-size: 24px; line-height: 26px;\">Cliquez sur l&rsquo;un des \u00e9l\u00e9ments ci-dessous pour en savoir plus<\/h5>\n<p>[\/vc_column_text][vc_empty_space][\/vc_column_inner][\/vc_row_inner][vc_empty_space height=\u00a0\u00bb60px\u00a0\u00bb][\/vc_column][vc_column width=\u00a0\u00bb1\/3&Prime;][\/vc_column][\/vc_row][vc_row][vc_column][vc_empty_space height=\u00a0\u00bb60px\u00a0\u00bb][\/vc_column][\/vc_row][vc_row content_placement=\u00a0\u00bbmiddle\u00a0\u00bb][vc_column width=\u00a0\u00bb1\/3&Prime;][vc_single_image image=\u00a0\u00bb7150&Prime; img_size=\u00a0\u00bbfull\u00a0\u00bb][\/vc_column][vc_column width=\u00a0\u00bb2\/3&Prime;][vc_column_text css=\u00a0\u00bb.vc_custom_1653497952328{margin-bottom: 18px !important;}\u00a0\u00bb]<\/p>\n<h2 style=\"font-size: 36px; line-height: 38px; color: #333333;\"><strong>Documentation sur les produits<\/strong><\/h2>\n<p>[\/vc_column_text][vc_column_text css=\u00a0\u00bb.vc_custom_1653497921986{margin-bottom: 18px !important;}\u00a0\u00bb]<\/p>\n<h4>T\u00e9l\u00e9chargez des brochures et des informations techniques sur nos produits.<\/h4>\n<p>[\/vc_column_text]<div id=\"nitro_custom_css_2001741328\" class=\"sc-button \"><a href=\"\/resource-center\/product-literature\/\" title=\"\" target=\"_self\"><span>En savoir plus<\/span><\/a><\/div>[\/vc_column][\/vc_row][vc_row][vc_column][vc_empty_space height=\u00a0\u00bb2px\u00a0\u00bb css=\u00a0\u00bb.vc_custom_1633016095657{background-color: #d8d8d8 !important;}\u00a0\u00bb][\/vc_column][\/vc_row][vc_row content_placement=\u00a0\u00bbmiddle\u00a0\u00bb][vc_column width=\u00a0\u00bb1\/3&Prime;][vc_single_image image=\u00a0\u00bb2112&Prime; img_size=\u00a0\u00bbfull\u00a0\u00bb][\/vc_column][vc_column width=\u00a0\u00bb2\/3&Prime;][vc_column_text css=\u00a0\u00bb.vc_custom_1653497986635{margin-bottom: 18px !important;}\u00a0\u00bb]<\/p>\n<h2 style=\"font-size: 36px; line-height: 38px; color: #333333;\"><strong>Vid\u00e9oth\u00e8que<\/strong><\/h2>\n<p>[\/vc_column_text][vc_column_text css=\u00a0\u00bb.vc_custom_1653498005413{margin-bottom: 18px !important;}\u00a0\u00bb]<\/p>\n<h4>D\u00e9couvrez notre s\u00e9lection en constante expansion de vid\u00e9os informatives sur la formation et les meilleures pratiques en mati\u00e8re d&rsquo;analyse et de lubrification.<\/h4>\n<p>[\/vc_column_text]<div id=\"nitro_custom_css_1787135437\" class=\"sc-button \"><a href=\"\/resource-center\/video-library\/\" title=\"\" target=\"_self\"><span>En savoir plus<\/span><\/a><\/div>[\/vc_column][\/vc_row][vc_row][vc_column][vc_empty_space height=\u00a0\u00bb2px\u00a0\u00bb css=\u00a0\u00bb.vc_custom_1633016095657{background-color: #d8d8d8 !important;}\u00a0\u00bb][\/vc_column][\/vc_row][vc_row content_placement=\u00a0\u00bbmiddle\u00a0\u00bb][vc_column width=\u00a0\u00bb1\/3&Prime;][vc_single_image image=\u00a0\u00bb5675&Prime; img_size=\u00a0\u00bbfull\u00a0\u00bb][\/vc_column][vc_column width=\u00a0\u00bb2\/3&Prime;][vc_column_text css=\u00a0\u00bb.vc_custom_1653498034829{margin-bottom: 18px !important;}\u00a0\u00bb]<\/p>\n<h2 style=\"font-size: 36px; line-height: 22px; color: #333333;\"><strong>Rapports et \u00e9tudes de cas<\/strong><\/h2>\n<p>[\/vc_column_text][vc_column_text css=\u00a0\u00bb.vc_custom_1653498048234{margin-bottom: 18px !important;}\u00a0\u00bb]<\/p>\n<h4>Cette section contient une vari\u00e9t\u00e9 de rapports et d&rsquo;\u00e9tudes de cas visant \u00e0 aider nos clients \u00e0 relever leurs d\u00e9fis de lubrification les plus exigeants.<\/h4>\n<p>[\/vc_column_text]<div id=\"nitro_custom_css_635865680\" class=\"sc-button \"><a href=\"\/resource-center\/white-papers-and-case-studies\/\" title=\"\" target=\"_self\"><span>En savoir plus<\/span><\/a><\/div>[\/vc_column][\/vc_row][vc_row][vc_column][vc_empty_space height=\u00a0\u00bb2px\u00a0\u00bb css=\u00a0\u00bb.vc_custom_1633016095657{background-color: #d8d8d8 !important;}\u00a0\u00bb][\/vc_column][\/vc_row][vc_row content_placement=\u00a0\u00bbmiddle\u00a0\u00bb][vc_column width=\u00a0\u00bb1\/3&Prime;][vc_single_image image=\u00a0\u00bb7291&Prime; img_size=\u00a0\u00bbfull\u00a0\u00bb][\/vc_column][vc_column width=\u00a0\u00bb2\/3&Prime;][vc_column_text css=\u00a0\u00bb.vc_custom_1653498062759{margin-bottom: 18px !important;}\u00a0\u00bb]<\/p>\n<h2 style=\"font-size: 36px; line-height: 22px; color: #333333;\"><strong>Publications<\/strong><\/h2>\n<p>[\/vc_column_text][vc_column_text css=\u00a0\u00bb.vc_custom_1653498077013{margin-bottom: 18px !important;}\u00a0\u00bb]<\/p>\n<h4>Thermal-Lube continue de rechercher \u00e0 la fois des technologies et des techniques de lubrification et d&rsquo;analyse. Ces publications refl\u00e8tent des ann\u00e9es de recherche et de d\u00e9veloppement en collaboration avec de grandes universit\u00e9s.<\/h4>\n<p>[\/vc_column_text]<div id=\"nitro_custom_css_931653636\" class=\"sc-button \"><a href=\"\/resource-center\/publications\/\" title=\"\" target=\"_self\"><span>En savoir plus<\/span><\/a><\/div>[\/vc_column][\/vc_row][vc_row][vc_column][vc_empty_space height=\u00a0\u00bb60px\u00a0\u00bb][\/vc_column][\/vc_row]<\/p>\n<\/div>","protected":false},"excerpt":{"rendered":"<p>[vc_row full_width=\u00a0\u00bbstretch_row\u00a0\u00bb background_position=\u00a0\u00bbcenter center\u00a0\u00bb css=\u00a0\u00bb.vc_custom_1672440124283{background-image: url(https:\/\/thermal-lube.com\/wp-content\/uploads\/2022\/12\/Library-corel-640-1.jpg?id=12691) !important;background-position: center !important;background-repeat: no-repeat !important;background-size: cover !important;}\u00a0\u00bb][vc_column width=\u00a0\u00bb2\/3&Prime;][vc_empty_space height=\u00a0\u00bb60px\u00a0\u00bb][vc_row_inner css=\u00a0\u00bb.vc_custom_1632324426350{padding-left: 4px !important;}\u00a0\u00bb][vc_column_inner css=\u00a0\u00bb.vc_custom_1632324624169{border-left-width: 8px !important;background-color: #ffffff !important;border-left-color: #0e469b !important;border-left-style: solid !important;}\u00a0\u00bb][vc_column_text] Centre de ressources [\/vc_column_text][vc_column_text] Au fil des ans, nous avons \u00e9crit et co-\u00e9crit avec l&rsquo;Universit\u00e9 McGill de Montr\u00e9al plus de 60 articles \u00e9valu\u00e9s par des pairs publi\u00e9s dans [&hellip;]<\/p>\n","protected":false},"author":1,"featured_media":0,"parent":0,"menu_order":0,"comment_status":"closed","ping_status":"closed","template":"","meta":{"om_disable_all_campaigns":false,"_uf_show_specific_survey":0,"_uf_disable_surveys":false,"footnotes":""},"class_list":["post-4279","page","type-page","status-publish","hentry"],"aioseo_notices":[],"_links":{"self":[{"href":"https:\/\/thermal-lube.com\/fr\/wp-json\/wp\/v2\/pages\/4279","targetHints":{"allow":["GET"]}}],"collection":[{"href":"https:\/\/thermal-lube.com\/fr\/wp-json\/wp\/v2\/pages"}],"about":[{"href":"https:\/\/thermal-lube.com\/fr\/wp-json\/wp\/v2\/types\/page"}],"author":[{"embeddable":true,"href":"https:\/\/thermal-lube.com\/fr\/wp-json\/wp\/v2\/users\/1"}],"replies":[{"embeddable":true,"href":"https:\/\/thermal-lube.com\/fr\/wp-json\/wp\/v2\/comments?post=4279"}],"version-history":[{"count":7,"href":"https:\/\/thermal-lube.com\/fr\/wp-json\/wp\/v2\/pages\/4279\/revisions"}],"predecessor-version":[{"id":12693,"href":"https:\/\/thermal-lube.com\/fr\/wp-json\/wp\/v2\/pages\/4279\/revisions\/12693"}],"wp:attachment":[{"href":"https:\/\/thermal-lube.com\/fr\/wp-json\/wp\/v2\/media?parent=4279"}],"curies":[{"name":"wp","href":"https:\/\/api.w.org\/{rel}","templated":true}]}}