{"id":4188,"date":"2021-11-10T17:06:41","date_gmt":"2021-11-10T17:06:41","guid":{"rendered":"https:\/\/thermal-lube.com\/?page_id=4188"},"modified":"2021-11-10T17:06:41","modified_gmt":"2021-11-10T17:06:41","slug":"fabrication-operations-entretien-reparations","status":"publish","type":"page","link":"https:\/\/thermal-lube.com\/fr\/applications-du-marche\/fabrication-operations-entretien-reparations\/","title":{"rendered":"Fabrication Et Op\u00e9rations D\u2019entretien Et R\u00e9parations"},"content":{"rendered":"<div class=\"wpb-content-wrapper\"><p>[vc_row full_width=\u00a0\u00bbstretch_row\u00a0\u00bb background_position=\u00a0\u00bbcenter center\u00a0\u00bb css=\u00a0\u00bb.vc_custom_1634141221733{background-image: url(https:\/\/thermal-lube.com\/wp-content\/uploads\/2021\/09\/mro-feature.jpg?id=2054) !important;background-position: center !important;background-repeat: no-repeat !important;background-size: cover !important;}\u00a0\u00bb][vc_column width=\u00a0\u00bb2\/3&Prime;][vc_empty_space height=\u00a0\u00bb60px\u00a0\u00bb][vc_row_inner css=\u00a0\u00bb.vc_custom_1632324426350{padding-left: 4px !important;}\u00a0\u00bb][vc_column_inner css=\u00a0\u00bb.vc_custom_1632324624169{border-left-width: 8px !important;background-color: #ffffff !important;border-left-color: #0e469b !important;border-left-style: solid !important;}\u00a0\u00bb][vc_column_text]<\/p>\n<h1 style=\"font-size: 50px; line-height: 50px; color: #333333;\"><strong>Fabrication Et Op\u00e9rations D\u2019entretien Et R\u00e9parations<\/strong><\/h1>\n<p>[\/vc_column_text][vc_column_text]Les temps d\u2019arr\u00eat pr\u00e9vus et non- pr\u00e9vus pour le service et l\u2019entretien se traduisent en moins de productivit\u00e9 \u2013 en particulier pour \u00e9quipements et processus essentiels. Lorsque vous introduisez la poussi\u00e8re de proc\u00e9d\u00e9s de fabrication et mati\u00e8res premi\u00e8res, vous avez besoin d\u2019une strat\u00e9gie de lubrifiant afin de maintenir vos \u00e9quipement fonctionnels et pour p\u00e9riodes \u00e9tendues entre intervalles de changements d\u2019huile.[\/vc_column_text][vc_empty_space][\/vc_column_inner][\/vc_row_inner][vc_empty_space height=\u00a0\u00bb60px\u00a0\u00bb][\/vc_column][vc_column width=\u00a0\u00bb1\/3&Prime;][\/vc_column][\/vc_row][vc_row][vc_column][vc_empty_space height=\u00a0\u00bb60px\u00a0\u00bb][\/vc_column][\/vc_row][vc_row][vc_column width=\u00a0\u00bb1\/6&Prime;][\/vc_column][vc_column width=\u00a0\u00bb2\/3&Prime;][vc_column_text]Les temps d\u2019arr\u00eat pr\u00e9vus et non- pr\u00e9vus pour le service et l\u2019entretien se traduisent en moins de productivit\u00e9 \u2013 en particulier pour \u00e9quipements et processus essentiels. Lorsque vous introduisez la poussi\u00e8re de proc\u00e9d\u00e9s de fabrication et mati\u00e8res premi\u00e8res, vous avez besoin d\u2019une strat\u00e9gie de lubrifiant afin de maintenir vos \u00e9quipement fonctionnels et pour p\u00e9riodes \u00e9tendues entre intervalles de changements d\u2019huile.<\/p>\n<p>Principaux avantages:<\/p>\n<ul>\n<li>Prolongation d\u2019intervalles de service de lubrification et fonctionnement ininterrompu de vos \u00e9quipements en utilisant des huiles et graisses synth\u00e9tiques sur mesure.<\/li>\n<li>Am\u00e9lioration continue \u2013 optimisez votre m\u00e9lange de lubrifiant pour une longue dur\u00e9e de vie avec un service d\u2019analyse d\u2019huile et options de nouveaux\u00a0 m\u00e9langes.<\/li>\n<li>Effectuez le rajout d\u2019additifs \u00e0 votre lubrifiant pour prolonger sa dur\u00e9e de vie ou consid\u00e9rez un syst\u00e8me de v\u00e9rification constante de lubrifiant pour vos applications critiques.<\/li>\n<li>R\u00e9duisez vos co\u00fbts en consolidant votre inventaire d\u2019huiles et graisses en formules alternatives \u00e0 grades et usages multiples.<\/li>\n<li>Respect de l\u2019environnement \u2013 R\u00e9duisez le gaspillage et les exigences sur ressources primaires en maximisant la dur\u00e9e de vie de vos lubrifiants.<\/li>\n<li>Optez pour des lubrifiants biod\u00e9gradables pour r\u00e9duire davantage l\u2019empreinte \u00e9cologique.<\/li>\n<\/ul>\n<p>Applications:<\/p>\n<ul>\n<li>\u00c9quipement de manutention de mat\u00e9riaux<\/li>\n<li>\u00c9quipment de traitement<\/li>\n<li>Fours<\/li>\n<li>Convoyeurs<\/li>\n<li>Compresseurs<\/li>\n<li>G\u00e9n\u00e9rateurs<\/li>\n<\/ul>\n<p>[\/vc_column_text][\/vc_column][vc_column width=\u00a0\u00bb1\/6&Prime;][\/vc_column][\/vc_row][vc_row][vc_column][vc_empty_space height=\u00a0\u00bb60px\u00a0\u00bb][\/vc_column][\/vc_row]<\/p>\n<\/div>","protected":false},"excerpt":{"rendered":"<p>[vc_row full_width=\u00a0\u00bbstretch_row\u00a0\u00bb background_position=\u00a0\u00bbcenter center\u00a0\u00bb css=\u00a0\u00bb.vc_custom_1634141221733{background-image: url(https:\/\/thermal-lube.com\/wp-content\/uploads\/2021\/09\/mro-feature.jpg?id=2054) !important;background-position: center !important;background-repeat: no-repeat !important;background-size: cover !important;}\u00a0\u00bb][vc_column width=\u00a0\u00bb2\/3&Prime;][vc_empty_space height=\u00a0\u00bb60px\u00a0\u00bb][vc_row_inner css=\u00a0\u00bb.vc_custom_1632324426350{padding-left: 4px !important;}\u00a0\u00bb][vc_column_inner css=\u00a0\u00bb.vc_custom_1632324624169{border-left-width: 8px !important;background-color: #ffffff !important;border-left-color: #0e469b !important;border-left-style: solid !important;}\u00a0\u00bb][vc_column_text] Fabrication Et Op\u00e9rations D\u2019entretien Et R\u00e9parations [\/vc_column_text][vc_column_text]Les temps d\u2019arr\u00eat pr\u00e9vus et non- pr\u00e9vus pour le service et l\u2019entretien se traduisent en moins de productivit\u00e9 \u2013 en particulier pour [&hellip;]<\/p>\n","protected":false},"author":1,"featured_media":0,"parent":4152,"menu_order":0,"comment_status":"closed","ping_status":"closed","template":"","meta":{"om_disable_all_campaigns":false,"_uf_show_specific_survey":0,"_uf_disable_surveys":false,"footnotes":""},"class_list":["post-4188","page","type-page","status-publish","hentry"],"aioseo_notices":[],"_links":{"self":[{"href":"https:\/\/thermal-lube.com\/fr\/wp-json\/wp\/v2\/pages\/4188","targetHints":{"allow":["GET"]}}],"collection":[{"href":"https:\/\/thermal-lube.com\/fr\/wp-json\/wp\/v2\/pages"}],"about":[{"href":"https:\/\/thermal-lube.com\/fr\/wp-json\/wp\/v2\/types\/page"}],"author":[{"embeddable":true,"href":"https:\/\/thermal-lube.com\/fr\/wp-json\/wp\/v2\/users\/1"}],"replies":[{"embeddable":true,"href":"https:\/\/thermal-lube.com\/fr\/wp-json\/wp\/v2\/comments?post=4188"}],"version-history":[{"count":2,"href":"https:\/\/thermal-lube.com\/fr\/wp-json\/wp\/v2\/pages\/4188\/revisions"}],"predecessor-version":[{"id":4210,"href":"https:\/\/thermal-lube.com\/fr\/wp-json\/wp\/v2\/pages\/4188\/revisions\/4210"}],"up":[{"embeddable":true,"href":"https:\/\/thermal-lube.com\/fr\/wp-json\/wp\/v2\/pages\/4152"}],"wp:attachment":[{"href":"https:\/\/thermal-lube.com\/fr\/wp-json\/wp\/v2\/media?parent=4188"}],"curies":[{"name":"wp","href":"https:\/\/api.w.org\/{rel}","templated":true}]}}