{"id":4145,"date":"2018-09-12T06:15:32","date_gmt":"2018-09-12T06:15:32","guid":{"rendered":"https:\/\/thermal-lube.com\/?page_id=4145"},"modified":"2026-03-06T10:02:11","modified_gmt":"2026-03-06T15:02:11","slug":"home","status":"publish","type":"page","link":"https:\/\/thermal-lube.com\/fr\/","title":{"rendered":"Home"},"content":{"rendered":"<div class=\"wpb-content-wrapper\"><p>[vc_row][vc_column]\n\t\t\t<!-- START Slider FR REVOLUTION SLIDER 6.3.9 --><p class=\"rs-p-wp-fix\"><\/p>\n\t\t\t<rs-module-wrap id=\"rev_slider_2_1_wrapper\" data-source=\"gallery\" style=\"background:transparent;padding:0;margin:0px auto;margin-top:0;margin-bottom:0;\">\n\t\t\t\t<rs-module id=\"rev_slider_2_1\" style=\"\" data-version=\"6.3.9\">\n\t\t\t\t\t<rs-slides>\n\t\t\t\t\t\t<rs-slide data-key=\"rs-3\" data-title=\"Slide\" data-thumb=\"\/\/thermal-lube.com\/wp-content\/uploads\/2022\/10\/TL-Building-scaled-50x100.jpg\" data-anim=\"ei:d;eo:d;s:1000;r:0;t:fade;sl:0;\">\n\t\t\t\t\t\t\t<img decoding=\"async\" src=\"\/\/thermal-lube.com\/wp-content\/uploads\/2022\/10\/TL-Building-scaled.jpg\" title=\"TL Building\" width=\"2560\" height=\"1312\" data-bg=\"f:100% 100%;\" class=\"rev-slidebg\" data-no-retina>\n<!--\n\t\t\t\t\t\t\t--><a\n\t\t\t\t\t\t\t\tid=\"slider-2-slide-3-layer-9\" \n\t\t\t\t\t\t\t\tclass=\"rs-layer rev-btn\"\n\t\t\t\t\t\t\t\thref=\"\/fr\/a-propos-de-nous\/\" target=\"_self\"\n\t\t\t\t\t\t\t\tdata-type=\"button\"\n\t\t\t\t\t\t\t\tdata-color=\"#ffffff\"\n\t\t\t\t\t\t\t\tdata-rsp_ch=\"on\"\n\t\t\t\t\t\t\t\tdata-xy=\"x:212px;y:352px;\"\n\t\t\t\t\t\t\t\tdata-text=\"w:normal;l:47;fw:500;\"\n\t\t\t\t\t\t\t\tdata-padding=\"r:30;l:30;\"\n\t\t\t\t\t\t\t\tdata-frame_999=\"o:0;st:w;\"\n\t\t\t\t\t\t\t\tdata-frame_hover=\"bgc:#007aff;bor:0px,0px,0px,0px;bri:120%;\"\n\t\t\t\t\t\t\t\tstyle=\"z-index:10;background-color:#fc2530;font-family:Roboto;\"\n\t\t\t\t\t\t\t>\u00c0 Propos de Nous \n\t\t\t\t\t\t\t<\/a><!--\n\n\t\t\t\t\t\t\t--><rs-layer\n\t\t\t\t\t\t\t\tid=\"slider-2-slide-3-layer-10\" \n\t\t\t\t\t\t\t\tdata-type=\"text\"\n\t\t\t\t\t\t\t\tdata-color=\"#ffffff\"\n\t\t\t\t\t\t\t\tdata-bsh=\"c:rgba(107,107,107,0);h:5px;v:5px;b:45px;s:40px;\"\n\t\t\t\t\t\t\t\tdata-rsp_ch=\"on\"\n\t\t\t\t\t\t\t\tdata-xy=\"x:c;y:188px;\"\n\t\t\t\t\t\t\t\tdata-text=\"w:normal;s:22;\"\n\t\t\t\t\t\t\t\tdata-dim=\"w:809px;h:182;\"\n\t\t\t\t\t\t\t\tdata-frame_999=\"o:0;st:w;\"\n\t\t\t\t\t\t\t\tstyle=\"z-index:9;background-color:rgba(122,122,122,0);font-family:Roboto;\"\n\t\t\t\t\t\t\t><strong>\u00c0 propos du Thermal-Lube<\/strong><br \/>\n<br \/>\nFond\u00e9e en 1983 en tant que fabricant de lubrifiants sp\u00e9cialis\u00e9s, synth\u00e9tiques et biosourc\u00e9s, la soci\u00e9t\u00e9 s'est rapidement \u00e9tendue \u00e0 d'autres secteurs, notamment l'agriculture, les films polym\u00e8res antimicrobiens et l'analyse de la d\u00e9gradation des fluides. \n\t\t\t\t\t\t\t<\/rs-layer><!--\n\n\t\t\t\t\t\t\t--><rs-layer\n\t\t\t\t\t\t\t\tid=\"slider-2-slide-3-layer-11\" \n\t\t\t\t\t\t\t\tdata-type=\"shape\"\n\t\t\t\t\t\t\t\tdata-rsp_ch=\"on\"\n\t\t\t\t\t\t\t\tdata-xy=\"x:c;y:169px;\"\n\t\t\t\t\t\t\t\tdata-text=\"w:normal;\"\n\t\t\t\t\t\t\t\tdata-dim=\"w:845px;h:251px;\"\n\t\t\t\t\t\t\t\tdata-frame_999=\"o:0;st:w;\"\n\t\t\t\t\t\t\t\tstyle=\"z-index:8;background-color:rgba(0,0,0,0.35);\"\n\t\t\t\t\t\t\t> \n\t\t\t\t\t\t\t<\/rs-layer><!--\n-->\t\t\t\t\t\t<\/rs-slide>\n\t\t\t\t\t\t<rs-slide data-key=\"rs-4\" data-title=\"Slide\" data-thumb=\"\/\/thermal-lube.com\/wp-content\/uploads\/2021\/09\/green-hero-50x100.jpg\" data-anim=\"ei:d;eo:d;s:1000;r:0;t:fade;sl:0;\">\n\t\t\t\t\t\t\t<img decoding=\"async\" src=\"\/\/thermal-lube.com\/wp-content\/uploads\/2021\/09\/green-hero.jpg\" title=\"green-hero\" width=\"1920\" height=\"1080\" class=\"rev-slidebg\" data-no-retina>\n<!--\n\t\t\t\t\t\t\t--><a\n\t\t\t\t\t\t\t\tid=\"slider-2-slide-4-layer-3\" \n\t\t\t\t\t\t\t\tclass=\"rs-layer rev-btn\"\n\t\t\t\t\t\t\t\thref=\"\/fr\/a-propos-de-nous\/\" target=\"_self\"\n\t\t\t\t\t\t\t\tdata-type=\"button\"\n\t\t\t\t\t\t\t\tdata-color=\"#ffffff\"\n\t\t\t\t\t\t\t\tdata-rsp_ch=\"on\"\n\t\t\t\t\t\t\t\tdata-xy=\"x:199px;y:335px;\"\n\t\t\t\t\t\t\t\tdata-text=\"w:normal;l:47;fw:500;\"\n\t\t\t\t\t\t\t\tdata-padding=\"r:30;l:30;\"\n\t\t\t\t\t\t\t\tdata-frame_999=\"o:0;st:w;\"\n\t\t\t\t\t\t\t\tdata-frame_hover=\"bgc:#007aff;bor:0px,0px,0px,0px;bri:120%;\"\n\t\t\t\t\t\t\t\tstyle=\"z-index:10;background-color:#fc2530;font-family:Roboto;\"\n\t\t\t\t\t\t\t>\u00c0 Propos de Nous \n\t\t\t\t\t\t\t<\/a><!--\n\n\t\t\t\t\t\t\t--><rs-layer\n\t\t\t\t\t\t\t\tid=\"slider-2-slide-4-layer-4\" \n\t\t\t\t\t\t\t\tdata-type=\"text\"\n\t\t\t\t\t\t\t\tdata-color=\"#ffffff\"\n\t\t\t\t\t\t\t\tdata-bsh=\"c:rgba(107,107,107,0);h:5px;v:5px;b:45px;s:40px;\"\n\t\t\t\t\t\t\t\tdata-rsp_ch=\"on\"\n\t\t\t\t\t\t\t\tdata-xy=\"x:c;xo:-12px;y:165px;\"\n\t\t\t\t\t\t\t\tdata-text=\"w:normal;s:22;\"\n\t\t\t\t\t\t\t\tdata-dim=\"w:809px;h:159px;\"\n\t\t\t\t\t\t\t\tdata-frame_999=\"o:0;st:w;\"\n\t\t\t\t\t\t\t\tstyle=\"z-index:9;background-color:rgba(122,122,122,0);font-family:Roboto;\"\n\t\t\t\t\t\t\t><strong>\u00c0 propos du Thermal-Lube<\/strong><br \/>\n<br \/>\nNous fabriquons une vaste gamme de produits con\u00e7us pour fonctionner dans \u00e0 peu pr\u00e8s n'importe quelle application, n'importe quel climat et n'importe quel environnement.<br \/>\nNous personnaliserons \u00e9galement une marque priv\u00e9e selon vos sp\u00e9cifications. \n\t\t\t\t\t\t\t<\/rs-layer><!--\n\n\t\t\t\t\t\t\t--><rs-layer\n\t\t\t\t\t\t\t\tid=\"slider-2-slide-4-layer-5\" \n\t\t\t\t\t\t\t\tdata-type=\"shape\"\n\t\t\t\t\t\t\t\tdata-rsp_ch=\"on\"\n\t\t\t\t\t\t\t\tdata-xy=\"x:c;xo:-15px;y:154px;\"\n\t\t\t\t\t\t\t\tdata-text=\"w:normal;\"\n\t\t\t\t\t\t\t\tdata-dim=\"w:833px;h:236px;\"\n\t\t\t\t\t\t\t\tdata-frame_999=\"o:0;st:w;\"\n\t\t\t\t\t\t\t\tstyle=\"z-index:8;background-color:rgba(0,0,0,0.35);\"\n\t\t\t\t\t\t\t> \n\t\t\t\t\t\t\t<\/rs-layer><!--\n-->\t\t\t\t\t\t<\/rs-slide>\n\t\t\t\t\t<\/rs-slides>\n\t\t\t\t<\/rs-module>\n\t\t\t\t<script type=\"text\/javascript\">\n\t\t\t\t\tsetREVStartSize({c: 'rev_slider_2_1',rl:[1240,1024,778,480],el:[480],gw:[1240],gh:[480],type:'standard',justify:'',layout:'fullwidth',mh:\"0\"});\n\t\t\t\t\tvar\trevapi2,\n\t\t\t\t\t\ttpj;\n\t\t\t\t\tfunction revinit_revslider21() {\n\t\t\t\t\tjQuery(function() {\n\t\t\t\t\t\ttpj = jQuery;\n\t\t\t\t\t\trevapi2 = tpj(\"#rev_slider_2_1\");\n\t\t\t\t\t\tif(revapi2==undefined || revapi2.revolution == undefined){\n\t\t\t\t\t\t\trevslider_showDoubleJqueryError(\"rev_slider_2_1\");\n\t\t\t\t\t\t}else{\n\t\t\t\t\t\t\trevapi2.revolution({\n\t\t\t\t\t\t\t\tvisibilityLevels:\"1240,1024,778,480\",\n\t\t\t\t\t\t\t\tgridwidth:1240,\n\t\t\t\t\t\t\t\tgridheight:480,\n\t\t\t\t\t\t\t\tperspective:600,\n\t\t\t\t\t\t\t\tperspectiveType:\"global\",\n\t\t\t\t\t\t\t\teditorheight:\"480,768,960,720\",\n\t\t\t\t\t\t\t\tresponsiveLevels:\"1240,1024,778,480\",\n\t\t\t\t\t\t\t\tprogressBar:{disableProgressBar:true},\n\t\t\t\t\t\t\t\tnavigation: {\n\t\t\t\t\t\t\t\t\twheelCallDelay:1000,\n\t\t\t\t\t\t\t\t\tonHoverStop:false,\n\t\t\t\t\t\t\t\t\tbullets: {\n\t\t\t\t\t\t\t\t\t\tenable:true,\n\t\t\t\t\t\t\t\t\t\ttmp:\"\",\n\t\t\t\t\t\t\t\t\t\tstyle:\"hesperiden\"\n\t\t\t\t\t\t\t\t\t}\n\t\t\t\t\t\t\t\t},\n\t\t\t\t\t\t\t\tfallbacks: {\n\t\t\t\t\t\t\t\t\tallowHTML5AutoPlayOnAndroid:true\n\t\t\t\t\t\t\t\t},\n\t\t\t\t\t\t\t});\n\t\t\t\t\t\t}\n\t\t\t\t\t\t\n\t\t\t\t\t});\n\t\t\t\t\t} \/\/ End of RevInitScript\n\t\t\t\tvar once_revslider21 = false;\n\t\t\t\tif (document.readyState === \"loading\") {document.addEventListener('readystatechange',function() { if((document.readyState === \"interactive\" || document.readyState === \"complete\") && !once_revslider21 ) { once_revslider21 = true; revinit_revslider21();}});} else {once_revslider21 = true; revinit_revslider21();}\n\t\t\t\t<\/script>\n\t\t\t\t<script>\n\t\t\t\t\tvar htmlDivCss = unescape(\"%23rev_slider_2_1_wrapper%20.hesperiden.tp-bullets%20%7B%0A%7D%0A%23rev_slider_2_1_wrapper%20.hesperiden.tp-bullets%3Abefore%20%7B%0A%09content%3A%27%20%27%3B%0A%09position%3Aabsolute%3B%0A%09width%3A100%25%3B%0A%09height%3A100%25%3B%0A%09background%3Atransparent%3B%0A%09padding%3A10px%3B%0A%09margin-left%3A-10px%3Bmargin-top%3A-10px%3B%0A%09box-sizing%3Acontent-box%3B%0A%20%20%20border-radius%3A8px%3B%0A%20%20%0A%7D%0A%23rev_slider_2_1_wrapper%20.hesperiden%20.tp-bullet%20%7B%0A%09width%3A12px%3B%0A%09height%3A12px%3B%0A%09position%3Aabsolute%3B%0A%09background%3A%20%23999999%3B%20%2F%2A%20old%20browsers%20%2A%2F%0A%20%20%20%20background%3A%20-moz-linear-gradient%28top%2C%20%20%23999999%200%25%2C%20%23e1e1e1%20100%25%29%3B%20%2F%2A%20ff3.6%2B%20%2A%2F%0A%20%20%20%20background%3A%20-webkit-linear-gradient%28top%2C%20%20%23999999%200%25%2C%23e1e1e1%20100%25%29%3B%20%2F%2A%20chrome10%2B%2Csafari5.1%2B%20%2A%2F%0A%20%20%20%20background%3A%20-o-linear-gradient%28top%2C%20%20%23999999%200%25%2C%23e1e1e1%20100%25%29%3B%20%2F%2A%20opera%2011.10%2B%20%2A%2F%0A%20%20%20%20background%3A%20-ms-linear-gradient%28top%2C%20%20%23999999%200%25%2C%23e1e1e1%20100%25%29%3B%20%2F%2A%20ie10%2B%20%2A%2F%0A%20%20%20%20background%3A%20linear-gradient%28to%20bottom%2C%20%20%23999999%200%25%2C%23e1e1e1%20100%25%29%3B%20%2F%2A%20w3c%20%2A%2F%0A%20%20%20%20filter%3A%20progid%3Adximagetransform.microsoft.gradient%28%20%0A%20%20%20%20startcolorstr%3D%27%23999999%27%2C%20endcolorstr%3D%27%23e1e1e1%27%2Cgradienttype%3D0%20%29%3B%20%2F%2A%20ie6-9%20%2A%2F%0A%09border%3A3px%20solid%20%23e5e5e5%3B%0A%09border-radius%3A50%25%3B%0A%09cursor%3A%20pointer%3B%0A%09box-sizing%3Acontent-box%3B%0A%7D%0A%23rev_slider_2_1_wrapper%20.hesperiden%20.tp-bullet%3Ahover%2C%0A%23rev_slider_2_1_wrapper%20.hesperiden%20.tp-bullet.selected%20%7B%0A%09background%3A%23666666%3B%0A%7D%0A%23rev_slider_2_1_wrapper%20.hesperiden%20.tp-bullet-image%20%7B%0A%7D%0A%23rev_slider_2_1_wrapper%20.hesperiden%20.tp-bullet-title%20%7B%0A%7D%0A%0A\");\n\t\t\t\t\tvar htmlDiv = document.getElementById('rs-plugin-settings-inline-css');\n\t\t\t\t\tif(htmlDiv) {\n\t\t\t\t\t\thtmlDiv.innerHTML = htmlDiv.innerHTML + htmlDivCss;\n\t\t\t\t\t}else{\n\t\t\t\t\t\tvar htmlDiv = document.createElement('div');\n\t\t\t\t\t\thtmlDiv.innerHTML = '<style>' + htmlDivCss + '<\/style>';\n\t\t\t\t\t\tdocument.getElementsByTagName('head')[0].appendChild(htmlDiv.childNodes[0]);\n\t\t\t\t\t}\n\t\t\t\t<\/script>\n\t\t\t\t<script>\n\t\t\t\t\tvar htmlDivCss = unescape(\"%0A%0A\");\n\t\t\t\t\tvar htmlDiv = document.getElementById('rs-plugin-settings-inline-css');\n\t\t\t\t\tif(htmlDiv) {\n\t\t\t\t\t\thtmlDiv.innerHTML = htmlDiv.innerHTML + htmlDivCss;\n\t\t\t\t\t}else{\n\t\t\t\t\t\tvar htmlDiv = document.createElement('div');\n\t\t\t\t\t\thtmlDiv.innerHTML = '<style>' + htmlDivCss + '<\/style>';\n\t\t\t\t\t\tdocument.getElementsByTagName('head')[0].appendChild(htmlDiv.childNodes[0]);\n\t\t\t\t\t}\n\t\t\t\t<\/script>\n\t\t\t<\/rs-module-wrap>\n\t\t\t<!-- END REVOLUTION SLIDER -->\n[\/vc_column][\/vc_row][vc_row full_width=\u00a0\u00bbstretch_row\u00a0\u00bb content_placement=\u00a0\u00bbmiddle\u00a0\u00bb css=\u00a0\u00bb.vc_custom_1644674256132{padding-top: 30px !important;background-color: #f7f7f7 !important;}\u00a0\u00bb][vc_column][vc_column_text]<\/p>\n<h2 style=\"font-size: 34px; line-height: 36px; text-align: center;\"><span style=\"color: #0e469b;\">March\u00e9s &amp; Produits<\/span><\/h2>\n<p>[\/vc_column_text][vc_column_text css=\u00a0\u00bb.vc_custom_1739725143815{margin-bottom: 0px !important;}\u00a0\u00bb]<\/p>\n<h2 style=\"font-size: 24px; line-height: 26px; text-align: center;\">Cat\u00e9gories des produits<\/h2>\n<p>[\/vc_column_text][vc_row_inner][vc_column_inner width=\u00a0\u00bb1\/3&Prime;][vc_column_text css=\u00a0\u00bb.vc_custom_1652889278968{margin-bottom: 12px !important;}\u00a0\u00bb]<\/p>\n<h3 style=\"font-size: 24px; line-height: 26px; text-align: center;\">Produits lubrifiants<\/h3>\n<p>[\/vc_column_text][vc_column_text css=\u00a0\u00bb.vc_custom_1739725081001{margin-bottom: 0px !important;}\u00a0\u00bb]<\/p>\n<p style=\"text-align: center;\">Nos produits lubrifiants se composent de formulations sp\u00e9cialis\u00e9es test\u00e9es par l&rsquo;industrie, qu&rsquo;elles soient commercialis\u00e9es sous nos marques ou formul\u00e9es sur mesure et sous \u00e9tiquette priv\u00e9e pour les distributeurs individuels.<\/p>\n<p>[\/vc_column_text][vc_column_text css=\u00a0\u00bb.vc_custom_1739725014230{margin-bottom: 0px !important;padding-top: -30px !important;padding-bottom: 10px !important;}\u00a0\u00bb]<\/p>\n<p style=\"text-align: center;\"><strong><a href=\"https:\/\/thermal-lube.com\/fr\/produits-lubrifiants\/\">Voir plus \u203a<\/a><\/strong><\/p>\n<p>[\/vc_column_text][\/vc_column_inner][vc_column_inner width=\u00a0\u00bb1\/3&Prime;][vc_column_text css=\u00a0\u00bb.vc_custom_1652889569360{margin-bottom: 12px !important;}\u00a0\u00bb]<\/p>\n<h3 style=\"font-size: 24px; line-height: 26px; text-align: center;\">Produits biod\u00e9gradables<\/h3>\n<p>[\/vc_column_text][vc_column_text css=\u00a0\u00bb.vc_custom_1739723109539{margin-bottom: 22px !important;}\u00a0\u00bb]<\/p>\n<p style=\"text-align: center;\">Ces lubrifiants sont formul\u00e9s pour des applications dans des zones \u00e9cologiquement sensibles. Ils sont g\u00e9n\u00e9ralement non toxiques pour la vie aquatique et biod\u00e9gradables.<\/p>\n<p>[\/vc_column_text][vc_column_text css=\u00a0\u00bb.vc_custom_1739724714805{margin-bottom: 0px !important;}\u00a0\u00bb]<\/p>\n<p style=\"text-align: center;\"><strong><a href=\"https:\/\/thermal-lube.com\/fr\/biodegradable\/\">Voir plus \u203a<\/a><\/strong><\/p>\n<p>[\/vc_column_text][\/vc_column_inner][vc_column_inner width=\u00a0\u00bb1\/3&Prime;][vc_column_text css=\u00a0\u00bb.vc_custom_1652889616456{margin-bottom: 12px !important;}\u00a0\u00bb]<\/p>\n<h3 style=\"font-size: 24px; line-height: 26px; text-align: center;\">Produits sp\u00e9cialis\u00e9s<\/h3>\n<p>[\/vc_column_text][vc_column_text]<\/p>\n<p style=\"text-align: center;\">Une s\u00e9rie de antiseptiques, de d\u00e9sinfectants, de polym\u00e8res agricoles, d&rsquo;abat-poussi\u00e8re et plus encore \u00e0 la formulation unique\u2026<\/p>\n<p>[\/vc_column_text][vc_column_text css=\u00a0\u00bb.vc_custom_1739724789728{margin-bottom: 0px !important;padding-top: 10px !important;}\u00a0\u00bb]<\/p>\n<p style=\"text-align: center;\"><strong><a href=\"https:\/\/thermal-lube.com\/fr\/produits-specialises\/\">Voir plus \u203a<\/a><\/strong><\/p>\n<p>[\/vc_column_text][\/vc_column_inner][\/vc_row_inner][\/vc_column][\/vc_row][vc_row full_width=\u00a0\u00bbstretch_row\u00a0\u00bb content_placement=\u00a0\u00bbmiddle\u00a0\u00bb css=\u00a0\u00bb.vc_custom_1643758380522{background-color: #39404a !important;}\u00a0\u00bb el_class=\u00a0\u00bbslider_heading_dark\u00a0\u00bb][vc_column width=\u00a0\u00bb1\/4&Prime; css=\u00a0\u00bb.vc_custom_1643752946807{margin-top: -100px !important;}\u00a0\u00bb][vc_column_text css=\u00a0\u00bb.vc_custom_1652889722994{margin-bottom: 12px !important;}\u00a0\u00bb]<\/p>\n<h2 style=\"font-size: 34px; line-height: 36px;\"><span style=\"color: #f1f1f1;\">Produits lubrifiants<\/span><\/h2>\n<p>[\/vc_column_text][vc_column_text]<\/p>\n<h4><span style=\"color: #ffffff;\">Les produits formul\u00e9s par l&rsquo;industrie de Thermal-Lube sont con\u00e7us pour les machines et \u00e9quipements qui fonctionnent dans des conditions de travail anormales.<\/span><\/h4>\n<p>[\/vc_column_text][\/vc_column][vc_column width=\u00a0\u00bb3\/4&Prime; css=\u00a0\u00bb.vc_custom_1643758237667{padding-top: 20px !important;padding-bottom: 20px !important;}\u00a0\u00bb]<div class=\"nitro-carousel-wrap oh\"><div id=\"nitro_custom_css_735101931\" class=\"nitro-carousel pr wr-nitro-carousel \" data-owl-options='{&quot;items&quot;: &quot;2&quot;, &quot;autoplay&quot;: &quot;true&quot;, &quot;dots&quot;: &quot;true&quot;, &quot;desktop&quot;: &quot;2&quot;, &quot;tablet&quot;: &quot;2&quot;, &quot;mobile&quot;: &quot;2&quot;, &quot;sm_mobile&quot;: &quot;1&quot;, &quot;custom_responsive&quot;: &quot;true&quot;}'>[vc_single_image image=\u00a0\u00bb2104&Prime; img_size=\u00a0\u00bbfull\u00a0\u00bb alignment=\u00a0\u00bbcenter\u00a0\u00bb onclick=\u00a0\u00bbcustom_link\u00a0\u00bb title=\u00a0\u00bbPellicule s\u00e9che\u00a0\u00bb link=\u00a0\u00bb\/fr\/produits-lubrifiants\/pellicule-seche\/\u00a0\u00bb][vc_single_image image=\u00a0\u00bb2110&Prime; img_size=\u00a0\u00bbfull\u00a0\u00bb alignment=\u00a0\u00bbcenter\u00a0\u00bb onclick=\u00a0\u00bbcustom_link\u00a0\u00bb title=\u00a0\u00bbHuiles lubrifiantes\u00a0\u00bb link=\u00a0\u00bb\/fr\/produits-lubrifiants\/huiles-lubrifiantes\/\u00a0\u00bb][vc_single_image image=\u00a0\u00bb2111&Prime; img_size=\u00a0\u00bbfull\u00a0\u00bb alignment=\u00a0\u00bbcenter\u00a0\u00bb onclick=\u00a0\u00bbcustom_link\u00a0\u00bb title=\u00a0\u00bbGraisses lubrifiantes\u00a0\u00bb link=\u00a0\u00bb\/fr\/produits-lubrifiants\/graisse-lubrifiante\/\u00a0\u00bb][vc_single_image image=\u00a0\u00bb6151&Prime; img_size=\u00a0\u00bbfull\u00a0\u00bb alignment=\u00a0\u00bbcenter\u00a0\u00bb onclick=\u00a0\u00bbcustom_link\u00a0\u00bb title=\u00a0\u00bbLubrifiants pour \u00e9quipement mobile\u00a0\u00bb link=\u00a0\u00bb\/fr\/produits-lubrifiants\/lubrifiants-pour-equipement-mobile\/\u00a0\u00bb][vc_single_image image=\u00a0\u00bb15181&Prime; img_size=\u00a0\u00bbfull\u00a0\u00bb alignment=\u00a0\u00bbcenter\u00a0\u00bb onclick=\u00a0\u00bbcustom_link\u00a0\u00bb css=\u00a0\u00bb\u00a0\u00bb title=\u00a0\u00bbLubrifiants Marin\u00a0\u00bb link=\u00a0\u00bb\/fr\/applications-du-marche\/marine-lubricants\/\u00a0\u00bb][vc_single_image image=\u00a0\u00bb5649&Prime; img_size=\u00a0\u00bbfull\u00a0\u00bb alignment=\u00a0\u00bbcenter\u00a0\u00bb onclick=\u00a0\u00bbcustom_link\u00a0\u00bb title=\u00a0\u00bbAdditifs de performance\u00a0\u00bb link=\u00a0\u00bb\/fr\/produits-lubrifiants\/additifs-de-performances\/\u00a0\u00bb][vc_single_image image=\u00a0\u00bb2101&Prime; img_size=\u00a0\u00bbfull\u00a0\u00bb alignment=\u00a0\u00bbcenter\u00a0\u00bb onclick=\u00a0\u00bbcustom_link\u00a0\u00bb title=\u00a0\u00bbLubrifiants pour c\u00e2bles m\u00e9talliques\u00a0\u00bb link=\u00a0\u00bb\/fr\/produits-lubrifiants\/lubrifiants-pour-cables-metalliques\/\u00a0\u00bb]<\/div><\/div>[vc_empty_space height=\u00a0\u00bb50px\u00a0\u00bb][\/vc_column][\/vc_row][vc_row full_width=\u00a0\u00bbstretch_row\u00a0\u00bb content_placement=\u00a0\u00bbmiddle\u00a0\u00bb css=\u00a0\u00bb.vc_custom_1643757085262{padding-top: 40px !important;padding-bottom: 40px !important;background-color: #f7f7f7 !important;}\u00a0\u00bb el_class=\u00a0\u00bbslider_heading\u00a0\u00bb][vc_column width=\u00a0\u00bb1\/4&Prime;][vc_column_text css=\u00a0\u00bb.vc_custom_1652890315995{margin-bottom: 12px !important;}\u00a0\u00bb]<\/p>\n<h2 style=\"font-size: 34px; line-height: 36px;\"><span style=\"color: #0e469b;\">Produits biod\u00e9gradables<\/span><\/h2>\n<p>[\/vc_column_text][vc_column_text]<\/p>\n<p style=\"font-size: 20px; line-height: 24px;\">Ces produits biod\u00e9gradables sont compos\u00e9s d&rsquo;ingr\u00e9dients issus de ressources renouvelables. Ils sont utilis\u00e9s dans des zones \u00e9cologiquement sensibles et sont g\u00e9n\u00e9ralement non toxiques pour la vie aquatique.<\/p>\n<p>[\/vc_column_text][\/vc_column][vc_column width=\u00a0\u00bb3\/4&Prime;]<div class=\"nitro-carousel-wrap oh\"><div id=\"nitro_custom_css_425822452\" class=\"nitro-carousel pr wr-nitro-carousel \" data-owl-options='{&quot;items&quot;: &quot;2&quot;, &quot;autoplay&quot;: &quot;true&quot;, &quot;dots&quot;: &quot;true&quot;, &quot;desktop&quot;: &quot;2&quot;, &quot;tablet&quot;: &quot;2&quot;, &quot;mobile&quot;: &quot;2&quot;, &quot;sm_mobile&quot;: &quot;1&quot;, &quot;custom_responsive&quot;: &quot;true&quot;}'>[vc_single_image image=\u00a0\u00bb6235&Prime; img_size=\u00a0\u00bbfull\u00a0\u00bb alignment=\u00a0\u00bbcenter\u00a0\u00bb onclick=\u00a0\u00bbcustom_link\u00a0\u00bb title=\u00a0\u00bbGraisses biod\u00e9gradables\u00a0\u00bb link=\u00a0\u00bb\/fr\/biodegradable\/graisses-biodegradables\/\u00a0\u00bb][vc_single_image image=\u00a0\u00bb2114&Prime; img_size=\u00a0\u00bbfull\u00a0\u00bb alignment=\u00a0\u00bbcenter\u00a0\u00bb onclick=\u00a0\u00bbcustom_link\u00a0\u00bb title=\u00a0\u00bbLubrifiants mobiles biod\u00e9gradables\u00a0\u00bb link=\u00a0\u00bb\/fr\/biodegradable\/lubrifiants-mobiles-biodegradables\/\u00a0\u00bb][vc_single_image image=\u00a0\u00bb5661&Prime; img_size=\u00a0\u00bbfull\u00a0\u00bb alignment=\u00a0\u00bbcenter\u00a0\u00bb onclick=\u00a0\u00bbcustom_link\u00a0\u00bb title=\u00a0\u00bbHuiles biod\u00e9gradables\u00a0\u00bb link=\u00a0\u00bb\/fr\/biodegradable\/huiles-biodegradables\/\u00a0\u00bb][vc_single_image image=\u00a0\u00bb6784&Prime; img_size=\u00a0\u00bbfull\u00a0\u00bb alignment=\u00a0\u00bbcenter\u00a0\u00bb onclick=\u00a0\u00bbcustom_link\u00a0\u00bb title=\u00a0\u00bbAbat poussi\u00e8re biod\u00e9gradable\u00a0\u00bb link=\u00a0\u00bb\/fr\/biodegradable\/abattants-de-poussiere-biodegradables\/\u00a0\u00bb]<\/div><\/div>[\/vc_column][\/vc_row][vc_row full_width=\u00a0\u00bbstretch_row\u00a0\u00bb content_placement=\u00a0\u00bbmiddle\u00a0\u00bb css=\u00a0\u00bb.vc_custom_1643758380522{background-color: #39404a !important;}\u00a0\u00bb el_class=\u00a0\u00bbslider_heading_dark\u00a0\u00bb][vc_column width=\u00a0\u00bb1\/4&Prime; css=\u00a0\u00bb.vc_custom_1643752946807{margin-top: -100px !important;}\u00a0\u00bb][vc_column_text css=\u00a0\u00bb.vc_custom_1652890414895{margin-bottom: 12px !important;}\u00a0\u00bb]<\/p>\n<h2 style=\"font-size: 34px; line-height: 36px;\"><span style=\"color: #ffffff;\">Produits sp\u00e9cialis\u00e9s<\/span><\/h2>\n<p>[\/vc_column_text][vc_column_text]<span style=\"font-size: 20px; line-height: 24px; color: #ffffff;\">Ce sont tous des produits formul\u00e9s pour l&rsquo;agriculture, les soins personnels, le nettoyage antimicrobien, le contr\u00f4le de la poussi\u00e8re, etc.<\/span>[\/vc_column_text][\/vc_column][vc_column width=\u00a0\u00bb3\/4&Prime; css=\u00a0\u00bb.vc_custom_1643758237667{padding-top: 20px !important;padding-bottom: 20px !important;}\u00a0\u00bb]<div class=\"nitro-carousel-wrap oh\"><div id=\"nitro_custom_css_142412698\" class=\"nitro-carousel pr wr-nitro-carousel \" data-owl-options='{&quot;items&quot;: &quot;2&quot;, &quot;autoplay&quot;: &quot;true&quot;, &quot;dots&quot;: &quot;true&quot;, &quot;desktop&quot;: &quot;2&quot;, &quot;tablet&quot;: &quot;2&quot;, &quot;mobile&quot;: &quot;2&quot;, &quot;sm_mobile&quot;: &quot;1&quot;, &quot;custom_responsive&quot;: &quot;true&quot;}'>[vc_single_image image=\u00a0\u00bb7191&Prime; img_size=\u00a0\u00bbfull\u00a0\u00bb alignment=\u00a0\u00bbcenter\u00a0\u00bb onclick=\u00a0\u00bbcustom_link\u00a0\u00bb title=\u00a0\u00bbD\u00e9sinfectants\u00a0\u00bb link=\u00a0\u00bb\/fr\/produits-specialises\/desinfectants\/\u00a0\u00bb][vc_single_image image=\u00a0\u00bb6962&Prime; img_size=\u00a0\u00bbfull\u00a0\u00bb alignment=\u00a0\u00bbcenter\u00a0\u00bb onclick=\u00a0\u00bbcustom_link\u00a0\u00bb title=\u00a0\u00bbGel antiseptique pour les mains\u00a0\u00bb link=\u00a0\u00bb\/fr\/produits-specialises\/antiseptic-hand-gel\/xl6440\/\u00a0\u00bb][vc_single_image image=\u00a0\u00bb5655&Prime; img_size=\u00a0\u00bbfull\u00a0\u00bb alignment=\u00a0\u00bbcenter\u00a0\u00bb onclick=\u00a0\u00bbcustom_link\u00a0\u00bb title=\u00a0\u00bbAdjuvants agricoles\u00a0\u00bb link=\u00a0\u00bb\/fr\/produits-specialises\/adjuvants-agricoles\/\u00a0\u00bb][vc_single_image image=\u00a0\u00bb6954&Prime; img_size=\u00a0\u00bbfull\u00a0\u00bb alignment=\u00a0\u00bbcenter\u00a0\u00bb onclick=\u00a0\u00bbcustom_link\u00a0\u00bb title=\u00a0\u00bbAbat Poussi\u00e8re\u00a0\u00bb link=\u00a0\u00bb\/fr\/biodegradable\/abattants-de-poussiere-biodegradables\/\u00a0\u00bb][vc_single_image image=\u00a0\u00bb7015&Prime; img_size=\u00a0\u00bbfull\u00a0\u00bb alignment=\u00a0\u00bbcenter\u00a0\u00bb onclick=\u00a0\u00bbcustom_link\u00a0\u00bb title=\u00a0\u00bbFluides de coupe et de sciage\u00a0\u00bb link=\u00a0\u00bb\/fr\/produits-specialises\/fluides-de-coupe-et-de-sciage\/\u00a0\u00bb][vc_single_image image=\u00a0\u00bb6149&Prime; img_size=\u00a0\u00bbfull\u00a0\u00bb alignment=\u00a0\u00bbcenter\u00a0\u00bb onclick=\u00a0\u00bbcustom_link\u00a0\u00bb title=\u00a0\u00bbLubrificateurs automatiques\u00a0\u00bb link=\u00a0\u00bb\/fr\/produits-specialises\/lubrificateurs-automatiques\/\u00a0\u00bb]<\/div><\/div>[\/vc_column][\/vc_row][vc_row full_width=\u00a0\u00bbstretch_row_content_no_spaces\u00a0\u00bb background_position=\u00a0\u00bbcenter center\u00a0\u00bb css=\u00a0\u00bb.vc_custom_1645889953282{background-image: url(https:\/\/thermal-lube.com\/wp-content\/uploads\/2022\/02\/Plant-2a.jpg?id=5610) !important;background-position: center !important;background-repeat: no-repeat !important;background-size: cover !important;}\u00a0\u00bb][vc_column][vc_empty_space height=\u00a0\u00bb400px\u00a0\u00bb][\/vc_column][\/vc_row][vc_row][vc_column][vc_empty_space][\/vc_column][\/vc_row]<\/p>\n<\/div>","protected":false},"excerpt":{"rendered":"<p>[vc_row][vc_column][\/vc_column][\/vc_row][vc_row full_width=\u00a0\u00bbstretch_row\u00a0\u00bb content_placement=\u00a0\u00bbmiddle\u00a0\u00bb css=\u00a0\u00bb.vc_custom_1644674256132{padding-top: 30px !important;background-color: #f7f7f7 !important;}\u00a0\u00bb][vc_column][vc_column_text] March\u00e9s &amp; Produits [\/vc_column_text][vc_column_text css=\u00a0\u00bb.vc_custom_1739725143815{margin-bottom: 0px !important;}\u00a0\u00bb] Cat\u00e9gories des produits [\/vc_column_text][vc_row_inner][vc_column_inner width=\u00a0\u00bb1\/3&Prime;][vc_column_text css=\u00a0\u00bb.vc_custom_1652889278968{margin-bottom: 12px !important;}\u00a0\u00bb] Produits lubrifiants [\/vc_column_text][vc_column_text css=\u00a0\u00bb.vc_custom_1739725081001{margin-bottom: 0px !important;}\u00a0\u00bb] Nos produits lubrifiants se composent de formulations sp\u00e9cialis\u00e9es test\u00e9es par l&rsquo;industrie, qu&rsquo;elles soient commercialis\u00e9es sous nos marques ou formul\u00e9es sur mesure et sous \u00e9tiquette priv\u00e9e pour [&hellip;]<\/p>\n","protected":false},"author":1,"featured_media":0,"parent":0,"menu_order":0,"comment_status":"closed","ping_status":"closed","template":"","meta":{"om_disable_all_campaigns":false,"_uf_show_specific_survey":0,"_uf_disable_surveys":false,"footnotes":""},"class_list":["post-4145","page","type-page","status-publish","hentry"],"aioseo_notices":[],"_links":{"self":[{"href":"https:\/\/thermal-lube.com\/fr\/wp-json\/wp\/v2\/pages\/4145","targetHints":{"allow":["GET"]}}],"collection":[{"href":"https:\/\/thermal-lube.com\/fr\/wp-json\/wp\/v2\/pages"}],"about":[{"href":"https:\/\/thermal-lube.com\/fr\/wp-json\/wp\/v2\/types\/page"}],"author":[{"embeddable":true,"href":"https:\/\/thermal-lube.com\/fr\/wp-json\/wp\/v2\/users\/1"}],"replies":[{"embeddable":true,"href":"https:\/\/thermal-lube.com\/fr\/wp-json\/wp\/v2\/comments?post=4145"}],"version-history":[{"count":70,"href":"https:\/\/thermal-lube.com\/fr\/wp-json\/wp\/v2\/pages\/4145\/revisions"}],"predecessor-version":[{"id":15292,"href":"https:\/\/thermal-lube.com\/fr\/wp-json\/wp\/v2\/pages\/4145\/revisions\/15292"}],"wp:attachment":[{"href":"https:\/\/thermal-lube.com\/fr\/wp-json\/wp\/v2\/media?parent=4145"}],"curies":[{"name":"wp","href":"https:\/\/api.w.org\/{rel}","templated":true}]}}