{"id":15404,"date":"2026-03-07T16:08:02","date_gmt":"2026-03-07T21:08:02","guid":{"rendered":"https:\/\/thermal-lube.com\/?page_id=15404"},"modified":"2026-03-07T16:13:18","modified_gmt":"2026-03-07T21:13:18","slug":"lubrifiant-pour-cables-metalliques-marins","status":"publish","type":"page","link":"https:\/\/thermal-lube.com\/fr\/applications-du-marche\/marine-lubricants\/lubrifiant-pour-cables-metalliques-marins\/","title":{"rendered":"Lubrifiant pour c\u00e2bles m\u00e9talliques marins"},"content":{"rendered":"<div class=\"wpb-content-wrapper\"><p>[vc_row full_width=\u00a0\u00bbstretch_row\u00a0\u00bb background_position=\u00a0\u00bbcenter center\u00a0\u00bb css=\u00a0\u00bb.vc_custom_1772553531773{background-image: url(https:\/\/thermal-lube.com\/wp-content\/uploads\/DataSheets\/Mil-Cargo-Ship-1600-1.jpg?id=15180) !important;background-position: center !important;background-repeat: no-repeat !important;background-size: cover !important;}\u00a0\u00bb][vc_column width=\u00a0\u00bb2\/3&Prime;][vc_empty_space height=\u00a0\u00bb60px\u00a0\u00bb][vc_row_inner css=\u00a0\u00bb.vc_custom_1632324426350{padding-left: 4px !important;}\u00a0\u00bb][vc_column_inner css=\u00a0\u00bb.vc_custom_1632324624169{border-left-width: 8px !important;background-color: #ffffff !important;border-left-color: #0e469b !important;border-left-style: solid !important;}\u00a0\u00bb][vc_column_text css=\u00a0\u00bb\u00a0\u00bb]<\/p>\n<h1 style=\"font-size: 50px; line-height: 50px; color: #333333; text-align: center;\"><strong>Lubrifiant pour c\u00e2bles m\u00e9talliques marins<\/strong><\/h1>\n<p>[\/vc_column_text][vc_column_text css=\u00a0\u00bb\u00a0\u00bb]<\/p>\n<p style=\"font-size: 24px; line-height: 22px;\">Nos lubrifiants pour c\u00e2bles m\u00e9talliques sont formul\u00e9s pour p\u00e9n\u00e9trer et lubrifier les c\u00e2bles, y compris ceux \u00e0 \u00e2me en polypropyl\u00e8ne. Ils r\u00e9sistent aux fortes variations de temp\u00e9rature et sont efficaces en pr\u00e9sence d&rsquo;eau sal\u00e9e.<\/p>\n<p>&nbsp;<\/p>\n<p style=\"font-size: 24px; line-height: 22px;\">Cliquez sur l&rsquo;un des produits ci-dessous pour en savoir plus.<\/p>\n<p>[\/vc_column_text][vc_empty_space][\/vc_column_inner][\/vc_row_inner][vc_empty_space height=\u00a0\u00bb60px\u00a0\u00bb][\/vc_column][vc_column width=\u00a0\u00bb1\/3&Prime;][\/vc_column][\/vc_row][vc_row][vc_column][vc_empty_space height=\u00a0\u00bb60px\u00a0\u00bb][\/vc_column][\/vc_row][vc_row][vc_column][vc_column_text]<\/p>\n<p style=\"text-align: left;\"><span style=\"font-size: 16px; color: rgba(14,70,155,0.75);\"><strong>Full Product Name on Hover<\/strong><\/span><\/p>\n<p>[\/vc_column_text][\/vc_column][\/vc_row][vc_row][vc_column width=\u00a0\u00bb1\/3&Prime;]<div id=\"nitro_custom_css_166320774\" class=\"image-banner tc text style-13\"><div class=\"pr oh cs-12 cxs-12\"><a href=\"\/fr\/produits-lubrifiants\/lubrifiants-pour-cables-metalliques\/xl2351-2\/\" class=\"dt oh pr cxs-12 cs-12\"><img decoding=\"async\" class=\"front ts-04 cxs-12 cs-12\" src=\"https:\/\/thermal-lube.com\/wp-content\/uploads\/DataSheets\/Mil-Cargo-Ship-1600-1.jpg\" width=\"960\"  height=\"640\" alt=\"Front Image\" \/><\/a><div class=\"content\"><div class=\"inner-content\"><h2>XL2351<\/h2><p>PELLICULE LUBRIFIANTE AVEC GRAPHITE \u00c0 S\u00c9CHAGE RAPIDE POUR TEMP\u00c9ATURES \u00c9L\u00c9V\u00c9ES<\/p><\/div><\/div><\/div><\/div>[vc_empty_space height=\u00a0\u00bb30px\u00a0\u00bb][\/vc_column][vc_column width=\u00a0\u00bb1\/3&Prime;]<div id=\"nitro_custom_css_2131450856\" class=\"image-banner tc text style-13\"><div class=\"pr oh cs-12 cxs-12\"><a href=\"\/fr\/produits-lubrifiants\/lubrifiants-pour-cables-metalliques\/xl6500\/\" class=\"dt oh pr cxs-12 cs-12\"><img decoding=\"async\" class=\"front ts-04 cxs-12 cs-12\" src=\"https:\/\/thermal-lube.com\/wp-content\/uploads\/DataSheets\/Mil-Cargo-Ship-1600-1.jpg\" width=\"960\"  height=\"640\" alt=\"Front Image\" \/><\/a><div class=\"content\"><div class=\"inner-content\"><h2>XL6500<\/h2><p>ENDUIT POUR CABLE D\u2019ACIER D\u00c9PLACE L\u2019EAU ET PREVIENT LA ROUILLE<\/p><\/div><\/div><\/div><\/div>[vc_empty_space height=\u00a0\u00bb30px\u00a0\u00bb][\/vc_column][vc_column width=\u00a0\u00bb1\/3&Prime;]<div id=\"nitro_custom_css_1964710842\" class=\"image-banner tc text style-13\"><div class=\"pr oh cs-12 cxs-12\"><a href=\"\/fr\/produits-lubrifiants\/lubrifiants-pour-cables-metalliques\/xl6570\/\" class=\"dt oh pr cxs-12 cs-12\"><img decoding=\"async\" class=\"front ts-04 cxs-12 cs-12\" src=\"https:\/\/thermal-lube.com\/wp-content\/uploads\/DataSheets\/Mil-Cargo-Ship-1600-1.jpg\" width=\"960\"  height=\"640\" alt=\"Front Image\" \/><\/a><div class=\"content\"><div class=\"inner-content\"><h2>XL6570<\/h2><p>ENDUIT DE CABLE METALLIQUE PTFE COMPATIBLE AVEC LE POLYPROPYLENE ET PREVENTION DE LA ROUILLE ET DEPLACANT L\u2019EAU<\/p><\/div><\/div><\/div><\/div>[vc_empty_space height=\u00a0\u00bb30px\u00a0\u00bb][\/vc_column][\/vc_row][vc_row][vc_column width=\u00a0\u00bb1\/3&Prime;]<div id=\"nitro_custom_css_459890284\" class=\"image-banner tc text style-13\"><div class=\"pr oh cs-12 cxs-12\"><a href=\"\/fr\/produits-lubrifiants\/lubrifiants-pour-cables-metalliques\/xl8707\/\" class=\"dt oh pr cxs-12 cs-12\"><img decoding=\"async\" class=\"front ts-04 cxs-12 cs-12\" src=\"https:\/\/thermal-lube.com\/wp-content\/uploads\/DataSheets\/Mil-Cargo-Ship-1600-1.jpg\" width=\"960\"  height=\"640\" alt=\"Front Image\" \/><\/a><div class=\"content\"><div class=\"inner-content\"><h2>XL8707<\/h2><p>GRAISSE SULFONAT DE CALCUIM FORTIFI\u00c9 EN SILICE<\/p><\/div><\/div><\/div><\/div>[vc_empty_space height=\u00a0\u00bb30px\u00a0\u00bb][\/vc_column][vc_column width=\u00a0\u00bb1\/3&Prime;]<div id=\"nitro_custom_css_2032857417\" class=\"image-banner tc text style-13\"><div class=\"pr oh cs-12 cxs-12\"><a href=\"\/fr\/produits-lubrifiants\/lubrifiants-pour-cables-metalliques\/xl8750\/\" class=\"dt oh pr cxs-12 cs-12\"><img decoding=\"async\" class=\"front ts-04 cxs-12 cs-12\" src=\"https:\/\/thermal-lube.com\/wp-content\/uploads\/DataSheets\/Mil-Cargo-Ship-1600-1.jpg\" width=\"960\"  height=\"640\" alt=\"Front Image\" \/><\/a><div class=\"content\"><div class=\"inner-content\"><h2>XL8750<\/h2><p>GRAISSE AVEC MOLYBD\u00c8NE POUR PRESSIONS EXTR\u00caMES<\/p><\/div><\/div><\/div><\/div>[vc_empty_space height=\u00a0\u00bb30px\u00a0\u00bb][\/vc_column][vc_column width=\u00a0\u00bb1\/3&Prime;]<div id=\"nitro_custom_css_1060846824\" class=\"image-banner tc text style-13\"><div class=\"pr oh cs-12 cxs-12\"><a href=\"\/fr\/produits-lubrifiants\/lubrifiants-pour-cables-metalliques\/xl9571\/\" class=\"dt oh pr cxs-12 cs-12\"><img decoding=\"async\" class=\"front ts-04 cxs-12 cs-12\" src=\"https:\/\/thermal-lube.com\/wp-content\/uploads\/DataSheets\/Mil-Cargo-Ship-1600-1.jpg\" width=\"960\"  height=\"640\" alt=\"Front Image\" \/><\/a><div class=\"content\"><div class=\"inner-content\"><h2>XL9571<\/h2><p>LUBRIFIANT BIO SYNTH\u00c9TIQUE POUR C\u00c2BLES<\/p><\/div><\/div><\/div><\/div>[vc_empty_space height=\u00a0\u00bb30px\u00a0\u00bb][\/vc_column][\/vc_row][vc_row][vc_column][vc_empty_space height=\u00a0\u00bb60px\u00a0\u00bb][\/vc_column][\/vc_row]<\/p>\n<\/div>","protected":false},"excerpt":{"rendered":"<p>[vc_row full_width=\u00a0\u00bbstretch_row\u00a0\u00bb background_position=\u00a0\u00bbcenter center\u00a0\u00bb css=\u00a0\u00bb.vc_custom_1772553531773{background-image: url(https:\/\/thermal-lube.com\/wp-content\/uploads\/DataSheets\/Mil-Cargo-Ship-1600-1.jpg?id=15180) !important;background-position: center !important;background-repeat: no-repeat !important;background-size: cover !important;}\u00a0\u00bb][vc_column width=\u00a0\u00bb2\/3&Prime;][vc_empty_space height=\u00a0\u00bb60px\u00a0\u00bb][vc_row_inner css=\u00a0\u00bb.vc_custom_1632324426350{padding-left: 4px !important;}\u00a0\u00bb][vc_column_inner css=\u00a0\u00bb.vc_custom_1632324624169{border-left-width: 8px !important;background-color: #ffffff !important;border-left-color: #0e469b !important;border-left-style: solid !important;}\u00a0\u00bb][vc_column_text css=\u00a0\u00bb\u00a0\u00bb] Lubrifiant pour c\u00e2bles m\u00e9talliques marins [\/vc_column_text][vc_column_text css=\u00a0\u00bb\u00a0\u00bb] Nos lubrifiants pour c\u00e2bles m\u00e9talliques sont formul\u00e9s pour p\u00e9n\u00e9trer et lubrifier les c\u00e2bles, y compris ceux \u00e0 \u00e2me en polypropyl\u00e8ne. [&hellip;]<\/p>\n","protected":false},"author":2,"featured_media":0,"parent":15219,"menu_order":0,"comment_status":"closed","ping_status":"closed","template":"","meta":{"om_disable_all_campaigns":false,"_uf_show_specific_survey":0,"_uf_disable_surveys":false,"footnotes":""},"class_list":["post-15404","page","type-page","status-publish","hentry"],"aioseo_notices":[],"_links":{"self":[{"href":"https:\/\/thermal-lube.com\/fr\/wp-json\/wp\/v2\/pages\/15404","targetHints":{"allow":["GET"]}}],"collection":[{"href":"https:\/\/thermal-lube.com\/fr\/wp-json\/wp\/v2\/pages"}],"about":[{"href":"https:\/\/thermal-lube.com\/fr\/wp-json\/wp\/v2\/types\/page"}],"author":[{"embeddable":true,"href":"https:\/\/thermal-lube.com\/fr\/wp-json\/wp\/v2\/users\/2"}],"replies":[{"embeddable":true,"href":"https:\/\/thermal-lube.com\/fr\/wp-json\/wp\/v2\/comments?post=15404"}],"version-history":[{"count":6,"href":"https:\/\/thermal-lube.com\/fr\/wp-json\/wp\/v2\/pages\/15404\/revisions"}],"predecessor-version":[{"id":15413,"href":"https:\/\/thermal-lube.com\/fr\/wp-json\/wp\/v2\/pages\/15404\/revisions\/15413"}],"up":[{"embeddable":true,"href":"https:\/\/thermal-lube.com\/fr\/wp-json\/wp\/v2\/pages\/15219"}],"wp:attachment":[{"href":"https:\/\/thermal-lube.com\/fr\/wp-json\/wp\/v2\/media?parent=15404"}],"curies":[{"name":"wp","href":"https:\/\/api.w.org\/{rel}","templated":true}]}}