{"id":15229,"date":"2026-03-03T16:02:00","date_gmt":"2026-03-03T21:02:00","guid":{"rendered":"https:\/\/thermal-lube.com\/?page_id=15229"},"modified":"2026-03-07T14:48:04","modified_gmt":"2026-03-07T19:48:04","slug":"marin-hydraulique-engrenage","status":"publish","type":"page","link":"https:\/\/thermal-lube.com\/fr\/applications-du-marche\/marine-lubricants\/marin-hydraulique-engrenage\/","title":{"rendered":"Marin Hydraulique et Engrenage"},"content":{"rendered":"<div class=\"wpb-content-wrapper\"><p>[vc_row full_width=\u00a0\u00bbstretch_row\u00a0\u00bb background_position=\u00a0\u00bbcenter center\u00a0\u00bb css=\u00a0\u00bb.vc_custom_1772553531773{background-image: url(https:\/\/thermal-lube.com\/wp-content\/uploads\/DataSheets\/Mil-Cargo-Ship-1600-1.jpg?id=15180) !important;background-position: center !important;background-repeat: no-repeat !important;background-size: cover !important;}\u00a0\u00bb][vc_column width=\u00a0\u00bb2\/3&Prime;][vc_empty_space height=\u00a0\u00bb60px\u00a0\u00bb][vc_row_inner css=\u00a0\u00bb.vc_custom_1632324426350{padding-left: 4px !important;}\u00a0\u00bb][vc_column_inner css=\u00a0\u00bb.vc_custom_1632324624169{border-left-width: 8px !important;background-color: #ffffff !important;border-left-color: #0e469b !important;border-left-style: solid !important;}\u00a0\u00bb][vc_column_text css=\u00a0\u00bb\u00a0\u00bb]<\/p>\n<h1 style=\"font-size: 50px; line-height: 50px; color: #333333; text-align: center;\"><strong>Fluides Marin Hydrauliques, Compresseures, et Engrenages<\/strong><\/h1>\n<p>[\/vc_column_text][vc_column_text css=\u00a0\u00bb\u00a0\u00bb]<\/p>\n<p style=\"font-size: 24px; line-height: 22px;\">Nos fluides hydrauliques et compresseures sont formul\u00e9s \u00e0 partir de diff\u00e9rents fluides de base pour fonctionner sur une large gamme de temp\u00e9ratures et avec des intervalles de vidange prolong\u00e9s.<br \/>\nNos lubrifiants pour engrenages sont formul\u00e9s pour r\u00e9duire la friction et l&rsquo;usure des surfaces des dents d&rsquo;engrenage, \u00e9vacuer la chaleur g\u00e9n\u00e9r\u00e9e par l&rsquo;engrenage en fonctionnement et offrir une protection anticorrosion renforc\u00e9e. Ils contiennent des additifs pour les applications \u00e0 pression extr\u00eame, sont compatibles avec la plupart des joints d&rsquo;\u00e9tanch\u00e9it\u00e9 et fonctionnent sur une large plage de temp\u00e9ratures..<\/p>\n<p>&nbsp;<\/p>\n<p style=\"font-size: 24px; line-height: 22px;\">Cliquez sur l&rsquo;un des produits ci-dessous pour en savoir plus.<\/p>\n<p>[\/vc_column_text][vc_empty_space][\/vc_column_inner][\/vc_row_inner][vc_empty_space height=\u00a0\u00bb60px\u00a0\u00bb][\/vc_column][vc_column width=\u00a0\u00bb1\/3&Prime;][\/vc_column][\/vc_row][vc_row][vc_column][vc_empty_space height=\u00a0\u00bb60px\u00a0\u00bb][\/vc_column][\/vc_row][vc_row][vc_column][vc_column_text css=\u00a0\u00bb\u00a0\u00bb]<\/p>\n<p style=\"text-align: left;\"><span style=\"font-size: 16px; color: rgba(14,70,155,0.75);\"><strong>Pointer sur un produit pour voir le nom complet<\/strong><\/span><\/p>\n<p>[\/vc_column_text][\/vc_column][\/vc_row][vc_row][vc_column width=\u00a0\u00bb1\/3&Prime;]<div id=\"nitro_custom_css_1906211009\" class=\"image-banner tc text style-13\"><div class=\"pr oh cs-12 cxs-12\"><a href=\"\/fr\/produits-lubrifiants\/lubrifiants-hydrauliques\/xl5146\/\" class=\"dt oh pr cxs-12 cs-12\"><img decoding=\"async\" class=\"front ts-04 cxs-12 cs-12\" src=\"https:\/\/thermal-lube.com\/wp-content\/uploads\/DataSheets\/Mil-Cargo-Ship-1600-1.jpg\" width=\"960\"  height=\"640\" alt=\"Front Image\" \/><\/a><div class=\"content\"><div class=\"inner-content\"><h2>XL5146<\/h2><p>FLUIDE HYDRAULIQUE INFLAMMABLE EAU-GLYCOL<\/p><\/div><\/div><\/div><\/div>[vc_empty_space height=\u00a0\u00bb30px\u00a0\u00bb][\/vc_column][vc_column width=\u00a0\u00bb1\/3&Prime;]<div id=\"nitro_custom_css_608747776\" class=\"image-banner tc text style-13\"><div class=\"pr oh cs-12 cxs-12\"><a href=\"\/fr\/biodegradable\/xl5168\/\" class=\"dt oh pr cxs-12 cs-12\"><img decoding=\"async\" class=\"front ts-04 cxs-12 cs-12\" src=\"https:\/\/thermal-lube.com\/wp-content\/uploads\/DataSheets\/Mil-Cargo-Ship-1600-1.jpg\" width=\"960\"  height=\"640\" alt=\"Front Image\" \/><\/a><div class=\"content\"><div class=\"inner-content\"><h2>XL5168<\/h2><p>FLUIDE HYDRAULIQUE RESISTANT AU FEU, BIODEGRADABLE, ET APPROUVE PAR FACTORY MUTUAL<\/p><\/div><\/div><\/div><\/div>[vc_empty_space height=\u00a0\u00bb30px\u00a0\u00bb][\/vc_column][vc_column width=\u00a0\u00bb1\/3&Prime;]<div id=\"nitro_custom_css_1605337625\" class=\"image-banner tc text style-13\"><div class=\"pr oh cs-12 cxs-12\"><a href=\"\/fr\/produits-lubrifiants\/huiles-engrenages-industriels\/xl7316\/\" class=\"dt oh pr cxs-12 cs-12\"><img decoding=\"async\" class=\"front ts-04 cxs-12 cs-12\" src=\"https:\/\/thermal-lube.com\/wp-content\/uploads\/DataSheets\/Mil-Cargo-Ship-1600-1.jpg\" width=\"960\"  height=\"640\" alt=\"Front Image\" \/><\/a><div class=\"content\"><div class=\"inner-content\"><h2>XL7316<\/h2><p>HUILE SYNTH\u00c9TIQUE PAO POUR ENGRENAGES INDUSTRIELS<\/p><\/div><\/div><\/div><\/div>[vc_empty_space height=\u00a0\u00bb30px\u00a0\u00bb][\/vc_column][\/vc_row][vc_row][vc_column width=\u00a0\u00bb1\/3&Prime;]<div id=\"nitro_custom_css_687396000\" class=\"image-banner tc text style-13\"><div class=\"pr oh cs-12 cxs-12\"><a href=\"\/fr\/produits-lubrifiants\/lubrifiants-hydrauliques\/14652-2\/\" class=\"dt oh pr cxs-12 cs-12\"><img decoding=\"async\" class=\"front ts-04 cxs-12 cs-12\" src=\"https:\/\/thermal-lube.com\/wp-content\/uploads\/DataSheets\/Mil-Cargo-Ship-1600-1.jpg\" width=\"960\"  height=\"640\" alt=\"Front Image\" \/><\/a><div class=\"content\"><div class=\"inner-content\"><h2>XL7325<\/h2><p>FLUIDE HYDRAULIQUE SYNTH\u00c9TIQUE ANTI-USURE, ANTI-ROUILLE, ET ANTIOXYDANT<\/p><\/div><\/div><\/div><\/div>[vc_empty_space height=\u00a0\u00bb30px\u00a0\u00bb][\/vc_column][vc_column width=\u00a0\u00bb1\/3&Prime;]<div id=\"nitro_custom_css_750214614\" class=\"image-banner tc text style-13\"><div class=\"pr oh cs-12 cxs-12\"><a href=\"\/fr\/produits-lubrifiants\/huiles-alimentaire\/xl7330\/\" class=\"dt oh pr cxs-12 cs-12\"><img decoding=\"async\" class=\"front ts-04 cxs-12 cs-12\" src=\"https:\/\/thermal-lube.com\/wp-content\/uploads\/DataSheets\/Mil-Cargo-Ship-1600-1.jpg\" width=\"960\"  height=\"640\" alt=\"Front Image\" \/><\/a><div class=\"content\"><div class=\"inner-content\"><h2>XL7330<\/h2><p>HUILE PAO SYNTH\u00c9TIQUE POUR COMPRESSEURS<\/p><\/div><\/div><\/div><\/div>[vc_empty_space height=\u00a0\u00bb30px\u00a0\u00bb][\/vc_column][vc_column width=\u00a0\u00bb1\/3&Prime;]<div id=\"nitro_custom_css_1457742139\" class=\"image-banner tc text style-13\"><div class=\"pr oh cs-12 cxs-12\"><a href=\"\/fr\/produits-lubrifiants\/huiles-alimentaire\/xl7331\/\" class=\"dt oh pr cxs-12 cs-12\"><img decoding=\"async\" class=\"front ts-04 cxs-12 cs-12\" src=\"https:\/\/thermal-lube.com\/wp-content\/uploads\/DataSheets\/Mil-Cargo-Ship-1600-1.jpg\" width=\"960\"  height=\"640\" alt=\"Front Image\" \/><\/a><div class=\"content\"><div class=\"inner-content\"><h2>XL7331<\/h2><p>HUILE \u00c0 BASE D\u2019ESTER SYNTH\u00c9TIQUE POUR COMPRESSEURS<\/p><\/div><\/div><\/div><\/div>[vc_empty_space height=\u00a0\u00bb30px\u00a0\u00bb][\/vc_column][\/vc_row][vc_row][vc_column width=\u00a0\u00bb1\/3&Prime;]<div id=\"nitro_custom_css_492833386\" class=\"image-banner tc text style-13\"><div class=\"pr oh cs-12 cxs-12\"><a href=\"\/fr\/biodegradable\/huiles-biodegradables\/xl9525\/\" class=\"dt oh pr cxs-12 cs-12\"><img decoding=\"async\" class=\"front ts-04 cxs-12 cs-12\" src=\"https:\/\/thermal-lube.com\/wp-content\/uploads\/DataSheets\/Mil-Cargo-Ship-1600-1.jpg\" width=\"960\"  height=\"640\" alt=\"Front Image\" \/><\/a><div class=\"content\"><div class=\"inner-content\"><h2>XL9525<\/h2><p>HUILE HYDRAULIQUE ECOSYNTHETIQUE<\/p><\/div><\/div><\/div><\/div>[vc_empty_space height=\u00a0\u00bb30px\u00a0\u00bb][\/vc_column][vc_column width=\u00a0\u00bb1\/3&Prime;]<div id=\"nitro_custom_css_348373787\" class=\"image-banner tc text style-13\"><div class=\"pr oh cs-12 cxs-12\"><a href=\"\/fr\/biodegradable\/huiles-biodegradables\/xl9536\/\" class=\"dt oh pr cxs-12 cs-12\"><img decoding=\"async\" class=\"front ts-04 cxs-12 cs-12\" src=\"https:\/\/thermal-lube.com\/wp-content\/uploads\/DataSheets\/Mil-Cargo-Ship-1600-1.jpg\" width=\"960\"  height=\"640\" alt=\"Front Image\" \/><\/a><div class=\"content\"><div class=\"inner-content\"><h2>XL9536<\/h2><p>FLUIDE BIODEGRADABLE POUR ENGRENAGES ET ROULEMENTS<\/p><\/div><\/div><\/div><\/div>[vc_empty_space height=\u00a0\u00bb30px\u00a0\u00bb][\/vc_column][vc_column width=\u00a0\u00bb1\/3&Prime;]<div id=\"nitro_custom_css_571123133\" class=\"image-banner tc text style-13\"><div class=\"pr oh cs-12 cxs-12\"><a href=\"\/fr\/produits-lubrifiants\/huiles-basse-temperature\/xl9539\/\" class=\"dt oh pr cxs-12 cs-12\"><img decoding=\"async\" class=\"front ts-04 cxs-12 cs-12\" src=\"https:\/\/thermal-lube.com\/wp-content\/uploads\/DataSheets\/Mil-Cargo-Ship-1600-1.jpg\" width=\"960\"  height=\"640\" alt=\"Front Image\" \/><\/a><div class=\"content\"><div class=\"inner-content\"><h2>XL9539<\/h2><p>FLUIDE BIO-HYDRAULIQUE POUR APPLICATIONS HUMIDES ET MARINES<\/p><\/div><\/div><\/div><\/div>[vc_empty_space height=\u00a0\u00bb30px\u00a0\u00bb][\/vc_column][\/vc_row][vc_row][vc_column][vc_empty_space height=\u00a0\u00bb60px\u00a0\u00bb][\/vc_column][\/vc_row]<\/p>\n<\/div>","protected":false},"excerpt":{"rendered":"<p>[vc_row full_width=\u00a0\u00bbstretch_row\u00a0\u00bb background_position=\u00a0\u00bbcenter center\u00a0\u00bb css=\u00a0\u00bb.vc_custom_1772553531773{background-image: url(https:\/\/thermal-lube.com\/wp-content\/uploads\/DataSheets\/Mil-Cargo-Ship-1600-1.jpg?id=15180) !important;background-position: center !important;background-repeat: no-repeat !important;background-size: cover !important;}\u00a0\u00bb][vc_column width=\u00a0\u00bb2\/3&Prime;][vc_empty_space height=\u00a0\u00bb60px\u00a0\u00bb][vc_row_inner css=\u00a0\u00bb.vc_custom_1632324426350{padding-left: 4px !important;}\u00a0\u00bb][vc_column_inner css=\u00a0\u00bb.vc_custom_1632324624169{border-left-width: 8px !important;background-color: #ffffff !important;border-left-color: #0e469b !important;border-left-style: solid !important;}\u00a0\u00bb][vc_column_text css=\u00a0\u00bb\u00a0\u00bb] Fluides Marin Hydrauliques, Compresseures, et Engrenages [\/vc_column_text][vc_column_text css=\u00a0\u00bb\u00a0\u00bb] Nos fluides hydrauliques et compresseures sont formul\u00e9s \u00e0 partir de diff\u00e9rents fluides de base pour fonctionner sur une large [&hellip;]<\/p>\n","protected":false},"author":2,"featured_media":0,"parent":15219,"menu_order":0,"comment_status":"closed","ping_status":"closed","template":"","meta":{"om_disable_all_campaigns":false,"_uf_show_specific_survey":0,"_uf_disable_surveys":false,"footnotes":""},"class_list":["post-15229","page","type-page","status-publish","hentry"],"aioseo_notices":[],"_links":{"self":[{"href":"https:\/\/thermal-lube.com\/fr\/wp-json\/wp\/v2\/pages\/15229","targetHints":{"allow":["GET"]}}],"collection":[{"href":"https:\/\/thermal-lube.com\/fr\/wp-json\/wp\/v2\/pages"}],"about":[{"href":"https:\/\/thermal-lube.com\/fr\/wp-json\/wp\/v2\/types\/page"}],"author":[{"embeddable":true,"href":"https:\/\/thermal-lube.com\/fr\/wp-json\/wp\/v2\/users\/2"}],"replies":[{"embeddable":true,"href":"https:\/\/thermal-lube.com\/fr\/wp-json\/wp\/v2\/comments?post=15229"}],"version-history":[{"count":28,"href":"https:\/\/thermal-lube.com\/fr\/wp-json\/wp\/v2\/pages\/15229\/revisions"}],"predecessor-version":[{"id":15397,"href":"https:\/\/thermal-lube.com\/fr\/wp-json\/wp\/v2\/pages\/15229\/revisions\/15397"}],"up":[{"embeddable":true,"href":"https:\/\/thermal-lube.com\/fr\/wp-json\/wp\/v2\/pages\/15219"}],"wp:attachment":[{"href":"https:\/\/thermal-lube.com\/fr\/wp-json\/wp\/v2\/media?parent=15229"}],"curies":[{"name":"wp","href":"https:\/\/api.w.org\/{rel}","templated":true}]}}