{"id":15219,"date":"2026-03-03T15:45:39","date_gmt":"2026-03-03T20:45:39","guid":{"rendered":"https:\/\/thermal-lube.com\/?page_id=15219"},"modified":"2026-03-07T16:11:53","modified_gmt":"2026-03-07T21:11:53","slug":"marine-lubricants","status":"publish","type":"page","link":"https:\/\/thermal-lube.com\/fr\/applications-du-marche\/marine-lubricants\/","title":{"rendered":"Lubrifiants Marin"},"content":{"rendered":"<div class=\"wpb-content-wrapper\"><p>[vc_row full_width=\u00a0\u00bbstretch_row\u00a0\u00bb background_position=\u00a0\u00bbcenter center\u00a0\u00bb css=\u00a0\u00bb.vc_custom_1772553452906{background-image: url(https:\/\/thermal-lube.com\/wp-content\/uploads\/DataSheets\/Mil-Cargo-Ship-1600-1.jpg?id=15180) !important;background-position: center !important;background-repeat: no-repeat !important;background-size: cover !important;}\u00a0\u00bb][vc_column width=\u00a0\u00bb2\/3&Prime;][vc_empty_space height=\u00a0\u00bb60px\u00a0\u00bb][vc_row_inner css=\u00a0\u00bb.vc_custom_1632324426350{padding-left: 4px !important;}\u00a0\u00bb][vc_column_inner css=\u00a0\u00bb.vc_custom_1632324624169{border-left-width: 8px !important;background-color: #ffffff !important;border-left-color: #0e469b !important;border-left-style: solid !important;}\u00a0\u00bb][vc_column_text css=\u00a0\u00bb\u00a0\u00bb]<\/p>\n<h1 style=\"font-size: 50px; line-height: 50px; color: #333333; text-align: center;\"><span style=\"font-size: 50px;\">Lubrifiants Marins<\/span><\/h1>\n<p>[\/vc_column_text][vc_column_text css=\u00a0\u00bb\u00a0\u00bb]<\/p>\n<h5 style=\"font-size: 24px; line-height: 22px;\">Les lubrifiants marins sont formul\u00e9s pour r\u00e9sister aux conditions extr\u00eames auxquelles sont soumis les navires et les \u00e9quipements maritimes. Pour assurer une lubrification efficace, ils doivent absorber les vibrations \u00e0 haute fr\u00e9quence, contr\u00f4ler les variations de temp\u00e9rature et r\u00e9sister aux produits chimiques, aux contaminants et \u00e0 l&rsquo;eau sal\u00e9e.<br \/>\nLa tendance aux lubrifiants biod\u00e9gradables et peu toxiques s&rsquo;impose rapidement comme la norme, et nous d\u00e9veloppons constamment notre gamme de produits bio-marins pour r\u00e9pondre \u00e0 cette demande.<\/h5>\n<h5 style=\"font-size: 24px; line-height: 22px;\">Cliquez sur l&rsquo;une des cat\u00e9gories de produits ci-dessous pour en savoir plus.<\/h5>\n<p>[\/vc_column_text][\/vc_column_inner][\/vc_row_inner][vc_empty_space height=\u00a0\u00bb60px\u00a0\u00bb][\/vc_column][vc_column width=\u00a0\u00bb1\/3&Prime;][\/vc_column][\/vc_row][vc_row][vc_column][vc_empty_space height=\u00a0\u00bb60px\u00a0\u00bb][\/vc_column][\/vc_row][vc_row][vc_column width=\u00a0\u00bb1\/3&Prime;]<div id=\"nitro_custom_css_1477049313\" class=\"image-banner tc text style-3\"><div class=\"pr oh cs-12 cxs-12\"><a href=\"\/fr\/applications-du-marche\/marine-lubricants\/graisse-marin\/\" class=\"dt oh pr cxs-12 cs-12\"><img decoding=\"async\" class=\"front ts-04 cxs-12 cs-12\" src=\"https:\/\/thermal-lube.com\/wp-content\/uploads\/DataSheets\/Mil-Cargo-Ship-1600-1.jpg\" width=\"960\"  height=\"640\" alt=\"Front Image\" \/><\/a><div class=\"content\"><div class=\"inner-content\"><h2>GRAISSES<\/h2><p><\/p><\/div><\/div><\/div><\/div>[vc_empty_space height=\u00a0\u00bb30px\u00a0\u00bb][\/vc_column][vc_column width=\u00a0\u00bb1\/3&Prime;]<div id=\"nitro_custom_css_722361066\" class=\"image-banner tc text style-3\"><div class=\"pr oh cs-12 cxs-12\"><a href=\"\/fr\/applications-du-marche\/marine-lubricants\/marin-hydraulique-engrenage\/\" class=\"dt oh pr cxs-12 cs-12\"><img decoding=\"async\" class=\"front ts-04 cxs-12 cs-12\" src=\"https:\/\/thermal-lube.com\/wp-content\/uploads\/DataSheets\/Mil-Cargo-Ship-1600-1.jpg\" width=\"960\"  height=\"640\" alt=\"Front Image\" \/><\/a><div class=\"content\"><div class=\"inner-content\"><h2>FLUIDES HYDRAULIQUES, COMPRESSEURES, ET ENGRENAGES<\/h2><p><\/p><\/div><\/div><\/div><\/div>[vc_empty_space height=\u00a0\u00bb30px\u00a0\u00bb][\/vc_column][vc_column width=\u00a0\u00bb1\/3&Prime;]<div id=\"nitro_custom_css_1508516690\" class=\"image-banner tc text style-3\"><div class=\"pr oh cs-12 cxs-12\"><a href=\"\/fr\/applications-du-marche\/marine-lubricants\/additifs-carburants-anti-fuites-marins\/\" class=\"dt oh pr cxs-12 cs-12\"><img decoding=\"async\" class=\"front ts-04 cxs-12 cs-12\" src=\"https:\/\/thermal-lube.com\/wp-content\/uploads\/DataSheets\/Mil-Cargo-Ship-1600-1.jpg\" width=\"960\"  height=\"640\" alt=\"Front Image\" \/><\/a><div class=\"content\"><div class=\"inner-content\"><h2>PR\u00c9VENTION DES FUITES ET DES ADDITIFS POUR CARBURANT<\/h2><p><\/p><\/div><\/div><\/div><\/div>[vc_empty_space height=\u00a0\u00bb30px\u00a0\u00bb][\/vc_column][\/vc_row][vc_row][vc_column width=\u00a0\u00bb1\/3&Prime;]<div id=\"nitro_custom_css_2144759400\" class=\"image-banner tc text style-3\"><div class=\"pr oh cs-12 cxs-12\"><a href=\"\/fr\/applications-du-marche\/marine-lubricants\/lubrifiant-pour-cables-metalliques-marins\/\" class=\"dt oh pr cxs-12 cs-12\"><img decoding=\"async\" class=\"front ts-04 cxs-12 cs-12\" src=\"https:\/\/thermal-lube.com\/wp-content\/uploads\/DataSheets\/Mil-Cargo-Ship-1600-1.jpg\" width=\"960\"  height=\"640\" alt=\"Front Image\" \/><\/a><div class=\"content\"><div class=\"inner-content\"><h2>LUBRIFICATION ET ENTRETIEN DES C\u00c2BLES M\u00c9TALLIQUES<\/h2><p><\/p><\/div><\/div><\/div><\/div>[vc_empty_space height=\u00a0\u00bb30px\u00a0\u00bb][\/vc_column][\/vc_row][vc_row][vc_column][vc_empty_space height=\u00a0\u00bb60px\u00a0\u00bb][\/vc_column][\/vc_row]<\/p>\n<\/div>","protected":false},"excerpt":{"rendered":"<p>[vc_row full_width=\u00a0\u00bbstretch_row\u00a0\u00bb background_position=\u00a0\u00bbcenter center\u00a0\u00bb css=\u00a0\u00bb.vc_custom_1772553452906{background-image: url(https:\/\/thermal-lube.com\/wp-content\/uploads\/DataSheets\/Mil-Cargo-Ship-1600-1.jpg?id=15180) !important;background-position: center !important;background-repeat: no-repeat !important;background-size: cover !important;}\u00a0\u00bb][vc_column width=\u00a0\u00bb2\/3&Prime;][vc_empty_space height=\u00a0\u00bb60px\u00a0\u00bb][vc_row_inner css=\u00a0\u00bb.vc_custom_1632324426350{padding-left: 4px !important;}\u00a0\u00bb][vc_column_inner css=\u00a0\u00bb.vc_custom_1632324624169{border-left-width: 8px !important;background-color: #ffffff !important;border-left-color: #0e469b !important;border-left-style: solid !important;}\u00a0\u00bb][vc_column_text css=\u00a0\u00bb\u00a0\u00bb] Lubrifiants Marins [\/vc_column_text][vc_column_text css=\u00a0\u00bb\u00a0\u00bb] Les lubrifiants marins sont formul\u00e9s pour r\u00e9sister aux conditions extr\u00eames auxquelles sont soumis les navires et les \u00e9quipements maritimes. Pour assurer une lubrification [&hellip;]<\/p>\n","protected":false},"author":2,"featured_media":0,"parent":4152,"menu_order":0,"comment_status":"closed","ping_status":"closed","template":"","meta":{"om_disable_all_campaigns":false,"_uf_show_specific_survey":0,"_uf_disable_surveys":false,"footnotes":""},"class_list":["post-15219","page","type-page","status-publish","hentry"],"aioseo_notices":[],"_links":{"self":[{"href":"https:\/\/thermal-lube.com\/fr\/wp-json\/wp\/v2\/pages\/15219","targetHints":{"allow":["GET"]}}],"collection":[{"href":"https:\/\/thermal-lube.com\/fr\/wp-json\/wp\/v2\/pages"}],"about":[{"href":"https:\/\/thermal-lube.com\/fr\/wp-json\/wp\/v2\/types\/page"}],"author":[{"embeddable":true,"href":"https:\/\/thermal-lube.com\/fr\/wp-json\/wp\/v2\/users\/2"}],"replies":[{"embeddable":true,"href":"https:\/\/thermal-lube.com\/fr\/wp-json\/wp\/v2\/comments?post=15219"}],"version-history":[{"count":20,"href":"https:\/\/thermal-lube.com\/fr\/wp-json\/wp\/v2\/pages\/15219\/revisions"}],"predecessor-version":[{"id":15411,"href":"https:\/\/thermal-lube.com\/fr\/wp-json\/wp\/v2\/pages\/15219\/revisions\/15411"}],"up":[{"embeddable":true,"href":"https:\/\/thermal-lube.com\/fr\/wp-json\/wp\/v2\/pages\/4152"}],"wp:attachment":[{"href":"https:\/\/thermal-lube.com\/fr\/wp-json\/wp\/v2\/media?parent=15219"}],"curies":[{"name":"wp","href":"https:\/\/api.w.org\/{rel}","templated":true}]}}